{"id":8808,"date":"2018-05-29T16:02:53","date_gmt":"2018-05-29T14:02:53","guid":{"rendered":"https:\/\/jordan-matcon.pl\/ochrona-danych\/"},"modified":"2023-06-27T10:02:32","modified_gmt":"2023-06-27T08:02:32","slug":"ochrona-danych","status":"publish","type":"page","link":"https:\/\/jordan-matcon.pl\/de\/ochrona-danych\/","title":{"rendered":"Datenschutz"},"content":{"rendered":"<!--themify_builder_content-->\n<div id=\"themify_builder_content-8808\" data-postid=\"8808\" class=\"themify_builder_content themify_builder_content-8808 themify_builder tf_clear\">\n    \t\t\t<!-- module_row -->\n\t<div  data-css_id=\"f180997\" data-lazy=\"1\" class=\"module_row themify_builder_row fullwidth_row_container tb_f180997 tb_first tf_w tf_clearfix wow\" data-tf-animation=\"fadeIn\">\n\t    \t\t\t<div class=\"row_inner col_align_top tb_col_count_1 tf_box tf_rel\">\n\t\t            <div  data-lazy=\"1\" class=\"module_column tb-column col-full tb_bfda1fb first\">\n                                                        <div class=\"tb-column-inner tf_box tf_w\">\n                        <!-- module text -->\n<div  class=\"module module-text tb_046ebaf  repeat \" data-lazy=\"1\">\n        <div  class=\"tb_text_wrap\">\n    <h3>Datenschutz<\/h3>    <\/div>\n<\/div>\n<!-- \/module text -->                    <\/div>\n                            <\/div>\n            \t    <\/div>\n\t    <!-- \/row_inner -->\n\t<\/div>\n\t<!-- \/module_row -->\n\t\t\t\t<!-- module_row -->\n\t<div  data-lazy=\"1\" class=\"module_row themify_builder_row tb_afd8642 tf_w tf_clearfix\">\n\t    \t\t\t<div class=\"row_inner col_align_top tb_col_count_1 tf_box tf_rel\">\n\t\t            <div  data-lazy=\"1\" class=\"module_column tb-column col-full tb_5fcee44 first\">\n                                                        <div class=\"tb-column-inner tf_box tf_w\">\n                        <!-- module text -->\n<div  class=\"module module-text tb_e146f8d  repeat \" data-lazy=\"1\">\n        <div  class=\"tb_text_wrap\">\n    <h4><b>Informationsklausel f\u00fcr Auftragnehmer der JORDAN matcon Sp. z o.o.<\/b><\/h4>\n<div>\u00a0<\/div>\n<p style=\"text-align: justify;\">In Erf\u00fcllung der Informationspflicht nach der Verordnung (EU) 2016\/679 des Europ\u00e4ischen Parlaments und des Rates vom 27. April 2016 zum Schutz nat\u00fcrlicher Personen bei der Verarbeitung personenbezogener Daten, zum freien Datenverkehr und zur Aufhebung der Richtlinie 95\/46\/EG (Datenschutz-Grundverordnung) &#8211; im Folgenden &#8222;RODO&#8220; genannt &#8211; informieren wir Sie hiermit, dass:<\/p>\n<p style=\"text-align: justify;\"><strong>1.<\/strong>\u00a0Der Verwalter Ihrer pers\u00f6nlichen Daten wie Name, Vorname, E-Mail-Adresse, Telefonnummer, Arbeitsort, Position und andere \u00e4hnliche Daten ist JORDAN matcon Sp. z o.o. mit Sitz in \u015aroda Wielkopolska, 63-000, Kijewo 50.<\/p>\n<p style=\"text-align: justify;\">Kontakt ist m\u00f6glich unter adresem:\u00a0<strong style=\"background-color: initial; font-size: 1em;\"><a style=\"color: #002f5b;\" href=\"mailto:ochronadanych@jordan-matcon.pl\">ochronadanych@jordan-matcon.pl<\/a>.<\/strong><\/p>\n<p style=\"text-align: justify;\">Der Verwalter f\u00fchrt Verarbeitungen der folgenden Kategorien Ihrer personenbezogenen Daten durch:<\/p>\n<div style=\"text-align: justify;\"><span style=\"background-color: initial; font-size: 1em;\">&#8211; Name<\/span><\/div>\n<div style=\"text-align: justify;\"><span style=\"background-color: initial; font-size: 1em;\">&#8211; Nachname<\/span><\/div>\n<div style=\"text-align: justify;\"><span style=\"background-color: initial; font-size: 1em;\">&#8211; E-Mail Adresse<\/span><\/div>\n<div style=\"text-align: justify;\"><span style=\"background-color: initial; font-size: 1em;\">&#8211; Rufnummer<\/span><\/div>\n<div style=\"text-align: justify;\"><span style=\"background-color: initial; font-size: 1em;\">&#8211; Arbeitsort<\/span><\/div>\n<div style=\"text-align: justify;\"><span style=\"background-color: initial; font-size: 1em;\">&#8211; Position\/Funktion und \u00c4hnliches.<\/span><\/div>\n<p style=\"text-align: justify;\"><strong>2.<\/strong>\u00a0Ihre personenbezogenen Daten werden auf der Grundlage von Artikel 6 Absatz 1 Buchstabe f der DSGVO verarbeitet, um die kommerzielle und gesch\u00e4ftliche Zusammenarbeit zwischen dem Verwalter und Ihnen oder zwischen dem Verwalter und dem von Ihnen vertretenen Unternehmen durchzuf\u00fchren.<\/p>\n<p style=\"text-align: justify;\"><strong>3. <\/strong>Ihre personenbezogenen Daten k\u00f6nnen an Einrichtungen, die die IT-Infrastruktur bereitstellen und warten, sowie an Unterauftragnehmer des Verwalters, die Dienstleistungen f\u00fcr den Verwalter erbringen, wie z. B. Banken, Versand- und Kurierunternehmen, die Waren ausliefern, usw., \u00fcbermittelt werden.<\/p>\n<p style=\"text-align: justify;\"><strong>4.<\/strong>\u00a0Der Verwalter hat Ihre pers\u00f6nlichen Daten durch den Erhalt einer E-Mail von Ihnen, durch ein Telefongespr\u00e4ch mit Ihnen, durch den Besuch eines Vertriebsmitarbeiters oder eines anderen Vertreters des Verwalters oder durch die Beschaffung auf \u00f6ffentlich zug\u00e4nglichen Websites erhalten.<\/p>\n<p style=\"text-align: justify;\"><strong>5.<\/strong>\u00a0Ihre personenbezogenen Daten werden elektronisch und in Papierform verarbeitet, bis Sie Widerspruch einlegen. Der Widerspruch kann sich auch auf die Art der verarbeiteten personenbezogenen Daten beziehen, wenn Sie behaupten, dass der Verwalter auch andere als die in Punkt 1 dieser Mitteilung genannten Daten verarbeitet.<\/p>\n<p style=\"text-align: justify;\"><strong>6.<\/strong>\u00a0Sie haben das Recht auf Zugang, Berichtigung, L\u00f6schung oder Einschr\u00e4nkung der Verarbeitung Ihrer personenbezogenen Daten, das Recht auf Widerspruch gegen eine solche Verarbeitung und das Recht auf Daten\u00fcbertragbarkeit.<\/p>\n<p style=\"text-align: justify;\"><strong>7.<\/strong>\u00a0Sie haben das Recht, eine Beschwerde bei der Aufsichtsbeh\u00f6rde (Pr\u00e4sident der Datenschutzbeh\u00f6rde) einzureichen, und das Recht, Ihre Zustimmung zur Verarbeitung Ihrer personenbezogenen Daten zu widerrufen.<\/p>\n<p style=\"text-align: justify;\"><strong>8.<\/strong> Ihre Daten werden nicht auf automatisierte Weise verarbeitet, auch nicht durch Profiling.<\/p>\n<p style=\"text-align: right;\">Mit freundlichen Gr\u00fc\u00dfen<br>Vorstand der Jordan matcon Sp. z o.o.<\/p>    <\/div>\n<\/div>\n<!-- \/module text -->                    <\/div>\n                            <\/div>\n            \t    <\/div>\n\t    <!-- \/row_inner -->\n\t<\/div>\n\t<!-- \/module_row -->\n\t<\/div>\n<!--\/themify_builder_content-->","protected":false},"excerpt":{"rendered":"<p>Datenschutz Informationsklausel f\u00fcr Auftragnehmer der JORDAN matcon Sp. z o.o. \u00a0 In Erf\u00fcllung der Informationspflicht nach der Verordnung (EU) 2016\/679 des Europ\u00e4ischen Parlaments und des Rates vom 27. April 2016 zum Schutz nat\u00fcrlicher Personen bei der Verarbeitung personenbezogener Daten, zum freien Datenverkehr und zur Aufhebung der Richtlinie 95\/46\/EG (Datenschutz-Grundverordnung) &#8211; im Folgenden &#8222;RODO&#8220; genannt &#8211; [&hellip;]<\/p>\n","protected":false},"author":4,"featured_media":0,"parent":0,"menu_order":0,"comment_status":"closed","ping_status":"closed","template":"","meta":{"om_disable_all_campaigns":false},"builder_content":"<h3>Datenschutz<\/h3>\n<h4><b>Informationsklausel f\u00fcr Auftragnehmer der JORDAN matcon Sp. z o.o.<\/b><\/h4> \u00a0 <p style=\"text-align: justify;\">In Erf\u00fcllung der Informationspflicht nach der Verordnung (EU) 2016\/679 des Europ\u00e4ischen Parlaments und des Rates vom 27. April 2016 zum Schutz nat\u00fcrlicher Personen bei der Verarbeitung personenbezogener Daten, zum freien Datenverkehr und zur Aufhebung der Richtlinie 95\/46\/EG (Datenschutz-Grundverordnung) - im Folgenden \"RODO\" genannt - informieren wir Sie hiermit, dass:<\/p> <p style=\"text-align: justify;\"><strong>1.<\/strong>\u00a0Der Verwalter Ihrer pers\u00f6nlichen Daten wie Name, Vorname, E-Mail-Adresse, Telefonnummer, Arbeitsort, Position und andere \u00e4hnliche Daten ist JORDAN matcon Sp. z o.o. mit Sitz in \u015aroda Wielkopolska, 63-000, Kijewo 50.<\/p> <p style=\"text-align: justify;\">Kontakt ist m\u00f6glich unter adresem:\u00a0<strong style=\"background-color: initial; font-size: 1em;\"><a style=\"color: #002f5b;\" href=\"mailto:ochronadanych@jordan-matcon.pl\">ochronadanych@jordan-matcon.pl<\/a>.<\/strong><\/p> <p style=\"text-align: justify;\">Der Verwalter f\u00fchrt Verarbeitungen der folgenden Kategorien Ihrer personenbezogenen Daten durch:<\/p> - Name - Nachname - E-Mail Adresse - Rufnummer - Arbeitsort - Position\/Funktion und \u00c4hnliches. <p style=\"text-align: justify;\"><strong>2.<\/strong>\u00a0Ihre personenbezogenen Daten werden auf der Grundlage von Artikel 6 Absatz 1 Buchstabe f der DSGVO verarbeitet, um die kommerzielle und gesch\u00e4ftliche Zusammenarbeit zwischen dem Verwalter und Ihnen oder zwischen dem Verwalter und dem von Ihnen vertretenen Unternehmen durchzuf\u00fchren.<\/p> <p style=\"text-align: justify;\"><strong>3. <\/strong>Ihre personenbezogenen Daten k\u00f6nnen an Einrichtungen, die die IT-Infrastruktur bereitstellen und warten, sowie an Unterauftragnehmer des Verwalters, die Dienstleistungen f\u00fcr den Verwalter erbringen, wie z. B. Banken, Versand- und Kurierunternehmen, die Waren ausliefern, usw., \u00fcbermittelt werden.<\/p> <p style=\"text-align: justify;\"><strong>4.<\/strong>\u00a0Der Verwalter hat Ihre pers\u00f6nlichen Daten durch den Erhalt einer E-Mail von Ihnen, durch ein Telefongespr\u00e4ch mit Ihnen, durch den Besuch eines Vertriebsmitarbeiters oder eines anderen Vertreters des Verwalters oder durch die Beschaffung auf \u00f6ffentlich zug\u00e4nglichen Websites erhalten.<\/p> <p style=\"text-align: justify;\"><strong>5.<\/strong>\u00a0Ihre personenbezogenen Daten werden elektronisch und in Papierform verarbeitet, bis Sie Widerspruch einlegen. Der Widerspruch kann sich auch auf die Art der verarbeiteten personenbezogenen Daten beziehen, wenn Sie behaupten, dass der Verwalter auch andere als die in Punkt 1 dieser Mitteilung genannten Daten verarbeitet.<\/p> <p style=\"text-align: justify;\"><strong>6.<\/strong>\u00a0Sie haben das Recht auf Zugang, Berichtigung, L\u00f6schung oder Einschr\u00e4nkung der Verarbeitung Ihrer personenbezogenen Daten, das Recht auf Widerspruch gegen eine solche Verarbeitung und das Recht auf Daten\u00fcbertragbarkeit.<\/p> <p style=\"text-align: justify;\"><strong>7.<\/strong>\u00a0Sie haben das Recht, eine Beschwerde bei der Aufsichtsbeh\u00f6rde (Pr\u00e4sident der Datenschutzbeh\u00f6rde) einzureichen, und das Recht, Ihre Zustimmung zur Verarbeitung Ihrer personenbezogenen Daten zu widerrufen.<\/p> <p style=\"text-align: justify;\"><strong>8.<\/strong> Ihre Daten werden nicht auf automatisierte Weise verarbeitet, auch nicht durch Profiling.<\/p> <p style=\"text-align: right;\">Mit freundlichen Gr\u00fc\u00dfen<br>Vorstand der Jordan matcon Sp. z o.o.<\/p>","_links":{"self":[{"href":"https:\/\/jordan-matcon.pl\/de\/wp-json\/wp\/v2\/pages\/8808"}],"collection":[{"href":"https:\/\/jordan-matcon.pl\/de\/wp-json\/wp\/v2\/pages"}],"about":[{"href":"https:\/\/jordan-matcon.pl\/de\/wp-json\/wp\/v2\/types\/page"}],"author":[{"embeddable":true,"href":"https:\/\/jordan-matcon.pl\/de\/wp-json\/wp\/v2\/users\/4"}],"replies":[{"embeddable":true,"href":"https:\/\/jordan-matcon.pl\/de\/wp-json\/wp\/v2\/comments?post=8808"}],"version-history":[{"count":3,"href":"https:\/\/jordan-matcon.pl\/de\/wp-json\/wp\/v2\/pages\/8808\/revisions"}],"predecessor-version":[{"id":10196,"href":"https:\/\/jordan-matcon.pl\/de\/wp-json\/wp\/v2\/pages\/8808\/revisions\/10196"}],"wp:attachment":[{"href":"https:\/\/jordan-matcon.pl\/de\/wp-json\/wp\/v2\/media?parent=8808"}],"curies":[{"name":"wp","href":"https:\/\/api.w.org\/{rel}","templated":true}]}}