{"id":7977,"date":"2017-12-08T10:52:28","date_gmt":"2017-12-08T09:52:28","guid":{"rendered":"https:\/\/jordan-matcon.pl\/technische-kunststoffe\/psu\/"},"modified":"2023-11-06T22:58:19","modified_gmt":"2023-11-06T21:58:19","slug":"psu","status":"publish","type":"page","link":"https:\/\/jordan-matcon.pl\/de\/technische-kunststoffe\/psu\/","title":{"rendered":"PSU"},"content":{"rendered":"<p><\/p>\n<!--themify_builder_content-->\n<div id=\"themify_builder_content-7977\" data-postid=\"7977\" class=\"themify_builder_content themify_builder_content-7977 themify_builder tf_clear\">\n    \t\t\t<!-- module_row -->\n\t<div  data-css_id=\"62708fb\" data-lazy=\"1\" class=\"module_row themify_builder_row fullwidth_row_container tb_62708fb tb_first tf_w tf_clearfix wow\" data-tf-animation=\"fadeIn\">\n\t    \t\t\t<div class=\"row_inner col_align_top tb_col_count_1 tf_box tf_rel\">\n\t\t            <div  data-lazy=\"1\" class=\"module_column tb-column col-full tb_197d568 first\">\n                                                        <div class=\"tb-column-inner tf_box tf_w\">\n                        <!-- module text -->\n<div  class=\"module module-text tb_e671ff8  repeat \" data-lazy=\"1\">\n        <div  class=\"tb_text_wrap\">\n    <h2>Polysulfon (PSU)<\/h2><p>Polysulfon (PSU) besitzt eine gute W\u00e4rmeform- und W\u00e4rmealterungsbest\u00e4ndigkeit. Weiterhin besitzt PSU eine hohe H\u00e4rte und Festigkeit, sehr gute Hydrolyse- und hohe Strahlenbest\u00e4ndigkeit. PSU ist kerbempfindlich.<\/p>    <\/div>\n<\/div>\n<!-- \/module text -->\t<div  data-lazy=\"1\" class=\"module_subrow themify_builder_sub_row tb_792a090 tf_w tf_clearfix\">\n\t    \t\t\t<div class=\"subrow_inner col_align_top tb_col_count_3 tf_box tf_w\">\n\t\t            <div  data-lazy=\"1\" class=\"module_column sub_column col3-1 tb_0e26412 first\">\n                                                        <div class=\"tb-column-inner tf_box tf_w\">\n                        <!-- module text -->\n<div  class=\"module module-text tb_0526f6e  repeat \" data-lazy=\"1\">\n        <div  class=\"tb_text_wrap\">\n    <h3>Eigenschaften:<\/h3><ul><li>hohe Z\u00e4higkeit auch bei K\u00e4lte<\/li><li>sehr hohe Dimensionsstabilit\u00e4t<\/li><li>hohe Chemikalienbest\u00e4ndigkeit<\/li><li>hohe Durchl\u00e4ssigkeit gegen Mikrowellen<\/li><\/ul>    <\/div>\n<\/div>\n<!-- \/module text -->                    <\/div>\n                            <\/div>\n                        <div  data-lazy=\"1\" class=\"module_column sub_column col3-1 tb_1e64802\">\n                                                        <div class=\"tb-column-inner tf_box tf_w\">\n                        <!-- module text -->\n<div  class=\"module module-text tb_3bdfc64  repeat \" data-lazy=\"1\">\n        <div  class=\"tb_text_wrap\">\n    <h3>Anwendungen:<\/h3><ul><li>Teile f\u00fcr Mikrowellenherde, Haartrockner, Bauteile im Lebensmittelbereich<\/li><li>Pumpenr\u00e4der,<\/li><li>Isolatoren,<\/li><li>Teile in der Medizintechnik<\/li><\/ul>    <\/div>\n<\/div>\n<!-- \/module text --><!-- module text -->\n<div  class=\"module module-text tb_aa138d1  repeat \" data-lazy=\"1\">\n        <div  class=\"tb_text_wrap\">\n    <h3>Sorten:<\/h3><ul><li>PSU 1,24 g\/cm\u00b3<\/li><li>Lieferformen: Rundst\u00e4be und Platten<\/li><\/ul>    <\/div>\n<\/div>\n<!-- \/module text -->                    <\/div>\n                            <\/div>\n                        <div  data-lazy=\"1\" class=\"module_column sub_column col3-1 tb_93cc720 last\">\n                                                        <div class=\"tb-column-inner tf_box tf_w\">\n                        <!-- module image -->\n<div  class=\"module module-image tb_e34ab1b   image-top auto_fullwidth tf_mw\" data-lazy=\"1\">\n        <div class=\"image-wrap tf_rel tf_mw\">\n\t\t    <img src=\"\/wp-content\/uploads\/2018\/01\/PSU.jpg\" title=\"PSU\" alt=\"PSU\">\t\n\t\t<\/div>\n\t<!-- \/image-wrap -->\n    \n    \t<\/div>\n<!-- \/module image -->                    <\/div>\n                            <\/div>\n            \t    <\/div>\n\t<\/div><!-- \/themify_builder_sub_row -->\n\t<!-- module text -->\n<div  class=\"module module-text tb_27fc3ca  repeat \" data-lazy=\"1\">\n        <div  class=\"tb_text_wrap\">\n    \n<table id=\"tablepress-52\" class=\"tablepress tablepress-id-52\">\n<thead>\n<tr class=\"row-1 odd\">\n\t<th class=\"column-1\"> Polisulfon PSU 1,24 g\/cm\u00b3<\/th><th class=\"column-2\">Okr\u0105g\u0142e<\/th><th class=\"column-3\">Tuleje<\/th><th class=\"column-4\">P\u0142yty<\/th><th class=\"column-5\">Sze\u015bciok\u0105ty<\/th>\n<\/tr>\n<\/thead>\n<tbody class=\"row-hover\">\n<tr class=\"row-2 even\">\n\t<td class=\"column-1\">PSU 1,24 g\/cm\u00b3<\/td><td class=\"column-2\">x<\/td><td class=\"column-3\"><\/td><td class=\"column-4\">x<\/td><td class=\"column-5\"><\/td>\n<\/tr>\n<\/tbody>\n<\/table>\n    <\/div>\n<\/div>\n<!-- \/module text -->                    <\/div>\n                            <\/div>\n            \t    <\/div>\n\t    <!-- \/row_inner -->\n\t<\/div>\n\t<!-- \/module_row -->\n\t<\/div>\n<!--\/themify_builder_content-->","protected":false},"excerpt":{"rendered":"","protected":false},"author":4,"featured_media":0,"parent":7655,"menu_order":0,"comment_status":"closed","ping_status":"closed","template":"","meta":{"om_disable_all_campaigns":false},"builder_content":"<h2>Polysulfon (PSU)<\/h2><p>Polysulfon (PSU) besitzt eine gute W\u00e4rmeform- und W\u00e4rmealterungsbest\u00e4ndigkeit. Weiterhin besitzt PSU eine hohe H\u00e4rte und Festigkeit, sehr gute Hydrolyse- und hohe Strahlenbest\u00e4ndigkeit. PSU ist kerbempfindlich.<\/p>\n<h3>Eigenschaften:<\/h3><ul><li>hohe Z\u00e4higkeit auch bei K\u00e4lte<\/li><li>sehr hohe Dimensionsstabilit\u00e4t<\/li><li>hohe Chemikalienbest\u00e4ndigkeit<\/li><li>hohe Durchl\u00e4ssigkeit gegen Mikrowellen<\/li><\/ul>\n<h3>Anwendungen:<\/h3><ul><li>Teile f\u00fcr Mikrowellenherde, Haartrockner, Bauteile im Lebensmittelbereich<\/li><li>Pumpenr\u00e4der,<\/li><li>Isolatoren,<\/li><li>Teile in der Medizintechnik<\/li><\/ul>\n<h3>Sorten:<\/h3><ul><li>PSU 1,24 g\/cm\u00b3<\/li><li>Lieferformen: Rundst\u00e4be und Platten<\/li><\/ul>\n<img src=\"\/wp-content\/uploads\/2018\/01\/PSU.jpg\" title=\"PSU\" alt=\"PSU\">\n[table id=52 \/]","_links":{"self":[{"href":"https:\/\/jordan-matcon.pl\/de\/wp-json\/wp\/v2\/pages\/7977"}],"collection":[{"href":"https:\/\/jordan-matcon.pl\/de\/wp-json\/wp\/v2\/pages"}],"about":[{"href":"https:\/\/jordan-matcon.pl\/de\/wp-json\/wp\/v2\/types\/page"}],"author":[{"embeddable":true,"href":"https:\/\/jordan-matcon.pl\/de\/wp-json\/wp\/v2\/users\/4"}],"replies":[{"embeddable":true,"href":"https:\/\/jordan-matcon.pl\/de\/wp-json\/wp\/v2\/comments?post=7977"}],"version-history":[{"count":3,"href":"https:\/\/jordan-matcon.pl\/de\/wp-json\/wp\/v2\/pages\/7977\/revisions"}],"predecessor-version":[{"id":10484,"href":"https:\/\/jordan-matcon.pl\/de\/wp-json\/wp\/v2\/pages\/7977\/revisions\/10484"}],"up":[{"embeddable":true,"href":"https:\/\/jordan-matcon.pl\/de\/wp-json\/wp\/v2\/pages\/7655"}],"wp:attachment":[{"href":"https:\/\/jordan-matcon.pl\/de\/wp-json\/wp\/v2\/media?parent=7977"}],"curies":[{"name":"wp","href":"https:\/\/api.w.org\/{rel}","templated":true}]}}