{"id":7959,"date":"2017-12-08T09:44:09","date_gmt":"2017-12-08T08:44:09","guid":{"rendered":"https:\/\/jordan-matcon.pl\/technische-kunststoffe\/ppe\/"},"modified":"2023-11-06T22:52:43","modified_gmt":"2023-11-06T21:52:43","slug":"ppe","status":"publish","type":"page","link":"https:\/\/jordan-matcon.pl\/de\/technische-kunststoffe\/ppe\/","title":{"rendered":"PPE"},"content":{"rendered":"<p><\/p>\n<!--themify_builder_content-->\n<div id=\"themify_builder_content-7959\" data-postid=\"7959\" class=\"themify_builder_content themify_builder_content-7959 themify_builder tf_clear\">\n    \t\t\t<!-- module_row -->\n\t<div  data-css_id=\"0d7cefb\" data-lazy=\"1\" class=\"module_row themify_builder_row fullwidth_row_container tb_0d7cefb tb_first tf_w tf_clearfix wow\" data-tf-animation=\"fadeIn\">\n\t    \t\t\t<div class=\"row_inner col_align_top tb_col_count_1 tf_box tf_rel\">\n\t\t            <div  data-lazy=\"1\" class=\"module_column tb-column col-full tb_18305f6 first\">\n                                                        <div class=\"tb-column-inner tf_box tf_w\">\n                        <!-- module text -->\n<div  class=\"module module-text tb_30cbb11  repeat \" data-lazy=\"1\">\n        <div  class=\"tb_text_wrap\">\n    <h2>Polyphenylenether (PPE)<\/h2><p>Polyphenylenether (PPE) ist ein amorpher Werkstoff mit einer Dauergebrauchstemperatur von ca. -50 \u00b0C bis ca. +105 \u00b0C.Es besitzt eine gute Schlagz\u00e4higkeit, sehr hohe Dimensionsstabilit\u00e4t und eine sehr geringe Kriechneigung. Die elektrischen Eigenschaften sind nahezu unabh\u00e4ngig von der anliegenden Frequenz und erm\u00f6glichen somit viele Anwendungen in der Elektrotechnik.<\/p>    <\/div>\n<\/div>\n<!-- \/module text -->\t<div  data-lazy=\"1\" class=\"module_subrow themify_builder_sub_row tb_7b2c5aa tf_w tf_clearfix\">\n\t    \t\t\t<div class=\"subrow_inner col_align_top tb_col_count_3 tf_box tf_w\">\n\t\t            <div  data-lazy=\"1\" class=\"module_column sub_column col3-1 tb_2f7202c first\">\n                                                        <div class=\"tb-column-inner tf_box tf_w\">\n                        <!-- module text -->\n<div  class=\"module module-text tb_0ed30cb  repeat \" data-lazy=\"1\">\n        <div  class=\"tb_text_wrap\">\n    <h3>Eigenschaften:<\/h3><ul><li>hohe Dimensionsstabilit\u00e4t<\/li><li>geringe Kriechneigung<\/li><li>hohe W\u00e4rmeformbest\u00e4ndigkeit<\/li><li>hohe Schlagz\u00e4higkeit<\/li><li>gute elektrische Eigenschaften<\/li><li>hohe Hydrolysebest\u00e4ndigkeit<\/li><li>selbstverl\u00f6schend<\/li><li>unbest\u00e4ndig gegen\u00fcber einigen Kohlenwasserstoffen<\/li><\/ul>    <\/div>\n<\/div>\n<!-- \/module text -->                    <\/div>\n                            <\/div>\n                        <div  data-lazy=\"1\" class=\"module_column sub_column col3-1 tb_6a11e69\">\n                                                        <div class=\"tb-column-inner tf_box tf_w\">\n                        <!-- module text -->\n<div  class=\"module module-text tb_709e342  repeat \" data-lazy=\"1\">\n        <div  class=\"tb_text_wrap\">\n    <h3>Anwendungen:<\/h3><ul><li>Isolierteile in der Elektroindustrie, Lauf- und Zahnr\u00e4der<\/li><li>Automobilindustrie<\/li><\/ul>    <\/div>\n<\/div>\n<!-- \/module text --><!-- module text -->\n<div  class=\"module module-text tb_0ca6742  repeat \" data-lazy=\"1\">\n        <div  class=\"tb_text_wrap\">\n    <h3>Sorten:<\/h3><ul><li>PPE 1,10 g\/cm\u00b3<\/li><li>PPE-30 GF 1,29 g\/cm\u00b3<\/li><li>Lieferformen: Rundst\u00e4be und Platten.<\/li><\/ul>    <\/div>\n<\/div>\n<!-- \/module text -->                    <\/div>\n                            <\/div>\n                        <div  data-lazy=\"1\" class=\"module_column sub_column col3-1 tb_903471d last\">\n                                                        <div class=\"tb-column-inner tf_box tf_w\">\n                        <!-- module image -->\n<div  class=\"module module-image tb_640287f   image-top auto_fullwidth tf_mw\" data-lazy=\"1\">\n        <div class=\"image-wrap tf_rel tf_mw\">\n\t\t    <img src=\"\/wp-content\/uploads\/2018\/01\/PPE.jpg\" title=\"PPE\" alt=\"PPE\">\t\n\t\t<\/div>\n\t<!-- \/image-wrap -->\n    \n    \t<\/div>\n<!-- \/module image -->                    <\/div>\n                            <\/div>\n            \t    <\/div>\n\t<\/div><!-- \/themify_builder_sub_row -->\n\t<!-- module text -->\n<div  class=\"module module-text tb_24ae55a  repeat \" data-lazy=\"1\">\n        <div  class=\"tb_text_wrap\">\n    \n<table id=\"tablepress-49\" class=\"tablepress tablepress-id-49\">\n<thead>\n<tr class=\"row-1 odd\">\n\t<th class=\"column-1\">Polifenyloeter (PPE)<\/th><th class=\"column-2\">Okr\u0105g\u0142e<\/th><th class=\"column-3\">Tuleje<\/th><th class=\"column-4\">P\u0142yty<\/th><th class=\"column-5\">Sze\u015bciok\u0105ty<\/th>\n<\/tr>\n<\/thead>\n<tbody class=\"row-hover\">\n<tr class=\"row-2 even\">\n\t<td class=\"column-1\">PPE 1,10 g\/cm\u00b3<\/td><td class=\"column-2\">x<\/td><td class=\"column-3\"><\/td><td class=\"column-4\">x<\/td><td class=\"column-5\"><\/td>\n<\/tr>\n<tr class=\"row-3 odd\">\n\t<td class=\"column-1\">PPE-30 GF 1,29 g\/cm\u00b3<\/td><td class=\"column-2\">x<\/td><td class=\"column-3\"><\/td><td class=\"column-4\"><\/td><td class=\"column-5\"><\/td>\n<\/tr>\n<\/tbody>\n<\/table>\n    <\/div>\n<\/div>\n<!-- \/module text -->                    <\/div>\n                            <\/div>\n            \t    <\/div>\n\t    <!-- \/row_inner -->\n\t<\/div>\n\t<!-- \/module_row -->\n\t<\/div>\n<!--\/themify_builder_content-->","protected":false},"excerpt":{"rendered":"","protected":false},"author":4,"featured_media":0,"parent":7655,"menu_order":0,"comment_status":"closed","ping_status":"closed","template":"","meta":{"om_disable_all_campaigns":false},"builder_content":"<h2>Polyphenylenether (PPE)<\/h2><p>Polyphenylenether (PPE) ist ein amorpher Werkstoff mit einer Dauergebrauchstemperatur von ca. -50 \u00b0C bis ca. +105 \u00b0C.Es besitzt eine gute Schlagz\u00e4higkeit, sehr hohe Dimensionsstabilit\u00e4t und eine sehr geringe Kriechneigung. Die elektrischen Eigenschaften sind nahezu unabh\u00e4ngig von der anliegenden Frequenz und erm\u00f6glichen somit viele Anwendungen in der Elektrotechnik.<\/p>\n<h3>Eigenschaften:<\/h3><ul><li>hohe Dimensionsstabilit\u00e4t<\/li><li>geringe Kriechneigung<\/li><li>hohe W\u00e4rmeformbest\u00e4ndigkeit<\/li><li>hohe Schlagz\u00e4higkeit<\/li><li>gute elektrische Eigenschaften<\/li><li>hohe Hydrolysebest\u00e4ndigkeit<\/li><li>selbstverl\u00f6schend<\/li><li>unbest\u00e4ndig gegen\u00fcber einigen Kohlenwasserstoffen<\/li><\/ul>\n<h3>Anwendungen:<\/h3><ul><li>Isolierteile in der Elektroindustrie, Lauf- und Zahnr\u00e4der<\/li><li>Automobilindustrie<\/li><\/ul>\n<h3>Sorten:<\/h3><ul><li>PPE 1,10 g\/cm\u00b3<\/li><li>PPE-30 GF 1,29 g\/cm\u00b3<\/li><li>Lieferformen: Rundst\u00e4be und Platten.<\/li><\/ul>\n<img src=\"\/wp-content\/uploads\/2018\/01\/PPE.jpg\" title=\"PPE\" alt=\"PPE\">\n[table id=49 \/]","_links":{"self":[{"href":"https:\/\/jordan-matcon.pl\/de\/wp-json\/wp\/v2\/pages\/7959"}],"collection":[{"href":"https:\/\/jordan-matcon.pl\/de\/wp-json\/wp\/v2\/pages"}],"about":[{"href":"https:\/\/jordan-matcon.pl\/de\/wp-json\/wp\/v2\/types\/page"}],"author":[{"embeddable":true,"href":"https:\/\/jordan-matcon.pl\/de\/wp-json\/wp\/v2\/users\/4"}],"replies":[{"embeddable":true,"href":"https:\/\/jordan-matcon.pl\/de\/wp-json\/wp\/v2\/comments?post=7959"}],"version-history":[{"count":3,"href":"https:\/\/jordan-matcon.pl\/de\/wp-json\/wp\/v2\/pages\/7959\/revisions"}],"predecessor-version":[{"id":10471,"href":"https:\/\/jordan-matcon.pl\/de\/wp-json\/wp\/v2\/pages\/7959\/revisions\/10471"}],"up":[{"embeddable":true,"href":"https:\/\/jordan-matcon.pl\/de\/wp-json\/wp\/v2\/pages\/7655"}],"wp:attachment":[{"href":"https:\/\/jordan-matcon.pl\/de\/wp-json\/wp\/v2\/media?parent=7959"}],"curies":[{"name":"wp","href":"https:\/\/api.w.org\/{rel}","templated":true}]}}