{"id":7884,"date":"2022-08-29T10:39:36","date_gmt":"2022-08-29T08:39:36","guid":{"rendered":"https:\/\/jordan-matcon.pl\/technische-kunststoffe\/abs\/"},"modified":"2023-11-06T22:33:06","modified_gmt":"2023-11-06T21:33:06","slug":"abs","status":"publish","type":"page","link":"https:\/\/jordan-matcon.pl\/de\/technische-kunststoffe\/abs\/","title":{"rendered":"ABS"},"content":{"rendered":"<!--themify_builder_content-->\n<div id=\"themify_builder_content-7884\" data-postid=\"7884\" class=\"themify_builder_content themify_builder_content-7884 themify_builder tf_clear\">\n    \t\t\t<!-- module_row -->\n\t<div  data-css_id=\"146186a\" data-lazy=\"1\" class=\"module_row themify_builder_row fullwidth tb_146186a tb_first tf_w tf_clearfix wow\" data-tf-animation=\"fadeIn\">\n\t    \t\t\t<div class=\"row_inner col_align_top tb_col_count_1 tf_box tf_rel\">\n\t\t            <div  data-lazy=\"1\" class=\"module_column tb-column col-full tb_d71d1b2 first\">\n                                                        <div class=\"tb-column-inner tf_box tf_w\">\n                        <!-- module text -->\n<div  class=\"module module-text tb_f09a5ae  repeat \" data-lazy=\"1\">\n        <div  class=\"tb_text_wrap\">\n    <h2>Acrylnitril-Butadien-Styrol-Copolymer  (ABS)<br \/><br \/><\/h2>\r\n<p>Acrylnitril-Butadien-Styrol-Copolymer (ABS) verf\u00fcgt \u00fcber eine gute W\u00e4rmeformbest\u00e4ndigkeit und auch bei tiefen Temperaturen \u00fcber eine hohe Schlagz\u00e4higkeit. ABS ist hart, kratzfest und besitzt eine gute Dimensionsstabilit\u00e4t. Dieser Kunststoff bildet eine hochwertige, mattgl\u00e4nzende und kratzfeste Oberfl\u00e4che und ist sehr gut galvanisierbar.<\/p>    <\/div>\n<\/div>\n<!-- \/module text -->\t<div  data-lazy=\"1\" class=\"module_subrow themify_builder_sub_row tb_b51ca92 tf_w tf_clearfix\">\n\t    \t\t\t<div class=\"subrow_inner col_align_top tb_col_count_3 tf_box tf_w\">\n\t\t            <div  data-lazy=\"1\" class=\"module_column sub_column col3-1 tb_4b9a681 first\">\n                                                        <div class=\"tb-column-inner tf_box tf_w\">\n                        <!-- module text -->\n<div  class=\"module module-text tb_4c532b6  repeat \" data-lazy=\"1\">\n        <div  class=\"tb_text_wrap\">\n    <h3>Eigenschaften:<\/h3><ul><li>hohe Festigkeit und Steifigkeit<\/li><li>hohe Kratzfestigkeit<\/li><li>hohe Oberfl\u00e4chenh\u00e4rte<\/li><li>hohe Schlagz\u00e4higkeit<\/li><li>bedingt best\u00e4ndig gegen S\u00e4ure und Laugen<\/li><li>hohe Dimensionsstabilit\u00e4t<\/li><li>nicht witterungsbest\u00e4ndig<\/li><\/ul>    <\/div>\n<\/div>\n<!-- \/module text -->                    <\/div>\n                            <\/div>\n                        <div  data-lazy=\"1\" class=\"module_column sub_column col3-1 tb_2cdb6a5\">\n                                                        <div class=\"tb-column-inner tf_box tf_w\">\n                        <!-- module text -->\n<div  class=\"module module-text tb_0106bcc  repeat \" data-lazy=\"1\">\n        <div  class=\"tb_text_wrap\">\n    <h3>Anwendungen:<\/h3>\r\n<ul>\r\n<li>Geh\u00e4useteile, Geh\u00e4use, Medizintechnik<\/li>\r\n<li>Anwendungen mit hoher Schlagz\u00e4higkeit<\/li>\r\n<\/ul>    <\/div>\n<\/div>\n<!-- \/module text --><!-- module text -->\n<div  class=\"module module-text tb_1ce4ae6  repeat \" data-lazy=\"1\">\n        <div  class=\"tb_text_wrap\">\n    <h3>Sorten:<\/h3>\r\n<ul>\r\n<li>ABS 1,07 g\/cm\u00b3<\/li>\r\n<li>Lieferformen: Rundst\u00e4be und Platten<\/li>\r\n<\/ul>\r\n    <\/div>\n<\/div>\n<!-- \/module text -->                    <\/div>\n                            <\/div>\n                        <div  data-lazy=\"1\" class=\"module_column sub_column col3-1 tb_e85affe last\">\n                                                        <div class=\"tb-column-inner tf_box tf_w\">\n                        <!-- module image -->\n<div  class=\"module module-image tb_aee2c2b   image-top auto_fullwidth tf_mw\" data-lazy=\"1\">\n        <div class=\"image-wrap tf_rel tf_mw\">\n\t\t    <img src=\"\/wp-content\/uploads\/2018\/01\/ABS-2.jpg\" title=\"ABS\" alt=\"ABS\">\t\n\t\t<\/div>\n\t<!-- \/image-wrap -->\n    \n    \t<\/div>\n<!-- \/module image -->                    <\/div>\n                            <\/div>\n            \t    <\/div>\n\t<\/div><!-- \/themify_builder_sub_row -->\n\t<!-- module text -->\n<div  class=\"module module-text tb_0472468  repeat \" data-lazy=\"1\">\n        <div  class=\"tb_text_wrap\">\n    \n<table id=\"tablepress-142\" class=\"tablepress tablepress-id-142\">\n<thead>\n<tr class=\"row-1 odd\">\n\t<th class=\"column-1\">Acrylnitril-Butadien-Styrol-Copolymer (ABS) <\/th><th class=\"column-2\">Rundst\u00e4be<\/th><th class=\"column-3\">Hohlst\u00e4be<\/th><th class=\"column-4\">Platten<\/th><th class=\"column-5\">Sechskantst\u00e4be<\/th>\n<\/tr>\n<\/thead>\n<tbody class=\"row-hover\">\n<tr class=\"row-2 even\">\n\t<td class=\"column-1\">ABS 1,07 g\/cm\u00b3<\/td><td class=\"column-2\">x<\/td><td class=\"column-3\"><\/td><td class=\"column-4\">x<\/td><td class=\"column-5\"><\/td>\n<\/tr>\n<\/tbody>\n<\/table>\n    <\/div>\n<\/div>\n<!-- \/module text -->                    <\/div>\n                            <\/div>\n            \t    <\/div>\n\t    <!-- \/row_inner -->\n\t<\/div>\n\t<!-- \/module_row -->\n\t<\/div>\n<!--\/themify_builder_content-->","protected":false},"excerpt":{"rendered":"<p>Acrylnitril-Butadien-Styrol-Copolymer (ABS) Acrylnitril-Butadien-Styrol-Copolymer (ABS) verf\u00fcgt \u00fcber eine gute W\u00e4rmeformbest\u00e4ndigkeit und auch bei tiefen Temperaturen \u00fcber eine hohe Schlagz\u00e4higkeit. ABS ist hart, kratzfest und besitzt eine gute Dimensionsstabilit\u00e4t. Dieser Kunststoff bildet eine hochwertige, mattgl\u00e4nzende und kratzfeste Oberfl\u00e4che und ist sehr gut galvanisierbar.<\/p>\n","protected":false},"author":4,"featured_media":0,"parent":7655,"menu_order":1,"comment_status":"closed","ping_status":"closed","template":"","meta":{"om_disable_all_campaigns":false},"builder_content":"<h2>Acrylnitril-Butadien-Styrol-Copolymer (ABS)<br \/><br \/><\/h2>\n<p>Acrylnitril-Butadien-Styrol-Copolymer (ABS) verf\u00fcgt \u00fcber eine gute W\u00e4rmeformbest\u00e4ndigkeit und auch bei tiefen Temperaturen \u00fcber eine hohe Schlagz\u00e4higkeit. ABS ist hart, kratzfest und besitzt eine gute Dimensionsstabilit\u00e4t. Dieser Kunststoff bildet eine hochwertige, mattgl\u00e4nzende und kratzfeste Oberfl\u00e4che und ist sehr gut galvanisierbar.<\/p>\n<h3>Eigenschaften:<\/h3><ul><li>hohe Festigkeit und Steifigkeit<\/li><li>hohe Kratzfestigkeit<\/li><li>hohe Oberfl\u00e4chenh\u00e4rte<\/li><li>hohe Schlagz\u00e4higkeit<\/li><li>bedingt best\u00e4ndig gegen S\u00e4ure und Laugen<\/li><li>hohe Dimensionsstabilit\u00e4t<\/li><li>nicht witterungsbest\u00e4ndig<\/li><\/ul>\n<h3>Anwendungen:<\/h3>\n<ul>\n<li>Geh\u00e4useteile, Geh\u00e4use, Medizintechnik<\/li>\n<li>Anwendungen mit hoher Schlagz\u00e4higkeit<\/li>\n<\/ul>\n<h3>Sorten:<\/h3>\n<ul>\n<li>ABS 1,07 g\/cm\u00b3<\/li>\n<li>Lieferformen: Rundst\u00e4be und Platten<\/li>\n<\/ul>\n<img src=\"\/wp-content\/uploads\/2018\/01\/ABS-2.jpg\" title=\"ABS\" alt=\"ABS\">\n<p>[table id=142\/]<\/p>","_links":{"self":[{"href":"https:\/\/jordan-matcon.pl\/de\/wp-json\/wp\/v2\/pages\/7884"}],"collection":[{"href":"https:\/\/jordan-matcon.pl\/de\/wp-json\/wp\/v2\/pages"}],"about":[{"href":"https:\/\/jordan-matcon.pl\/de\/wp-json\/wp\/v2\/types\/page"}],"author":[{"embeddable":true,"href":"https:\/\/jordan-matcon.pl\/de\/wp-json\/wp\/v2\/users\/4"}],"replies":[{"embeddable":true,"href":"https:\/\/jordan-matcon.pl\/de\/wp-json\/wp\/v2\/comments?post=7884"}],"version-history":[{"count":3,"href":"https:\/\/jordan-matcon.pl\/de\/wp-json\/wp\/v2\/pages\/7884\/revisions"}],"predecessor-version":[{"id":10433,"href":"https:\/\/jordan-matcon.pl\/de\/wp-json\/wp\/v2\/pages\/7884\/revisions\/10433"}],"up":[{"embeddable":true,"href":"https:\/\/jordan-matcon.pl\/de\/wp-json\/wp\/v2\/pages\/7655"}],"wp:attachment":[{"href":"https:\/\/jordan-matcon.pl\/de\/wp-json\/wp\/v2\/media?parent=7884"}],"curies":[{"name":"wp","href":"https:\/\/api.w.org\/{rel}","templated":true}]}}