{"id":7882,"date":"2022-08-26T14:37:17","date_gmt":"2022-08-26T12:37:17","guid":{"rendered":"https:\/\/jordan-matcon.pl\/technische-kunststoffe\/europlex\/"},"modified":"2022-08-30T09:59:48","modified_gmt":"2022-08-30T07:59:48","slug":"europlex","status":"publish","type":"page","link":"https:\/\/jordan-matcon.pl\/de\/technische-kunststoffe\/europlex\/","title":{"rendered":"Europlex"},"content":{"rendered":"<!--themify_builder_content-->\n<div id=\"themify_builder_content-7882\" data-postid=\"7882\" class=\"themify_builder_content themify_builder_content-7882 themify_builder tf_clear\">\n    \t\t\t<!-- module_row -->\n\t<div  data-css_id=\"9323c92\" data-lazy=\"1\" class=\"module_row themify_builder_row fullwidth tb_9323c92 tb_first tf_w tf_clearfix wow\" data-tf-animation=\"fadeIn\">\n\t    \t\t\t<div class=\"row_inner col_align_top tb_col_count_1 tf_box tf_rel\">\n\t\t            <div  data-lazy=\"1\" class=\"module_column tb-column col-full tb_ee035f3 first\">\n                                                        <div class=\"tb-column-inner tf_box tf_w\">\n                        <!-- module text -->\n<div  class=\"module module-text tb_743a26f  repeat \" data-lazy=\"1\">\n        <div  class=\"tb_text_wrap\">\n    <h2>Europlex<\/h2>\r\n<p><br \/>Europlex ist eine transparent leitf\u00e4hige Verglasung aus hochwertigem Polycarbonat. Durch eine spezielle Oberfl\u00e4chentechnik wird ein dauerhafter Schutz gegen elektrostatische Entladungen (ESD) und Partikelkontamination erreicht. <br \/> Europlex bietet zudem eine sehr viel bessere Abrieb- und Chemikalienbest\u00e4ndigkeit gegen\u00fcber normalem Polycarbonat.<\/p>    <\/div>\n<\/div>\n<!-- \/module text -->\t<div  data-lazy=\"1\" class=\"module_subrow themify_builder_sub_row tb_c4d152b tf_w tf_clearfix\">\n\t    \t\t\t<div class=\"subrow_inner col_align_top tb_col_count_3 tf_box tf_w\">\n\t\t            <div  data-lazy=\"1\" class=\"module_column sub_column col3-1 tb_8c3cf67 first\">\n                                                        <div class=\"tb-column-inner tf_box tf_w\">\n                        <!-- module text -->\n<div  class=\"module module-text tb_53d0463  repeat \" data-lazy=\"1\">\n        <div  class=\"tb_text_wrap\">\n    <h3>Eigenschaften:<\/h3>\r\n<ul>\r\n<li>dauerhaft elektrisch ableitf\u00e4hig<\/li>\r\n<li>hohe Chemikalienbest\u00e4ndigkeit<\/li>\r\n<li>ausgezeichnete optische Transparenz<\/li>\r\n<li>hohe Bruchsicherheit<\/li>\r\n<\/ul>    <\/div>\n<\/div>\n<!-- \/module text -->                    <\/div>\n                            <\/div>\n                        <div  data-lazy=\"1\" class=\"module_column sub_column col3-1 tb_ab73e0e\">\n                                                        <div class=\"tb-column-inner tf_box tf_w\">\n                        <!-- module text -->\n<div  class=\"module module-text tb_db5c364  repeat \" data-lazy=\"1\">\n        <div  class=\"tb_text_wrap\">\n    <h3>Anwendungen:<\/h3>\r\n<ul>\r\n<li>Elektronik- und Halbleiterindustrie<\/li>\r\n<li>Reinraumindustrie<\/li>\r\n<li>Chemie-, Pharma- und Lebensmittelindustrie<\/li>\r\n<li>Druck- und Papierindustrie<\/li>\r\n<\/ul>    <\/div>\n<\/div>\n<!-- \/module text --><!-- module text -->\n<div  class=\"module module-text tb_7c60581  repeat \" data-lazy=\"1\">\n        <div  class=\"tb_text_wrap\">\n    <h3>Sorten:<\/h3>\r\n<ul>\r\n<li>PC 1,20 g\/cm\u00b3<\/li>\r\n<li>Lieferform: Platte <\/li>\r\n<\/ul>    <\/div>\n<\/div>\n<!-- \/module text -->                    <\/div>\n                            <\/div>\n                        <div  data-lazy=\"1\" class=\"module_column sub_column col3-1 tb_3f35db3 last\">\n                                                        <div class=\"tb-column-inner tf_box tf_w\">\n                        <!-- module image -->\n<div  class=\"module module-image tb_380b6af   image-top auto_fullwidth tf_mw\" data-lazy=\"1\">\n        <div class=\"image-wrap tf_rel tf_mw\">\n\t\t    <img src=\"\/wp-content\/uploads\/2018\/01\/europlex.jpg\" title=\"Europlex\" alt=\"Europlex\">\t\n\t\t<\/div>\n\t<!-- \/image-wrap -->\n    \n    \t<\/div>\n<!-- \/module image -->                    <\/div>\n                            <\/div>\n            \t    <\/div>\n\t<\/div><!-- \/themify_builder_sub_row -->\n\t<!-- module text -->\n<div  class=\"module module-text tb_37b6646  repeat \" data-lazy=\"1\">\n        <div  class=\"tb_text_wrap\">\n    \n<table id=\"tablepress-40\" class=\"tablepress tablepress-id-40\">\n<thead>\n<tr class=\"row-1 odd\">\n\t<th class=\"column-1\"> Europlex<\/th><th class=\"column-2\">Okr\u0105g\u0142e<\/th><th class=\"column-3\">Tuleje<\/th><th class=\"column-4\">P\u0142yty<\/th><th class=\"column-5\">Sze\u015bciok\u0105ty<\/th>\n<\/tr>\n<\/thead>\n<tbody class=\"row-hover\">\n<tr class=\"row-2 even\">\n\t<td class=\"column-1\">PC 1,20 g\/cm\u00b3<\/td><td class=\"column-2\"><\/td><td class=\"column-3\"><\/td><td class=\"column-4\">x<\/td><td class=\"column-5\"><\/td>\n<\/tr>\n<\/tbody>\n<\/table>\n    <\/div>\n<\/div>\n<!-- \/module text -->                    <\/div>\n                            <\/div>\n            \t    <\/div>\n\t    <!-- \/row_inner -->\n\t<\/div>\n\t<!-- \/module_row -->\n\t<\/div>\n<!--\/themify_builder_content-->","protected":false},"excerpt":{"rendered":"<p>Europlex Europlex jest specjalnym gatunkiem poliw\u0119glanu. Dzi\u0119ki specjalnej technologii produkuje si\u0119 wyroby o wysokim stopniu rozpraszania \u0142adunk\u00f3w elektrostatycznych. Unika si\u0119 w ten spos\u00f3b niebezpiecze\u0144stwa wy\u0142adowa\u0144 elektrostatycznych oraz zabrudzenia powierzchni. Europlex charakteryzuje si\u0119 ponadto znacznie lepsz\u0105 odporno\u015bci\u0105 na \u015bcieranie i \u015brodki chemiczne w por\u00f3wnaniu z tradycyjnym poliw\u0119glanem. W\u0142a\u015bciwo\u015bci: niska oporno\u015b\u0107 powierzchniowa wysoka odporno\u015b\u0107 na \u015brodki chemiczne [&hellip;]<\/p>\n","protected":false},"author":4,"featured_media":0,"parent":7655,"menu_order":2,"comment_status":"closed","ping_status":"closed","template":"","meta":{"om_disable_all_campaigns":false},"builder_content":"<h2>Europlex<\/h2>\n<p><br \/>Europlex ist eine transparent leitf\u00e4hige Verglasung aus hochwertigem Polycarbonat. Durch eine spezielle Oberfl\u00e4chentechnik wird ein dauerhafter Schutz gegen elektrostatische Entladungen (ESD) und Partikelkontamination erreicht. <br \/> Europlex bietet zudem eine sehr viel bessere Abrieb- und Chemikalienbest\u00e4ndigkeit gegen\u00fcber normalem Polycarbonat.<\/p>\n<h3>Eigenschaften:<\/h3>\n<ul>\n<li>dauerhaft elektrisch ableitf\u00e4hig<\/li>\n<li>hohe Chemikalienbest\u00e4ndigkeit<\/li>\n<li>ausgezeichnete optische Transparenz<\/li>\n<li>hohe Bruchsicherheit<\/li>\n<\/ul>\n<h3>Anwendungen:<\/h3>\n<ul>\n<li>Elektronik- und Halbleiterindustrie<\/li>\n<li>Reinraumindustrie<\/li>\n<li>Chemie-, Pharma- und Lebensmittelindustrie<\/li>\n<li>Druck- und Papierindustrie<\/li>\n<\/ul>\n<h3>Sorten:<\/h3>\n<ul>\n<li>PC 1,20 g\/cm\u00b3<\/li>\n<li>Lieferform: Platte <\/li>\n<\/ul>\n<img src=\"\/wp-content\/uploads\/2018\/01\/europlex.jpg\" title=\"Europlex\" alt=\"Europlex\">\n<p>[table id=40 \/]<\/p>","_links":{"self":[{"href":"https:\/\/jordan-matcon.pl\/de\/wp-json\/wp\/v2\/pages\/7882"}],"collection":[{"href":"https:\/\/jordan-matcon.pl\/de\/wp-json\/wp\/v2\/pages"}],"about":[{"href":"https:\/\/jordan-matcon.pl\/de\/wp-json\/wp\/v2\/types\/page"}],"author":[{"embeddable":true,"href":"https:\/\/jordan-matcon.pl\/de\/wp-json\/wp\/v2\/users\/4"}],"replies":[{"embeddable":true,"href":"https:\/\/jordan-matcon.pl\/de\/wp-json\/wp\/v2\/comments?post=7882"}],"version-history":[{"count":3,"href":"https:\/\/jordan-matcon.pl\/de\/wp-json\/wp\/v2\/pages\/7882\/revisions"}],"predecessor-version":[{"id":7896,"href":"https:\/\/jordan-matcon.pl\/de\/wp-json\/wp\/v2\/pages\/7882\/revisions\/7896"}],"up":[{"embeddable":true,"href":"https:\/\/jordan-matcon.pl\/de\/wp-json\/wp\/v2\/pages\/7655"}],"wp:attachment":[{"href":"https:\/\/jordan-matcon.pl\/de\/wp-json\/wp\/v2\/media?parent=7882"}],"curies":[{"name":"wp","href":"https:\/\/api.w.org\/{rel}","templated":true}]}}