{"id":6376,"date":"2020-02-06T11:32:30","date_gmt":"2020-02-06T10:32:30","guid":{"rendered":"http:\/\/jordan-matcon.pl\/impressum\/"},"modified":"2026-01-16T09:24:28","modified_gmt":"2026-01-16T08:24:28","slug":"impressum","status":"publish","type":"page","link":"https:\/\/jordan-matcon.pl\/de\/impressum\/","title":{"rendered":"Impressum"},"content":{"rendered":"<!--themify_builder_content-->\n<div id=\"themify_builder_content-6376\" data-postid=\"6376\" class=\"themify_builder_content themify_builder_content-6376 themify_builder tf_clear\">\n    \t\t\t<!-- module_row -->\n\t<div  data-css_id=\"3flw839\" data-lazy=\"1\" class=\"module_row themify_builder_row fullwidth_row_container tb_3flw839 tb_first tf_w tf_clearfix wow\" data-tf-animation=\"fadeIn\">\n\t    \t\t\t<div class=\"row_inner col_align_top tb_col_count_1 tf_box tf_rel\">\n\t\t            <div  data-lazy=\"1\" class=\"module_column tb-column col-full tb_8qhb847 first\">\n                                                        <div class=\"tb-column-inner tf_box tf_w\">\n                        <!-- module text -->\n<div  class=\"module module-text tb_ow2a851  repeat \" data-lazy=\"1\">\n        <div  class=\"tb_text_wrap\">\n    <h3>\u00a0<\/h3>\n<h3>Impressum<\/h3>    <\/div>\n<\/div>\n<!-- \/module text -->                    <\/div>\n                            <\/div>\n            \t    <\/div>\n\t    <!-- \/row_inner -->\n\t<\/div>\n\t<!-- \/module_row -->\n\t\t\t\t<!-- module_row -->\n\t<div  data-lazy=\"1\" class=\"module_row themify_builder_row tb_o9jo839 tf_w tf_clearfix\">\n\t    \t\t\t<div class=\"row_inner col_align_top tb_col_count_2 tf_box tf_rel\">\n\t\t            <div  data-lazy=\"1\" class=\"module_column tb-column col4-2 tb_0qx4856 first\">\n                                                        <div class=\"tb-column-inner tf_box tf_w\">\n                        <!-- module text -->\n<div  class=\"module module-text tb_qd6f857  repeat \" data-lazy=\"1\">\n        <div  class=\"tb_text_wrap\">\n    <p style=\"text-align: left;\"><strong>JORDAN matcon Sp. z o.o.<\/strong><\/p>\n<p style=\"text-align: left;\">Kijewo 50<br>63-000 \u015aroda Wielkopolska<\/p>\n<p style=\"text-align: left;\">Telefon:\u00a0 \u00a0 61 286 07 00<br>Telefax:\u00a0 \u00a0 61 286 07 10 \/ 11<\/p>\n<p style=\"text-align: left;\"><u><a href=\"https:\/\/jordan-matcon.pl\/\" target=\"_blank\" rel=\"noopener\" data-saferedirecturl=\"https:\/\/www.google.com\/url?q=http:\/\/www.jordan-matcon.pl&amp;source=gmail&amp;ust=1581071684279000&amp;usg=AFQjCNHAoK7bO2p11m77OQ78nYV_V-o5Pw\">www.jordan-matcon.pl<\/a><\/u><br>e-mail: <a href=\"mailto:info@jordan-matcon.pl\">info@jordan-matcon.pl<\/a><\/p>    <\/div>\n<\/div>\n<!-- \/module text -->                    <\/div>\n                            <\/div>\n                        <div  data-lazy=\"1\" class=\"module_column tb-column col4-2 tb_k0z2858 last\">\n                                                        <div class=\"tb-column-inner tf_box tf_w\">\n                        <!-- module text -->\n<div  class=\"module module-text tb_rbxl659  repeat \" data-lazy=\"1\">\n        <div  class=\"tb_text_wrap\">\n    <p>Handelsregistereintrag Amtsgericht in Posen<\/p>\n<p>VIII Wydzia\u0142 Gospodarczy Krajowego Rejestru S\u0105dowego<\/p>\n<p>NIP\u00a0 \u00a0 \u00a0 \u00a0 \u00a0 \u00a0 \u00a0 \u00a0 \u00a0 \u00a0 5992696816 <br>REGON\u00a0 \u00a0 \u00a0 \u00a0 \u00a0 \u00a0 21107417900000 <br>HR-Nr (KRS)\u00a0 \u00a00000101116<\/p>\n<p><span style=\"background-color: initial; font-size: 1em;\">BDO\u00a0 \u00a0 \u00a0 \u00a0 \u00a0 \u00a0 \u00a0 \u00a0 \u00a0000101024<\/span><span style=\"background-color: initial; font-size: 1em;\">\u00a0<\/span><\/p>\n<p>Grundkapital: 50.000 z\u0142<\/p>    <\/div>\n<\/div>\n<!-- \/module text -->                    <\/div>\n                            <\/div>\n            \t    <\/div>\n\t    <!-- \/row_inner -->\n\t<\/div>\n\t<!-- \/module_row -->\n\t\t\t\t<!-- module_row -->\n\t<div  data-lazy=\"1\" class=\"module_row themify_builder_row tb_awfd840 tf_w tf_clearfix\">\n\t    \t\t\t<div class=\"row_inner col_align_top tb_col_count_1 tf_box tf_rel\">\n\t\t            <div  data-lazy=\"1\" class=\"module_column tb-column col-full tb_kwgy862 first\">\n                                                        <div class=\"tb-column-inner tf_box tf_w\">\n                        <!-- module text -->\n<div  class=\"module module-text tb_lsil857  repeat \" data-lazy=\"1\">\n        <div  class=\"tb_text_wrap\">\n    <p>Gesch\u00e4ftsf\u00fchrer: Katarzyna Gny\u015b\u00a0<\/p>\n<p>Kontnummer BRE Bank SA Pozna\u0144: 19 1140 1124 0000 2093 7100 1001\u00a0<\/p>\n<p>Kontakt mit dem\u00a0Datenschutzbeauftragten:\u00a0 <a href=\"mailto:ochronadanych@jordan-matcon.pl\">ochronadanych@jordan-matcon.pl<\/a><\/p>    <\/div>\n<\/div>\n<!-- \/module text -->                    <\/div>\n                            <\/div>\n            \t    <\/div>\n\t    <!-- \/row_inner -->\n\t<\/div>\n\t<!-- \/module_row -->\n\t<\/div>\n<!--\/themify_builder_content-->","protected":false},"excerpt":{"rendered":"<p>\u00a0 Impressum JORDAN matcon Sp. z o.o. Kijewo 5063-000 \u015aroda Wielkopolska Telefon:\u00a0 \u00a0 61 286 07 00Telefax:\u00a0 \u00a0 61 286 07 10 \/ 11 www.jordan-matcon.ple-mail: info@jordan-matcon.pl Handelsregistereintrag Amtsgericht in Posen VIII Wydzia\u0142 Gospodarczy Krajowego Rejestru S\u0105dowego NIP\u00a0 \u00a0 \u00a0 \u00a0 \u00a0 \u00a0 \u00a0 \u00a0 \u00a0 \u00a0 5992696816 REGON\u00a0 \u00a0 \u00a0 \u00a0 \u00a0 \u00a0 21107417900000 HR-Nr [&hellip;]<\/p>\n","protected":false},"author":4,"featured_media":0,"parent":0,"menu_order":0,"comment_status":"closed","ping_status":"closed","template":"","meta":{"om_disable_all_campaigns":false},"builder_content":"<h3>\u00a0<\/h3> <h3>Impressum<\/h3>\n<p style=\"text-align: left;\"><strong>JORDAN matcon Sp. z o.o.<\/strong><\/p> <p style=\"text-align: left;\">Kijewo 50<br>63-000 \u015aroda Wielkopolska<\/p> <p style=\"text-align: left;\">Telefon:\u00a0 \u00a0 61 286 07 00<br>Telefax:\u00a0 \u00a0 61 286 07 10 \/ 11<\/p> <p style=\"text-align: left;\"><u><a href=\"https:\/\/jordan-matcon.pl\/\" target=\"_blank\" rel=\"noopener\" data-saferedirecturl=\"https:\/\/www.google.com\/url?q=http:\/\/www.jordan-matcon.pl&amp;source=gmail&amp;ust=1581071684279000&amp;usg=AFQjCNHAoK7bO2p11m77OQ78nYV_V-o5Pw\">www.jordan-matcon.pl<\/a><\/u><br>e-mail: <a href=\"mailto:info@jordan-matcon.pl\">info@jordan-matcon.pl<\/a><\/p>\n<p>Handelsregistereintrag Amtsgericht in Posen<\/p> <p>VIII Wydzia\u0142 Gospodarczy Krajowego Rejestru S\u0105dowego<\/p> <p>NIP\u00a0 \u00a0 \u00a0 \u00a0 \u00a0 \u00a0 \u00a0 \u00a0 \u00a0 \u00a0 5992696816 <br>REGON\u00a0 \u00a0 \u00a0 \u00a0 \u00a0 \u00a0 21107417900000 <br>HR-Nr (KRS)\u00a0 \u00a00000101116<\/p> <p>BDO\u00a0 \u00a0 \u00a0 \u00a0 \u00a0 \u00a0 \u00a0 \u00a0 \u00a0000101024\u00a0<\/p> <p>Grundkapital: 50.000 z\u0142<\/p>\n<p>Gesch\u00e4ftsf\u00fchrer: Katarzyna Gny\u015b\u00a0<\/p> <p>Kontnummer BRE Bank SA Pozna\u0144: 19 1140 1124 0000 2093 7100 1001\u00a0<\/p> <p>Kontakt mit dem\u00a0Datenschutzbeauftragten:\u00a0 <a href=\"mailto:ochronadanych@jordan-matcon.pl\">ochronadanych@jordan-matcon.pl<\/a><\/p>","_links":{"self":[{"href":"https:\/\/jordan-matcon.pl\/de\/wp-json\/wp\/v2\/pages\/6376"}],"collection":[{"href":"https:\/\/jordan-matcon.pl\/de\/wp-json\/wp\/v2\/pages"}],"about":[{"href":"https:\/\/jordan-matcon.pl\/de\/wp-json\/wp\/v2\/types\/page"}],"author":[{"embeddable":true,"href":"https:\/\/jordan-matcon.pl\/de\/wp-json\/wp\/v2\/users\/4"}],"replies":[{"embeddable":true,"href":"https:\/\/jordan-matcon.pl\/de\/wp-json\/wp\/v2\/comments?post=6376"}],"version-history":[{"count":4,"href":"https:\/\/jordan-matcon.pl\/de\/wp-json\/wp\/v2\/pages\/6376\/revisions"}],"predecessor-version":[{"id":12276,"href":"https:\/\/jordan-matcon.pl\/de\/wp-json\/wp\/v2\/pages\/6376\/revisions\/12276"}],"wp:attachment":[{"href":"https:\/\/jordan-matcon.pl\/de\/wp-json\/wp\/v2\/media?parent=6376"}],"curies":[{"name":"wp","href":"https:\/\/api.w.org\/{rel}","templated":true}]}}