{"id":5616,"date":"2017-12-22T09:18:06","date_gmt":"2017-12-22T08:18:06","guid":{"rendered":"https:\/\/jordan-matcon.pl\/lineartechnik\/aluminiowe-prowadnice-szynowe-z-rolkami\/"},"modified":"2022-11-15T14:32:34","modified_gmt":"2022-11-15T13:32:34","slug":"aluminium-schienenfuhrungen","status":"publish","type":"page","link":"https:\/\/jordan-matcon.pl\/de\/lineartechnik\/aluminium-schienenfuhrungen\/","title":{"rendered":"Aluminium-Schienenf\u00fchrungen"},"content":{"rendered":"<!--themify_builder_content-->\n<div id=\"themify_builder_content-5616\" data-postid=\"5616\" class=\"themify_builder_content themify_builder_content-5616 themify_builder tf_clear\">\n    \t\t\t<!-- module_row -->\n\t<div  data-css_id=\"8a03e7f\" data-lazy=\"1\" class=\"module_row themify_builder_row fullwidth tb_8a03e7f tb_first tf_w tf_clearfix wow\" data-tf-animation=\"fadeIn\">\n\t    \t\t\t<div class=\"row_inner col_align_top tb_col_count_2 tf_box tf_rel\">\n\t\t            <div  data-lazy=\"1\" class=\"module_column tb-column col4-2 tb_91157b4 first\">\n                                                        <div class=\"tb-column-inner tf_box tf_w\">\n                        <!-- module text -->\n<div  class=\"module module-text tb_5e6f781  repeat \" data-lazy=\"1\">\n        <div  class=\"tb_text_wrap\">\n    <h3><span style=\"color: #002f5b;\">Aluminium-Schienenf\u00fchrungen<\/span><\/h3>\n<p style=\"text-align: justify;\">JORDAN matcon Sp. z o.o. ist der einzige polnische Vertreter der deutschen Franke GmbH. Aluminium-Schienenf\u00fchrungen bieten hierf\u00fcr einen effektiven Ansatzpunkt, ohne dabei gravierende Leistungsverluste in Kauf nehmen zu m\u00fcssen. Die modulare Bauweise der Aluminium-Schienenf\u00fchrungen, unterschiedliche Schienenprofile und Rollenschuhe sowie Spezialkassetten er\u00f6ffnen vielseitige Konstruktions- und Anwendungsm\u00f6glichkeiten.<\/p>\n<p style=\"text-align: justify;\"><strong>Die Baugr\u00f6\u00dfen unserer Aluminium-F\u00fchrungsschiene:<\/strong><\/p>\n<ul>\n<li style=\"text-align: justify;\">Standard: von 12 bis 45 mm<\/li>\n<\/ul>    <\/div>\n<\/div>\n<!-- \/module text -->                    <\/div>\n                            <\/div>\n                        <div  data-lazy=\"1\" class=\"module_column tb-column col4-2 tb_2a7f07c last\">\n                                                        <div class=\"tb-column-inner tf_box tf_w\">\n                        <!-- module image -->\n<div  class=\"module module-image tb_2b7662b   image-top auto_fullwidth tf_mw\" data-lazy=\"1\">\n        <div class=\"image-wrap tf_rel tf_mw\">\n\t\t    <img src=\"\/wp-content\/uploads\/2017\/12\/Franke_FDA_ogolne-do-tekstu-g\u0142ownego.jpg\" title=\"Aluminium-Schienenf\u00fchrungen\" alt=\"Aluminium-Schienenf\u00fchrungen\">\t\n\t\t<\/div>\n\t<!-- \/image-wrap -->\n    \n    \t<\/div>\n<!-- \/module image -->                    <\/div>\n                            <\/div>\n            \t    <\/div>\n\t    <!-- \/row_inner -->\n\t<\/div>\n\t<!-- \/module_row -->\n\t\t\t\t<!-- module_row -->\n\t<div  data-css_id=\"33cd119\" data-lazy=\"1\" class=\"module_row themify_builder_row fullwidth tb_33cd119 tf_w tf_clearfix wow\" data-tf-animation=\"fadeIn\">\n\t    \t\t\t<div class=\"row_inner col_align_top tb_col_count_2 tf_box tf_rel\">\n\t\t            <div  data-lazy=\"1\" class=\"module_column tb-column col4-2 tb_adb2935 first\">\n                                                        <div class=\"tb-column-inner tf_box tf_w\">\n                        <!-- module text -->\n<div  class=\"module module-text tb_d5999aa  repeat \" data-lazy=\"1\">\n        <div  class=\"tb_text_wrap\">\n    <p><strong>Die Vorteile:<\/strong><\/p>\n<ul>\n<li style=\"text-align: justify;\">Geringes Gewicht durch Aluminium-Grundk\u00f6rper<\/li>\n<li style=\"text-align: justify;\">Leichter und leiser Lauf durch die patentierte gef\u00fchrte Rolle<\/li>\n<li style=\"text-align: justify;\">Wartungsfrei und sauber<\/li>\n<li style=\"text-align: justify;\">O-Anordnung f\u00fcr gleiche Belastbarkeit aus allen Richtungen<\/li>\n<li style=\"text-align: justify;\">Hohe Verfahrgeschwindigkeit und Beschleunigung<\/li>\n<li style=\"text-align: justify;\">Kundenspezifische L\u00f6sungen bei Serienbedarf<\/li>\n<li style=\"text-align: justify;\">Schnelles Ansprechverhalten<\/li>\n<li style=\"text-align: justify;\">Kein Slip-Stick-Effekt<\/li>\n<li style=\"text-align: justify;\">Schiebewiderstand ein- und nachstellbar<\/li>\n<li style=\"text-align: justify;\">Zahlreiche Varianten f\u00fcr nahezu jeden Einsatzfall<\/li>\n<\/ul>    <\/div>\n<\/div>\n<!-- \/module text -->                    <\/div>\n                            <\/div>\n                        <div  data-lazy=\"1\" class=\"module_column tb-column col4-2 tb_8e0bafe last\">\n                                                        <div class=\"tb-column-inner tf_box tf_w\">\n                        <!-- module text -->\n<div  class=\"module module-text tb_e675377  repeat \" data-lazy=\"1\">\n        <div  class=\"tb_text_wrap\">\n    <p><strong>Verwendung:<\/strong><\/p>\n<ul>\n<li>Lebensmittelindustrie: z. B. K\u00e4seherstellung &#8211; Die lebensmitteltaugliche Aluminium-Rollenf\u00fchrung sorgt bei der Herstellung von K\u00e4se f\u00fcr die vertikale Bewegung eines Greifarmes f\u00fcr K\u00e4selaibe.<\/li>\n<li>Verpackungsindustrie: z. B. Schlauchbeutel<\/li>\n<li>Anlagenbau: z. B. Verpackungsmaschinen f\u00fcr Matratzen<\/li>\n<li>Handlingbereich: z. B. High-Speed-Kameraf\u00fchrung<\/li>\n<\/ul>    <\/div>\n<\/div>\n<!-- \/module text -->                    <\/div>\n                            <\/div>\n            \t    <\/div>\n\t    <!-- \/row_inner -->\n\t<\/div>\n\t<!-- \/module_row -->\n\t\t\t\t<!-- module_row -->\n\t<div  data-css_id=\"571ffbd\" data-lazy=\"1\" class=\"module_row themify_builder_row fullwidth tb_571ffbd tf_w tf_clearfix wow\" data-tf-animation=\"fadeIn\">\n\t    \t\t\t<div class=\"row_inner col_align_top tb_col_count_2 tf_box tf_rel\">\n\t\t            <div  data-lazy=\"1\" class=\"module_column tb-column col4-2 tb_8b885bc first\">\n                                                        <div class=\"tb-column-inner tf_box tf_w\">\n                        <!-- module text -->\n<div  class=\"module module-text tb_aaae118  repeat \" data-lazy=\"1\">\n        <div  class=\"tb_text_wrap\">\n    <p><strong>Wartungsfreie Linearf\u00fchrungen:<\/strong><\/p>\n<p style=\"text-align: justify;\">Der Aluminium-Grundk\u00f6rper harmoniert perfekt mit Aluminium-Tr\u00e4gerprofilen und erm\u00f6glicht den Aufbau leichter Konstruktionen. Das Prinzip der gef\u00fchrten Rolle gew\u00e4hrleistet einen leichten und leisen Lauf, selbst bei hohen Geschwindigkeiten. Die Aluminium-Rollenf\u00fchrung ist in der Lage, Geschwindigkeiten bis zu 10 m\/s umzusetzen. Die Aluminium-Rollenf\u00fchrung ist wartungsfrei. Ein Nachschmieren ist nicht erforderlich. Durch die gekapselten Laufrollen kann kein Schmierfett austreten. Der Schiebewiderstand der Kassetten wird \u00fcber die seitliche Einstellschraube eingestellt. Auf Wunsch k\u00f6nnen die Kassetten mit einer integrierten Klemmung ausgestattet werden.<\/p>    <\/div>\n<\/div>\n<!-- \/module text -->                    <\/div>\n                            <\/div>\n                        <div  data-lazy=\"1\" class=\"module_column tb-column col4-2 tb_042b984 last\">\n                                                <\/div>\n            \t    <\/div>\n\t    <!-- \/row_inner -->\n\t<\/div>\n\t<!-- \/module_row -->\n\t\t\t\t<!-- module_row -->\n\t<div  data-css_id=\"f0a8f92\" data-lazy=\"1\" class=\"module_row themify_builder_row fullwidth tb_f0a8f92 tf_w tf_clearfix\">\n\t    \t\t\t<div class=\"row_inner col_align_top tb_col_count_1 tf_box tf_rel\">\n\t\t            <div  data-lazy=\"1\" class=\"module_column tb-column col-full tb_5a72cee first\">\n                                                        <div class=\"tb-column-inner tf_box tf_w\">\n                        <!-- module text -->\n<div  class=\"module module-text tb_231414a  repeat \" data-lazy=\"1\">\n        <div  class=\"tb_text_wrap\">\n    <h3 style=\"text-align: left;\"><span style=\"color: #002f5b;\">Die verschiedenen Typen unserer Aluminium-Rollenf\u00fchrung<br><\/span><\/h3>\n<p style=\"text-align: left;\">W\u00e4hlen Sie die Baureihe, die Sie interessiert, und lesen Sie die Details.<\/p>    <\/div>\n<\/div>\n<!-- \/module text --><!-- module accordion -->\n<div  class=\"module module-accordion tb_1c627ac \" data-behavior=\"accordion\" data-lazy=\"1\">\n    \n    <ul class=\"ui module-accordion plus-icon-button  tb_default_color\">\n\t\t    <li>\n\t\t\t<div class=\"accordion-title tf_rel\">\n\t\t\t\t<a href=\"#acc-1c627ac-0\" aria-controls=\"acc-1c627ac-0-content\" aria-expanded=\"false\">\n\t\t\t\t\t\t\t\t\t\t\t\t\t\t\t<span class=\"tb_title_accordion tf_w\">FDA<\/span>\n\t\t\t\t<\/a>\n\t\t\t<\/div><!-- .accordion-title -->\n\n\t\t\t<div id=\"acc-1c627ac-0-content\" data-id=\"acc-1c627ac-0\" aria-hidden=\"true\" class=\"accordion-content tf_hide tf_clearfix\">\n\n\t\t\t\t\t\t\t\t\t<div\t\t\t\t\t\tclass=\"tb_text_wrap\"\n\t\t\t\t\t\t>\n\t\t\t\t\t\t<p><b style=\"font-size: 1em;\">Produkttyp:<\/b><strong><img decoding=\"async\" loading=\"lazy\" class=\"size-medium wp-image-2759 alignright\" src=\"\/wp-content\/uploads\/2017\/12\/linear_kassette-300x261.jpg\" alt=\"\" width=\"300\" height=\"261\"><\/strong><\/p>\n<p><span style=\"font-size: 1em;\">Doppelschiene und Kassette<br><\/span><span style=\"font-size: 1em;\">Einzelschienen und Rollenschuhpaar<\/span><\/p>\n<p><span lang=\"de-DE\"><strong>Charakteristik:<\/strong><\/span><\/p>\n<p><span style=\"font-size: 1em;\">F\u00fcr lineare Bewegungsaufgaben in nahezu allen Branchen geeignet. Abgedichtete Laufrollen f\u00fcr wartungsfreien Betrieb \u00fcber die gesamte Lebensdauer. Leichter, sauberer Lauf.<\/span><\/p>\t\t\t\t\t<\/div>\n\t\t\t\t\n\t\t\t<\/div><!-- .accordion-content -->\n\t    <\/li>\n\t\t    <li>\n\t\t\t<div class=\"accordion-title tf_rel\">\n\t\t\t\t<a href=\"#acc-1c627ac-1\" aria-controls=\"acc-1c627ac-1-content\" aria-expanded=\"false\">\n\t\t\t\t\t\t\t\t\t\t\t\t\t\t\t<span class=\"tb_title_accordion tf_w\">FDB<\/span>\n\t\t\t\t<\/a>\n\t\t\t<\/div><!-- .accordion-title -->\n\n\t\t\t<div id=\"acc-1c627ac-1-content\" data-id=\"acc-1c627ac-1\" aria-hidden=\"true\" class=\"accordion-content tf_hide tf_clearfix\">\n\n\t\t\t\t\t\t\t\t\t<div\t\t\t\t\t\tclass=\"tb_text_wrap\"\n\t\t\t\t\t\t>\n\t\t\t\t\t\t<p><strong><img decoding=\"async\" loading=\"lazy\" class=\"size-medium wp-image-2759 alignright\" src=\"\/wp-content\/uploads\/2017\/12\/linear_kassette-300x261.jpg\" alt=\"\" width=\"300\" height=\"261\"><\/strong><\/p>\n<p><strong><span lang=\"de-DE\">Produkttyp:<\/span><\/strong><\/p>\n<p><span lang=\"de-DE\">Doppelschiene und Kassette<br><\/span><span style=\"font-size: 1em;\">Einzelschienen und Rollenschuhpaar<\/span><\/p>\n<p><span lang=\"de-DE\"><strong>Charakteristik:<\/strong> <\/span><\/p>\n<p><span lang=\"de-DE\">F\u00fcr lineare Bewegungsaufgaben in nahezu allen Branchen geeignet. Insbesondere geeignet f\u00fcr kostensensitive Anwendungen mit reduzierten Anspr\u00fcchen an Belastung und Ger\u00e4uschentwicklung.<\/span><\/p>\t\t\t\t\t<\/div>\n\t\t\t\t\n\t\t\t<\/div><!-- .accordion-content -->\n\t    <\/li>\n\t\t    <li>\n\t\t\t<div class=\"accordion-title tf_rel\">\n\t\t\t\t<a href=\"#acc-1c627ac-2\" aria-controls=\"acc-1c627ac-2-content\" aria-expanded=\"false\">\n\t\t\t\t\t\t\t\t\t\t\t\t\t\t\t<span class=\"tb_title_accordion tf_w\">FDC<\/span>\n\t\t\t\t<\/a>\n\t\t\t<\/div><!-- .accordion-title -->\n\n\t\t\t<div id=\"acc-1c627ac-2-content\" data-id=\"acc-1c627ac-2\" aria-hidden=\"true\" class=\"accordion-content tf_hide tf_clearfix\">\n\n\t\t\t\t\t\t\t\t\t<div\t\t\t\t\t\tclass=\"tb_text_wrap\"\n\t\t\t\t\t\t>\n\t\t\t\t\t\t<p><strong><img decoding=\"async\" loading=\"lazy\" class=\"alignnone size-medium wp-image-2759 alignright\" src=\"\/wp-content\/uploads\/2017\/12\/linear_kassette-300x261.jpg\" alt=\"\" width=\"300\" height=\"261\"><\/strong><\/p>\n<p><strong><span lang=\"de-DE\">Produkttyp:<\/span><\/strong><\/p>\n<p><span lang=\"de-DE\">Doppelschiene und Kassette<br><\/span><span style=\"font-size: 1em;\">Einzelschienen und Rollenschuhpaar<\/span><\/p>\n<p><span lang=\"de-DE\"><strong>Charakteristik:<\/strong> <\/span><\/p>\n<p><span lang=\"de-DE\">F\u00fcr lineare Bewegungsaufgaben in nahezu allen Branchen geeignet. Unempfindlich gegen\u00fcber Umgebungseinfl\u00fcssen sowie Feuchtigkeit oder Reinigungsmitteln.<\/span><\/p>\t\t\t\t\t<\/div>\n\t\t\t\t\n\t\t\t<\/div><!-- .accordion-content -->\n\t    <\/li>\n\t\t    <li>\n\t\t\t<div class=\"accordion-title tf_rel\">\n\t\t\t\t<a href=\"#acc-1c627ac-3\" aria-controls=\"acc-1c627ac-3-content\" aria-expanded=\"false\">\n\t\t\t\t\t\t\t\t\t\t\t\t\t\t\t<span class=\"tb_title_accordion tf_w\">FDD<\/span>\n\t\t\t\t<\/a>\n\t\t\t<\/div><!-- .accordion-title -->\n\n\t\t\t<div id=\"acc-1c627ac-3-content\" data-id=\"acc-1c627ac-3\" aria-hidden=\"true\" class=\"accordion-content tf_hide tf_clearfix\">\n\n\t\t\t\t\t\t\t\t\t<div\t\t\t\t\t\tclass=\"tb_text_wrap\"\n\t\t\t\t\t\t>\n\t\t\t\t\t\t<p><strong style=\"font-size: 1em;\"><span lang=\"de-DE\">Produkttyp:<\/span><\/strong><strong><img decoding=\"async\" loading=\"lazy\" class=\"alignnone size-medium wp-image-2759 alignright\" src=\"\/wp-content\/uploads\/2017\/12\/linear_kassette-300x261.jpg\" alt=\"\" width=\"300\" height=\"261\"><\/strong><\/p>\n<p><span lang=\"de-DE\">Doppelschiene und Kassette<br><\/span><span style=\"font-size: 1em;\">Einzelschienen und Rollenschuhpaar<\/span><\/p>\n<p><span lang=\"de-DE\"><strong>Charakteristik<\/strong>: <\/span><\/p>\n<p><span lang=\"de-DE\">F\u00fcr lineare Bewegungsaufgaben in nahezu allen Branchen geeignet. Unempfindlich gegen\u00fcber Umgebungseinfl\u00fcssen sowie Feuchtigkeit oder Reinigungsmitteln.<\/span><\/p>\t\t\t\t\t<\/div>\n\t\t\t\t\n\t\t\t<\/div><!-- .accordion-content -->\n\t    <\/li>\n\t\t    <li>\n\t\t\t<div class=\"accordion-title tf_rel\">\n\t\t\t\t<a href=\"#acc-1c627ac-4\" aria-controls=\"acc-1c627ac-4-content\" aria-expanded=\"false\">\n\t\t\t\t\t\t\t\t\t\t\t\t\t\t\t<span class=\"tb_title_accordion tf_w\">FDE<\/span>\n\t\t\t\t<\/a>\n\t\t\t<\/div><!-- .accordion-title -->\n\n\t\t\t<div id=\"acc-1c627ac-4-content\" data-id=\"acc-1c627ac-4\" aria-hidden=\"true\" class=\"accordion-content tf_hide tf_clearfix\">\n\n\t\t\t\t\t\t\t\t\t<div\t\t\t\t\t\tclass=\"tb_text_wrap\"\n\t\t\t\t\t\t>\n\t\t\t\t\t\t<p><strong style=\"font-size: 1em;\"><span lang=\"de-DE\">Produkttyp:<\/span><\/strong><strong><img decoding=\"async\" loading=\"lazy\" class=\"alignnone size-medium wp-image-2759 alignright\" src=\"\/wp-content\/uploads\/2017\/12\/linear_kassette-300x261.jpg\" alt=\"\" width=\"300\" height=\"261\"><\/strong><\/p>\n<p><span lang=\"de-DE\">Doppelschiene und Kassette<br><\/span><span style=\"font-size: 1em;\">Einzelschienen und Rollenschuhpaar<\/span><\/p>\n<p><span lang=\"de-DE\"><strong>Charakteristik:<\/strong> <\/span><\/p>\n<p><span lang=\"de-DE\">F\u00fcr lineare Bewegungsaufgaben in nahezu allen Branchen geeignet. Amagnetische Laufbahnen ohne Einfluss auf vorherrschende Magnetfelder (z.B. in der Medizintechnik oder in der Elektronikfertigung).<\/span><\/p>\t\t\t\t\t<\/div>\n\t\t\t\t\n\t\t\t<\/div><!-- .accordion-content -->\n\t    <\/li>\n\t\t    <li>\n\t\t\t<div class=\"accordion-title tf_rel\">\n\t\t\t\t<a href=\"#acc-1c627ac-5\" aria-controls=\"acc-1c627ac-5-content\" aria-expanded=\"false\">\n\t\t\t\t\t\t\t\t\t\t\t\t\t\t\t<span class=\"tb_title_accordion tf_w\">FDG<\/span>\n\t\t\t\t<\/a>\n\t\t\t<\/div><!-- .accordion-title -->\n\n\t\t\t<div id=\"acc-1c627ac-5-content\" data-id=\"acc-1c627ac-5\" aria-hidden=\"true\" class=\"accordion-content tf_hide tf_clearfix\">\n\n\t\t\t\t\t\t\t\t\t<div\t\t\t\t\t\tclass=\"tb_text_wrap\"\n\t\t\t\t\t\t>\n\t\t\t\t\t\t<p><strong><img decoding=\"async\" loading=\"lazy\" class=\"alignnone size-medium wp-image-2759 alignright\" src=\"\/wp-content\/uploads\/2017\/12\/linear_kassette-300x261.jpg\" alt=\"\" width=\"300\" height=\"261\"><span lang=\"de-DE\">Produkttyp:<\/span><\/strong><\/p>\n<p><span lang=\"de-DE\">Doppelschiene und Kassette<br><\/span><span style=\"font-size: 1em;\">Einzelschienen und Rollenschuhpaar<\/span><\/p>\n<p><span lang=\"de-DE\"><strong>Charakteristik:<\/strong> <\/span><\/p>\n<p><span lang=\"de-DE\">F\u00fcr lineare Bewegungsaufgaben in nahezu allen Branchen geeignet. Insbesondere geeignet f\u00fcr kostensensitive Anwendungen in rauer Umgebung oder beim Einsatz von Reinigungsmitteln.<\/span><\/p>\t\t\t\t\t<\/div>\n\t\t\t\t\n\t\t\t<\/div><!-- .accordion-content -->\n\t    <\/li>\n\t\t    <li>\n\t\t\t<div class=\"accordion-title tf_rel\">\n\t\t\t\t<a href=\"#acc-1c627ac-6\" aria-controls=\"acc-1c627ac-6-content\" aria-expanded=\"false\">\n\t\t\t\t\t\t\t\t\t\t\t\t\t\t\t<span class=\"tb_title_accordion tf_w\">FDH<\/span>\n\t\t\t\t<\/a>\n\t\t\t<\/div><!-- .accordion-title -->\n\n\t\t\t<div id=\"acc-1c627ac-6-content\" data-id=\"acc-1c627ac-6\" aria-hidden=\"true\" class=\"accordion-content tf_hide tf_clearfix\">\n\n\t\t\t\t\t\t\t\t\t<div\t\t\t\t\t\tclass=\"tb_text_wrap\"\n\t\t\t\t\t\t>\n\t\t\t\t\t\t<p><strong style=\"font-size: 1em;\"><span lang=\"de-DE\">Produkttyp:<\/span><\/strong><strong><img decoding=\"async\" loading=\"lazy\" class=\"size-medium wp-image-2759 alignright\" src=\"\/wp-content\/uploads\/2017\/12\/linear_kassette-300x261.jpg\" alt=\"\" width=\"300\" height=\"261\"><\/strong><\/p>\n<p><span lang=\"de-DE\">Doppelschiene und Kassette<br><\/span><span style=\"font-size: 1em;\">Einzelschienen und Rollenschuhpaar<\/span><\/p>\n<p><span lang=\"de-DE\"><strong>Charakteristik:<\/strong> <\/span><\/p>\n<p><span lang=\"de-DE\">F\u00fcr lineare Bewegungsaufgaben in nahezu allen Branchen geeignet. Laufrollen mit Schr\u00e4gkugellagern f\u00fcr h\u00f6chste Beschleunigungs- und Geschwindigkeitswerte, beispielsweise beim Einsatz von Linearmotoren als Antriebsquelle.<\/span><\/p>\t\t\t\t\t<\/div>\n\t\t\t\t\n\t\t\t<\/div><!-- .accordion-content -->\n\t    <\/li>\n\t    <\/ul>\n\n<\/div><!-- \/module accordion -->                    <\/div>\n                            <\/div>\n            \t    <\/div>\n\t    <!-- \/row_inner -->\n\t<\/div>\n\t<!-- \/module_row -->\n\t<\/div>\n<!--\/themify_builder_content-->","protected":false},"excerpt":{"rendered":"<p>Aluminium-Schienenf\u00fchrungen JORDAN matcon Sp. z o.o. ist der einzige polnische Vertreter der deutschen Franke GmbH. Aluminium-Schienenf\u00fchrungen bieten hierf\u00fcr einen effektiven Ansatzpunkt, ohne dabei gravierende Leistungsverluste in Kauf nehmen zu m\u00fcssen. Die modulare Bauweise der Aluminium-Schienenf\u00fchrungen, unterschiedliche Schienenprofile und Rollenschuhe sowie Spezialkassetten er\u00f6ffnen vielseitige Konstruktions- und Anwendungsm\u00f6glichkeiten. Die Baugr\u00f6\u00dfen unserer Aluminium-F\u00fchrungsschiene: Standard: von 12 bis 45 [&hellip;]<\/p>\n","protected":false},"author":4,"featured_media":0,"parent":5571,"menu_order":4,"comment_status":"closed","ping_status":"closed","template":"","meta":{"om_disable_all_campaigns":false},"builder_content":"<h3>Aluminium-Schienenf\u00fchrungen<\/h3> <p style=\"text-align: justify;\">JORDAN matcon Sp. z o.o. ist der einzige polnische Vertreter der deutschen Franke GmbH. Aluminium-Schienenf\u00fchrungen bieten hierf\u00fcr einen effektiven Ansatzpunkt, ohne dabei gravierende Leistungsverluste in Kauf nehmen zu m\u00fcssen. Die modulare Bauweise der Aluminium-Schienenf\u00fchrungen, unterschiedliche Schienenprofile und Rollenschuhe sowie Spezialkassetten er\u00f6ffnen vielseitige Konstruktions- und Anwendungsm\u00f6glichkeiten.<\/p> <p style=\"text-align: justify;\"><strong>Die Baugr\u00f6\u00dfen unserer Aluminium-F\u00fchrungsschiene:<\/strong><\/p> <ul> <li style=\"text-align: justify;\">Standard: von 12 bis 45 mm<\/li> <\/ul>\n<img src=\"\/wp-content\/uploads\/2017\/12\/Franke_FDA_ogolne-do-tekstu-g\u0142ownego.jpg\" title=\"Aluminium-Schienenf\u00fchrungen\" alt=\"Aluminium-Schienenf\u00fchrungen\">\n<p><strong>Die Vorteile:<\/strong><\/p> <ul> <li style=\"text-align: justify;\">Geringes Gewicht durch Aluminium-Grundk\u00f6rper<\/li> <li style=\"text-align: justify;\">Leichter und leiser Lauf durch die patentierte gef\u00fchrte Rolle<\/li> <li style=\"text-align: justify;\">Wartungsfrei und sauber<\/li> <li style=\"text-align: justify;\">O-Anordnung f\u00fcr gleiche Belastbarkeit aus allen Richtungen<\/li> <li style=\"text-align: justify;\">Hohe Verfahrgeschwindigkeit und Beschleunigung<\/li> <li style=\"text-align: justify;\">Kundenspezifische L\u00f6sungen bei Serienbedarf<\/li> <li style=\"text-align: justify;\">Schnelles Ansprechverhalten<\/li> <li style=\"text-align: justify;\">Kein Slip-Stick-Effekt<\/li> <li style=\"text-align: justify;\">Schiebewiderstand ein- und nachstellbar<\/li> <li style=\"text-align: justify;\">Zahlreiche Varianten f\u00fcr nahezu jeden Einsatzfall<\/li> <\/ul>\n<p><strong>Verwendung:<\/strong><\/p> <ul> <li>Lebensmittelindustrie: z. B. K\u00e4seherstellung - Die lebensmitteltaugliche Aluminium-Rollenf\u00fchrung sorgt bei der Herstellung von K\u00e4se f\u00fcr die vertikale Bewegung eines Greifarmes f\u00fcr K\u00e4selaibe.<\/li> <li>Verpackungsindustrie: z. B. Schlauchbeutel<\/li> <li>Anlagenbau: z. B. Verpackungsmaschinen f\u00fcr Matratzen<\/li> <li>Handlingbereich: z. B. High-Speed-Kameraf\u00fchrung<\/li> <\/ul>\n<p><strong>Wartungsfreie Linearf\u00fchrungen:<\/strong><\/p> <p style=\"text-align: justify;\">Der Aluminium-Grundk\u00f6rper harmoniert perfekt mit Aluminium-Tr\u00e4gerprofilen und erm\u00f6glicht den Aufbau leichter Konstruktionen. Das Prinzip der gef\u00fchrten Rolle gew\u00e4hrleistet einen leichten und leisen Lauf, selbst bei hohen Geschwindigkeiten. Die Aluminium-Rollenf\u00fchrung ist in der Lage, Geschwindigkeiten bis zu 10 m\/s umzusetzen. Die Aluminium-Rollenf\u00fchrung ist wartungsfrei. Ein Nachschmieren ist nicht erforderlich. Durch die gekapselten Laufrollen kann kein Schmierfett austreten. Der Schiebewiderstand der Kassetten wird \u00fcber die seitliche Einstellschraube eingestellt. Auf Wunsch k\u00f6nnen die Kassetten mit einer integrierten Klemmung ausgestattet werden.<\/p>\n<h3 style=\"text-align: left;\">Die verschiedenen Typen unserer Aluminium-Rollenf\u00fchrung<br><\/h3> <p style=\"text-align: left;\">W\u00e4hlen Sie die Baureihe, die Sie interessiert, und lesen Sie die Details.<\/p>\n<ul><li><h4>FDA<\/h4><p><b style=\"font-size: 1em;\">Produkttyp:<\/b><strong><img src=\"\/wp-content\/uploads\/2017\/12\/linear_kassette-300x261.jpg\" alt=\"\" width=\"300\" height=\"261\"><\/strong><\/p> <p>Doppelschiene und Kassette<br>Einzelschienen und Rollenschuhpaar<\/p> <p><strong>Charakteristik:<\/strong><\/p> <p>F\u00fcr lineare Bewegungsaufgaben in nahezu allen Branchen geeignet. Abgedichtete Laufrollen f\u00fcr wartungsfreien Betrieb \u00fcber die gesamte Lebensdauer. Leichter, sauberer Lauf.<\/p><\/li><li><h4>FDB<\/h4><p><strong><img src=\"\/wp-content\/uploads\/2017\/12\/linear_kassette-300x261.jpg\" alt=\"\" width=\"300\" height=\"261\"><\/strong><\/p> <p><strong>Produkttyp:<\/strong><\/p> <p>Doppelschiene und Kassette<br>Einzelschienen und Rollenschuhpaar<\/p> <p><strong>Charakteristik:<\/strong> <\/p> <p>F\u00fcr lineare Bewegungsaufgaben in nahezu allen Branchen geeignet. Insbesondere geeignet f\u00fcr kostensensitive Anwendungen mit reduzierten Anspr\u00fcchen an Belastung und Ger\u00e4uschentwicklung.<\/p><\/li><li><h4>FDC<\/h4><p><strong><img src=\"\/wp-content\/uploads\/2017\/12\/linear_kassette-300x261.jpg\" alt=\"\" width=\"300\" height=\"261\"><\/strong><\/p> <p><strong>Produkttyp:<\/strong><\/p> <p>Doppelschiene und Kassette<br>Einzelschienen und Rollenschuhpaar<\/p> <p><strong>Charakteristik:<\/strong> <\/p> <p>F\u00fcr lineare Bewegungsaufgaben in nahezu allen Branchen geeignet. Unempfindlich gegen\u00fcber Umgebungseinfl\u00fcssen sowie Feuchtigkeit oder Reinigungsmitteln.<\/p><\/li><li><h4>FDD<\/h4><p><strong style=\"font-size: 1em;\">Produkttyp:<\/strong><strong><img src=\"\/wp-content\/uploads\/2017\/12\/linear_kassette-300x261.jpg\" alt=\"\" width=\"300\" height=\"261\"><\/strong><\/p> <p>Doppelschiene und Kassette<br>Einzelschienen und Rollenschuhpaar<\/p> <p><strong>Charakteristik<\/strong>: <\/p> <p>F\u00fcr lineare Bewegungsaufgaben in nahezu allen Branchen geeignet. Unempfindlich gegen\u00fcber Umgebungseinfl\u00fcssen sowie Feuchtigkeit oder Reinigungsmitteln.<\/p><\/li><li><h4>FDE<\/h4><p><strong style=\"font-size: 1em;\">Produkttyp:<\/strong><strong><img src=\"\/wp-content\/uploads\/2017\/12\/linear_kassette-300x261.jpg\" alt=\"\" width=\"300\" height=\"261\"><\/strong><\/p> <p>Doppelschiene und Kassette<br>Einzelschienen und Rollenschuhpaar<\/p> <p><strong>Charakteristik:<\/strong> <\/p> <p>F\u00fcr lineare Bewegungsaufgaben in nahezu allen Branchen geeignet. Amagnetische Laufbahnen ohne Einfluss auf vorherrschende Magnetfelder (z.B. in der Medizintechnik oder in der Elektronikfertigung).<\/p><\/li><li><h4>FDG<\/h4><p><strong><img src=\"\/wp-content\/uploads\/2017\/12\/linear_kassette-300x261.jpg\" alt=\"\" width=\"300\" height=\"261\">Produkttyp:<\/strong><\/p> <p>Doppelschiene und Kassette<br>Einzelschienen und Rollenschuhpaar<\/p> <p><strong>Charakteristik:<\/strong> <\/p> <p>F\u00fcr lineare Bewegungsaufgaben in nahezu allen Branchen geeignet. Insbesondere geeignet f\u00fcr kostensensitive Anwendungen in rauer Umgebung oder beim Einsatz von Reinigungsmitteln.<\/p><\/li><li><h4>FDH<\/h4><p><strong style=\"font-size: 1em;\">Produkttyp:<\/strong><strong><img src=\"\/wp-content\/uploads\/2017\/12\/linear_kassette-300x261.jpg\" alt=\"\" width=\"300\" height=\"261\"><\/strong><\/p> <p>Doppelschiene und Kassette<br>Einzelschienen und Rollenschuhpaar<\/p> <p><strong>Charakteristik:<\/strong> <\/p> <p>F\u00fcr lineare Bewegungsaufgaben in nahezu allen Branchen geeignet. Laufrollen mit Schr\u00e4gkugellagern f\u00fcr h\u00f6chste Beschleunigungs- und Geschwindigkeitswerte, beispielsweise beim Einsatz von Linearmotoren als Antriebsquelle.<\/p><\/li><\/ul>","_links":{"self":[{"href":"https:\/\/jordan-matcon.pl\/de\/wp-json\/wp\/v2\/pages\/5616"}],"collection":[{"href":"https:\/\/jordan-matcon.pl\/de\/wp-json\/wp\/v2\/pages"}],"about":[{"href":"https:\/\/jordan-matcon.pl\/de\/wp-json\/wp\/v2\/types\/page"}],"author":[{"embeddable":true,"href":"https:\/\/jordan-matcon.pl\/de\/wp-json\/wp\/v2\/users\/4"}],"replies":[{"embeddable":true,"href":"https:\/\/jordan-matcon.pl\/de\/wp-json\/wp\/v2\/comments?post=5616"}],"version-history":[{"count":3,"href":"https:\/\/jordan-matcon.pl\/de\/wp-json\/wp\/v2\/pages\/5616\/revisions"}],"predecessor-version":[{"id":8743,"href":"https:\/\/jordan-matcon.pl\/de\/wp-json\/wp\/v2\/pages\/5616\/revisions\/8743"}],"up":[{"embeddable":true,"href":"https:\/\/jordan-matcon.pl\/de\/wp-json\/wp\/v2\/pages\/5571"}],"wp:attachment":[{"href":"https:\/\/jordan-matcon.pl\/de\/wp-json\/wp\/v2\/media?parent=5616"}],"curies":[{"name":"wp","href":"https:\/\/api.w.org\/{rel}","templated":true}]}}