{"id":5595,"date":"2018-02-22T09:28:28","date_gmt":"2018-02-22T08:28:28","guid":{"rendered":"https:\/\/jordan-matcon.pl\/polaczenia-obrotowe\/"},"modified":"2023-04-03T16:48:26","modified_gmt":"2023-04-03T14:48:26","slug":"drehverbindungen","status":"publish","type":"page","link":"https:\/\/jordan-matcon.pl\/de\/lineartechnik\/drehverbindungen\/","title":{"rendered":"Drehverbindungen"},"content":{"rendered":"<!--themify_builder_content-->\n<div id=\"themify_builder_content-5595\" data-postid=\"5595\" class=\"themify_builder_content themify_builder_content-5595 themify_builder tf_clear\">\n    \t\t\t<!-- module_row -->\n\t<div  data-css_id=\"da013d1\" data-lazy=\"1\" class=\"module_row themify_builder_row fullwidth tb_da013d1 tb_first tf_w tf_clearfix wow\" data-tf-animation=\"fadeIn\">\n\t    \t\t\t<div class=\"row_inner col_align_top tb_col_count_1 tf_box tf_rel\">\n\t\t            <div  data-lazy=\"1\" class=\"module_column tb-column col-full tb_fa5934d first\">\n                                                        <div class=\"tb-column-inner tf_box tf_w\">\n                        \t<div  data-lazy=\"1\" class=\"module_subrow themify_builder_sub_row tb_7b7a194 tf_w tf_clearfix\">\n\t    \t\t\t<div class=\"subrow_inner col_align_top tb_col_count_2 tf_box tf_w\">\n\t\t            <div  data-lazy=\"1\" class=\"module_column sub_column col3-2 tb_731251e first\">\n                                                        <div class=\"tb-column-inner tf_box tf_w\">\n                        <!-- module text -->\n<div  class=\"module module-text tb_fe1793e  repeat \" data-lazy=\"1\">\n        <div  class=\"tb_text_wrap\">\n    <h3><span style=\"color: #002f5b;\">Drehverbindungen<\/span><\/h3>\n<p style=\"text-align: justify;\">JORDAN matcon Sp. z o.o. ist der einzige polnische Vertreter der deutschen Franke GmbH, die leichte und pr\u00e4zise Drahtw\u00e4lzlager und Linearsysteme herstellt.<\/p>\n<p style=\"text-align: justify;\">Franke Drahtw\u00e4lzlagern liegt ein einfaches und geniales Prinzip zu Grunde. Einzelne Laufringe aus geh\u00e4rtetem Draht sind mit einer Laufbahn versehen, die exakt an den Durchmesser der W\u00e4lzk\u00f6rper angepasst ist. Der Abrollvorgang erfolgt dadurch nicht unmittelbar zwischen W\u00e4lzk\u00f6rper und umschlie\u00dfender Konstruktion, sondern reibungsarm auf den vier offenen Laufringen.<\/p>    <\/div>\n<\/div>\n<!-- \/module text -->                    <\/div>\n                            <\/div>\n                        <div  data-lazy=\"1\" class=\"module_column sub_column col3-1 tb_98ebb82 last\">\n                                                        <div class=\"tb-column-inner tf_box tf_w\">\n                        <!-- module image -->\n<div  class=\"module module-image tb_b31e2ba   image-top auto_fullwidth tf_mw\" data-lazy=\"1\">\n        <div class=\"image-wrap tf_rel tf_mw\">\n\t\t    <img src=\"\/wp-content\/uploads\/2018\/02\/Z\u0142o\u017cenia-\u0142o\u017cyskowe.jpg\" title=\"Drehverbindungen\" alt=\"Drehverbindungen\">\t\n\t\t<\/div>\n\t<!-- \/image-wrap -->\n    \n    \t<\/div>\n<!-- \/module image -->                    <\/div>\n                            <\/div>\n            \t    <\/div>\n\t<\/div><!-- \/themify_builder_sub_row -->\n\t                    <\/div>\n                            <\/div>\n            \t    <\/div>\n\t    <!-- \/row_inner -->\n\t<\/div>\n\t<!-- \/module_row -->\n\t\t\t\t<!-- module_row -->\n\t<div  data-css_id=\"b10645e\" data-lazy=\"1\" class=\"module_row themify_builder_row fullwidth tb_b10645e tf_w tf_clearfix wow\" data-tf-animation=\"fadeIn\">\n\t    \t\t\t<div class=\"row_inner col_align_top tb_col_count_1 tf_box tf_rel\">\n\t\t            <div  data-lazy=\"1\" class=\"module_column tb-column col-full tb_8630fd3 first\">\n                                                        <div class=\"tb-column-inner tf_box tf_w\">\n                        <!-- module text -->\n<div  class=\"module module-text tb_fabc67a  repeat \" data-lazy=\"1\">\n        <div  class=\"tb_text_wrap\">\n    <h3 style=\"text-align: left;\"><span style=\"color: #002f5b;\">Types<\/span><\/h3>\n    <\/div>\n<\/div>\n<!-- \/module text --><!-- module accordion -->\n<div  class=\"module module-accordion tb_4f59846 \" data-behavior=\"accordion\" data-lazy=\"1\">\n    \n    <ul class=\"ui module-accordion plus-icon-button  tb_default_color\">\n\t\t    <li>\n\t\t\t<div class=\"accordion-title tf_rel\">\n\t\t\t\t<a href=\"#acc-4f59846-0\" aria-controls=\"acc-4f59846-0-content\" aria-expanded=\"false\">\n\t\t\t\t\t\t\t\t\t\t\t\t\t\t\t<span class=\"tb_title_accordion tf_w\">Lagerelemente TYP LEL<\/span>\n\t\t\t\t<\/a>\n\t\t\t<\/div><!-- .accordion-title -->\n\n\t\t\t<div id=\"acc-4f59846-0-content\" data-id=\"acc-4f59846-0\" aria-hidden=\"true\" class=\"accordion-content tf_hide tf_clearfix\">\n\n\t\t\t\t\t\t\t\t\t<div\t\t\t\t\t\tclass=\"tb_text_wrap\"\n\t\t\t\t\t\t>\n\t\t\t\t\t\t<p><img decoding=\"async\" class=\"alignright\" src=\"https:\/\/jordan-matcon.pl\/wp-content\/uploads\/2018\/02\/LEL-300x212.png\" alt=\"\" \/><\/p>\n<div style=\"text-align: justify;\"><span style=\"font-size: 1em;\">Franke Lagerelemente vom Typ LEL eignen sich f\u00fcr hohe Anforderungen an Laufeigenschaften und Genauigkeit. Sie besitzen aufgrund der geh\u00e4rteten und CNC-geschliffenen Laufbahn sowie der idealen geometrischen Anpassung von Kugel und Laufbahnradius herausragende Lagereigenschaften. Lagerelemente vom Typ LEL erlauben die h\u00f6chstm\u00f6gliche Gestaltungsfreiheit der Lagerung. Der Einbauraum liegt zwischen 5,9 mm und 20,9 mm. Bei besonderen Anforderungen sind Laufringst\u00e4rken bis 20 mm und Kugelgr\u00f6\u00dfen bis 50 mm m\u00f6glich.<\/span><\/div>\t\t\t\t\t<\/div>\n\t\t\t\t\n\t\t\t<\/div><!-- .accordion-content -->\n\t    <\/li>\n\t\t    <li>\n\t\t\t<div class=\"accordion-title tf_rel\">\n\t\t\t\t<a href=\"#acc-4f59846-1\" aria-controls=\"acc-4f59846-1-content\" aria-expanded=\"false\">\n\t\t\t\t\t\t\t\t\t\t\t\t\t\t\t<span class=\"tb_title_accordion tf_w\">Lagerelemente TYP LER<\/span>\n\t\t\t\t<\/a>\n\t\t\t<\/div><!-- .accordion-title -->\n\n\t\t\t<div id=\"acc-4f59846-1-content\" data-id=\"acc-4f59846-1\" aria-hidden=\"true\" class=\"accordion-content tf_hide tf_clearfix\">\n\n\t\t\t\t\t\t\t\t\t<div\t\t\t\t\t\tclass=\"tb_text_wrap\"\n\t\t\t\t\t\t>\n\t\t\t\t\t\t<p><img decoding=\"async\" loading=\"lazy\" class=\"size-medium wp-image-2785 alignright\" src=\"\/wp-content\/uploads\/2018\/02\/LER-300x148.jpg\" alt=\"\" width=\"300\" height=\"148\" \/><\/p>\n<p style=\"text-align: justify;\">Lagerelemente vom Typ LER eignen sich f\u00fcr mittlere Drehgeschwindigkeiten und Genauigkeiten. Sie \u00fcberzeugen durch leichten Lauf, hohe Dynamik und kompakten Einbauraum. Durch die geraden Anlagefl\u00e4chen ergibt sich eine einfache Integration in die umschlie\u00dfende Konstruktion sowie eine hohe Steifigkeit. Der g\u00fcnstige Preis macht das Lagerelement vom Typ LER zu einer wirtschaftlichen L\u00f6sung. LER werden in der Regel spielfrei eingebaut. Je nach Anforderung kann die Vorspannung individuell eingestellt werden.<\/p>\t\t\t\t\t<\/div>\n\t\t\t\t\n\t\t\t<\/div><!-- .accordion-content -->\n\t    <\/li>\n\t\t    <li>\n\t\t\t<div class=\"accordion-title tf_rel\">\n\t\t\t\t<a href=\"#acc-4f59846-2\" aria-controls=\"acc-4f59846-2-content\" aria-expanded=\"false\">\n\t\t\t\t\t\t\t\t\t\t\t\t\t\t\t<span class=\"tb_title_accordion tf_w\">Andere Lagerelemente TYP LSA\/LSB\/LSC<\/span>\n\t\t\t\t<\/a>\n\t\t\t<\/div><!-- .accordion-title -->\n\n\t\t\t<div id=\"acc-4f59846-2-content\" data-id=\"acc-4f59846-2\" aria-hidden=\"true\" class=\"accordion-content tf_hide tf_clearfix\">\n\n\t\t\t\t\t\t\t\t\t<div\t\t\t\t\t\tclass=\"tb_text_wrap\"\n\t\t\t\t\t\t>\n\t\t\t\t\t\t<p><img decoding=\"async\" loading=\"lazy\" class=\"size-medium wp-image-2787 alignright\" src=\"\/wp-content\/uploads\/2018\/02\/Inne-dost\u0119pne-LSA-LSB-LSC-300x148.jpg\" alt=\"\" width=\"300\" height=\"148\" \/><\/p>\n<div style=\"text-align: justify;\"><strong style=\"font-size: 1em;\">Details im Katalog verf\u00fcgbar: <\/strong><a style=\"font-size: 1em; font-weight: normal;\" href=\"https:\/\/www.franke-gmbh.com\/bearings\/standard-program\/\" target=\"_blank\" rel=\"nofollow noopener\"><span style=\"font-family: Open Sans, serif;\"><span lang=\"de-DE\">https:\/\/www.franke-gmbh.com\/bearings\/products\/survey\/<\/span><\/span><\/a><\/div>\t\t\t\t\t<\/div>\n\t\t\t\t\n\t\t\t<\/div><!-- .accordion-content -->\n\t    <\/li>\n\t    <\/ul>\n\n<\/div><!-- \/module accordion -->                    <\/div>\n                            <\/div>\n            \t    <\/div>\n\t    <!-- \/row_inner -->\n\t<\/div>\n\t<!-- \/module_row -->\n\t<\/div>\n<!--\/themify_builder_content-->","protected":false},"excerpt":{"rendered":"<p>Drehverbindungen JORDAN matcon Sp. z o.o. ist der einzige polnische Vertreter der deutschen Franke GmbH, die leichte und pr\u00e4zise Drahtw\u00e4lzlager und Linearsysteme herstellt. Franke Drahtw\u00e4lzlagern liegt ein einfaches und geniales Prinzip zu Grunde. Einzelne Laufringe aus geh\u00e4rtetem Draht sind mit einer Laufbahn versehen, die exakt an den Durchmesser der W\u00e4lzk\u00f6rper angepasst ist. Der Abrollvorgang erfolgt [&hellip;]<\/p>\n","protected":false},"author":4,"featured_media":0,"parent":5571,"menu_order":0,"comment_status":"closed","ping_status":"closed","template":"","meta":{"om_disable_all_campaigns":false},"builder_content":"<h3>Drehverbindungen<\/h3> <p style=\"text-align: justify;\">JORDAN matcon Sp. z o.o. ist der einzige polnische Vertreter der deutschen Franke GmbH, die leichte und pr\u00e4zise Drahtw\u00e4lzlager und Linearsysteme herstellt.<\/p> <p style=\"text-align: justify;\">Franke Drahtw\u00e4lzlagern liegt ein einfaches und geniales Prinzip zu Grunde. Einzelne Laufringe aus geh\u00e4rtetem Draht sind mit einer Laufbahn versehen, die exakt an den Durchmesser der W\u00e4lzk\u00f6rper angepasst ist. Der Abrollvorgang erfolgt dadurch nicht unmittelbar zwischen W\u00e4lzk\u00f6rper und umschlie\u00dfender Konstruktion, sondern reibungsarm auf den vier offenen Laufringen.<\/p>\n<img src=\"\/wp-content\/uploads\/2018\/02\/Z\u0142o\u017cenia-\u0142o\u017cyskowe.jpg\" title=\"Drehverbindungen\" alt=\"Drehverbindungen\">\n<h3 style=\"text-align: left;\">Types<\/h3>\n<ul><li><h4>Lagerelemente TYP LEL<\/h4><p><img src=\"https:\/\/jordan-matcon.pl\/wp-content\/uploads\/2018\/02\/LEL-300x212.png\" alt=\"\" \/><\/p> Franke Lagerelemente vom Typ LEL eignen sich f\u00fcr hohe Anforderungen an Laufeigenschaften und Genauigkeit. Sie besitzen aufgrund der geh\u00e4rteten und CNC-geschliffenen Laufbahn sowie der idealen geometrischen Anpassung von Kugel und Laufbahnradius herausragende Lagereigenschaften. Lagerelemente vom Typ LEL erlauben die h\u00f6chstm\u00f6gliche Gestaltungsfreiheit der Lagerung. Der Einbauraum liegt zwischen 5,9 mm und 20,9 mm. Bei besonderen Anforderungen sind Laufringst\u00e4rken bis 20 mm und Kugelgr\u00f6\u00dfen bis 50 mm m\u00f6glich.<\/li><li><h4>Lagerelemente TYP LER<\/h4><p><img src=\"\/wp-content\/uploads\/2018\/02\/LER-300x148.jpg\" alt=\"\" width=\"300\" height=\"148\" \/><\/p> <p style=\"text-align: justify;\">Lagerelemente vom Typ LER eignen sich f\u00fcr mittlere Drehgeschwindigkeiten und Genauigkeiten. Sie \u00fcberzeugen durch leichten Lauf, hohe Dynamik und kompakten Einbauraum. Durch die geraden Anlagefl\u00e4chen ergibt sich eine einfache Integration in die umschlie\u00dfende Konstruktion sowie eine hohe Steifigkeit. Der g\u00fcnstige Preis macht das Lagerelement vom Typ LER zu einer wirtschaftlichen L\u00f6sung. LER werden in der Regel spielfrei eingebaut. Je nach Anforderung kann die Vorspannung individuell eingestellt werden.<\/p><\/li><li><h4>Andere Lagerelemente TYP LSA\/LSB\/LSC<\/h4><p><img src=\"\/wp-content\/uploads\/2018\/02\/Inne-dost\u0119pne-LSA-LSB-LSC-300x148.jpg\" alt=\"\" width=\"300\" height=\"148\" \/><\/p> <strong style=\"font-size: 1em;\">Details im Katalog verf\u00fcgbar: <\/strong><a style=\"font-size: 1em; font-weight: normal;\" href=\"https:\/\/www.franke-gmbh.com\/bearings\/standard-program\/\" target=\"_blank\" rel=\"nofollow noopener\">https:\/\/www.franke-gmbh.com\/bearings\/products\/survey\/<\/a><\/li><\/ul>","_links":{"self":[{"href":"https:\/\/jordan-matcon.pl\/de\/wp-json\/wp\/v2\/pages\/5595"}],"collection":[{"href":"https:\/\/jordan-matcon.pl\/de\/wp-json\/wp\/v2\/pages"}],"about":[{"href":"https:\/\/jordan-matcon.pl\/de\/wp-json\/wp\/v2\/types\/page"}],"author":[{"embeddable":true,"href":"https:\/\/jordan-matcon.pl\/de\/wp-json\/wp\/v2\/users\/4"}],"replies":[{"embeddable":true,"href":"https:\/\/jordan-matcon.pl\/de\/wp-json\/wp\/v2\/comments?post=5595"}],"version-history":[{"count":3,"href":"https:\/\/jordan-matcon.pl\/de\/wp-json\/wp\/v2\/pages\/5595\/revisions"}],"predecessor-version":[{"id":9584,"href":"https:\/\/jordan-matcon.pl\/de\/wp-json\/wp\/v2\/pages\/5595\/revisions\/9584"}],"up":[{"embeddable":true,"href":"https:\/\/jordan-matcon.pl\/de\/wp-json\/wp\/v2\/pages\/5571"}],"wp:attachment":[{"href":"https:\/\/jordan-matcon.pl\/de\/wp-json\/wp\/v2\/media?parent=5595"}],"curies":[{"name":"wp","href":"https:\/\/api.w.org\/{rel}","templated":true}]}}