{"id":5588,"date":"2018-02-20T14:10:21","date_gmt":"2018-02-20T13:10:21","guid":{"rendered":"https:\/\/jordan-matcon.pl\/sruby-trapezowe\/"},"modified":"2022-11-15T14:30:54","modified_gmt":"2022-11-15T13:30:54","slug":"trapezgewindetriebe","status":"publish","type":"page","link":"https:\/\/jordan-matcon.pl\/de\/lineartechnik\/trapezgewindetriebe\/","title":{"rendered":"Trapezgewindetriebe"},"content":{"rendered":"<!--themify_builder_content-->\n<div id=\"themify_builder_content-5588\" data-postid=\"5588\" class=\"themify_builder_content themify_builder_content-5588 themify_builder tf_clear\">\n    \t\t\t<!-- module_row -->\n\t<div  data-css_id=\"4fd5712\" data-lazy=\"1\" class=\"module_row themify_builder_row fullwidth tb_4fd5712 tb_first tf_w tf_clearfix wow\" data-tf-animation=\"fadeIn\">\n\t    \t\t\t<div class=\"row_inner col_align_top tb_col_count_2 tf_box tf_rel\">\n\t\t            <div  data-lazy=\"1\" class=\"module_column tb-column col3-2 tb_091fe29 first\">\n                                                        <div class=\"tb-column-inner tf_box tf_w\">\n                        <!-- module text -->\n<div  class=\"module module-text tb_a505bc8  repeat \" data-lazy=\"1\">\n        <div  class=\"tb_text_wrap\">\n    <h3><span style=\"color: #002f5b;\">Trapezgewindetriebe<\/span><\/h3>\n<p style=\"text-align: justify;\">Trapezgewindetriebe bieten eine preisg\u00fcnstige L\u00f6sung f\u00fcr konstruktive Aufgaben im Bereich des Spannens, Positionierens und der Vorschub-Bewegungen.<\/p>\n<p style=\"text-align: justify;\"><strong style=\"background-color: initial; font-size: 1em;\">Verwendung<\/strong><\/p>\n<ul>\n<li style=\"text-align: justify;\">Maschinenbau<\/li>\n<li style=\"text-align: justify;\">F\u00f6rdertechnik<\/li>\n<li style=\"text-align: justify;\">Handhabungstechnik<\/li>\n<li style=\"text-align: justify;\">Vorrichtungsbau<\/li>\n<li style=\"text-align: justify;\">Hebezeuge<\/li>\n<\/ul>\n<div>\n<p style=\"text-align: justify;\"><strong>Die Vorteile<\/strong><\/p>\n<ul>\n<li style=\"text-align: justify;\">Attraktives Preis- \/ Leistungsverh\u00e4ltnis<\/li>\n<li style=\"text-align: justify;\">Niedrige Wartungskosten<\/li>\n<li style=\"text-align: justify;\">Robustheit \u2013 Unempfindlichkeit gegen St\u00f6\u00dfe und Verschmutzung<\/li>\n<li style=\"text-align: justify;\">Kosteng\u00fcnstig\u00a0<\/li>\n<\/ul>\n<\/div>    <\/div>\n<\/div>\n<!-- \/module text -->                    <\/div>\n                            <\/div>\n                        <div  data-lazy=\"1\" class=\"module_column tb-column col3-1 tb_f1e0e8b last\">\n                                                        <div class=\"tb-column-inner tf_box tf_w\">\n                        <!-- module image -->\n<div  class=\"module module-image tb_4646b22   image-top tf_mw\" data-lazy=\"1\">\n        <div class=\"image-wrap tf_rel tf_mw\">\n\t\t    <img src=\"\/wp-content\/uploads\/2018\/02\/NEFF_TGT-Trapezowe.jpg\" title=\"Trapezgewindetriebe\" alt=\"Trapezgewindetriebe\">\t\n\t\t<\/div>\n\t<!-- \/image-wrap -->\n    \n    \t<\/div>\n<!-- \/module image -->                    <\/div>\n                            <\/div>\n            \t    <\/div>\n\t    <!-- \/row_inner -->\n\t<\/div>\n\t<!-- \/module_row -->\n\t\t\t\t<!-- module_row -->\n\t<div  data-css_id=\"a98634b\" data-lazy=\"1\" class=\"module_row themify_builder_row fullwidth tb_a98634b tf_w tf_clearfix wow\" data-tf-animation=\"fadeIn\">\n\t    \t\t\t<div class=\"row_inner col_align_top tb_col_count_1 tf_box tf_rel\">\n\t\t            <div  data-lazy=\"1\" class=\"module_column tb-column col-full tb_d6672cc first\">\n                                                        <div class=\"tb-column-inner tf_box tf_w\">\n                        <!-- module text -->\n<div  class=\"module module-text tb_ae4be27  repeat \" data-lazy=\"1\">\n        <div  class=\"tb_text_wrap\">\n        <\/div>\n<\/div>\n<!-- \/module text -->                    <\/div>\n                            <\/div>\n            \t    <\/div>\n\t    <!-- \/row_inner -->\n\t<\/div>\n\t<!-- \/module_row -->\n\t<\/div>\n<!--\/themify_builder_content-->","protected":false},"excerpt":{"rendered":"<p>Trapezgewindetriebe Trapezgewindetriebe bieten eine preisg\u00fcnstige L\u00f6sung f\u00fcr konstruktive Aufgaben im Bereich des Spannens, Positionierens und der Vorschub-Bewegungen. Verwendung Maschinenbau F\u00f6rdertechnik Handhabungstechnik Vorrichtungsbau Hebezeuge Die Vorteile Attraktives Preis- \/ Leistungsverh\u00e4ltnis Niedrige Wartungskosten Robustheit \u2013 Unempfindlichkeit gegen St\u00f6\u00dfe und Verschmutzung Kosteng\u00fcnstig\u00a0<\/p>\n","protected":false},"author":4,"featured_media":0,"parent":5571,"menu_order":0,"comment_status":"closed","ping_status":"closed","template":"","meta":{"om_disable_all_campaigns":false},"builder_content":"<h3>Trapezgewindetriebe<\/h3> <p style=\"text-align: justify;\">Trapezgewindetriebe bieten eine preisg\u00fcnstige L\u00f6sung f\u00fcr konstruktive Aufgaben im Bereich des Spannens, Positionierens und der Vorschub-Bewegungen.<\/p> <p style=\"text-align: justify;\"><strong style=\"background-color: initial; font-size: 1em;\">Verwendung<\/strong><\/p> <ul> <li style=\"text-align: justify;\">Maschinenbau<\/li> <li style=\"text-align: justify;\">F\u00f6rdertechnik<\/li> <li style=\"text-align: justify;\">Handhabungstechnik<\/li> <li style=\"text-align: justify;\">Vorrichtungsbau<\/li> <li style=\"text-align: justify;\">Hebezeuge<\/li> <\/ul>\n<p style=\"text-align: justify;\"><strong>Die Vorteile<\/strong><\/p> <ul> <li style=\"text-align: justify;\">Attraktives Preis- \/ Leistungsverh\u00e4ltnis<\/li> <li style=\"text-align: justify;\">Niedrige Wartungskosten<\/li> <li style=\"text-align: justify;\">Robustheit \u2013 Unempfindlichkeit gegen St\u00f6\u00dfe und Verschmutzung<\/li> <li style=\"text-align: justify;\">Kosteng\u00fcnstig\u00a0<\/li> <\/ul>\n<img src=\"\/wp-content\/uploads\/2018\/02\/NEFF_TGT-Trapezowe.jpg\" title=\"Trapezgewindetriebe\" alt=\"Trapezgewindetriebe\">\n","_links":{"self":[{"href":"https:\/\/jordan-matcon.pl\/de\/wp-json\/wp\/v2\/pages\/5588"}],"collection":[{"href":"https:\/\/jordan-matcon.pl\/de\/wp-json\/wp\/v2\/pages"}],"about":[{"href":"https:\/\/jordan-matcon.pl\/de\/wp-json\/wp\/v2\/types\/page"}],"author":[{"embeddable":true,"href":"https:\/\/jordan-matcon.pl\/de\/wp-json\/wp\/v2\/users\/4"}],"replies":[{"embeddable":true,"href":"https:\/\/jordan-matcon.pl\/de\/wp-json\/wp\/v2\/comments?post=5588"}],"version-history":[{"count":3,"href":"https:\/\/jordan-matcon.pl\/de\/wp-json\/wp\/v2\/pages\/5588\/revisions"}],"predecessor-version":[{"id":8740,"href":"https:\/\/jordan-matcon.pl\/de\/wp-json\/wp\/v2\/pages\/5588\/revisions\/8740"}],"up":[{"embeddable":true,"href":"https:\/\/jordan-matcon.pl\/de\/wp-json\/wp\/v2\/pages\/5571"}],"wp:attachment":[{"href":"https:\/\/jordan-matcon.pl\/de\/wp-json\/wp\/v2\/media?parent=5588"}],"curies":[{"name":"wp","href":"https:\/\/api.w.org\/{rel}","templated":true}]}}