{"id":5571,"date":"2017-12-21T11:53:53","date_gmt":"2017-12-21T10:53:53","guid":{"rendered":"https:\/\/jordan-matcon.pl\/technika-liniowa\/"},"modified":"2023-08-30T14:27:47","modified_gmt":"2023-08-30T12:27:47","slug":"lineartechnik","status":"publish","type":"page","link":"https:\/\/jordan-matcon.pl\/de\/lineartechnik\/","title":{"rendered":"Lineartechnik"},"content":{"rendered":"<!--themify_builder_content-->\n<div id=\"themify_builder_content-5571\" data-postid=\"5571\" class=\"themify_builder_content themify_builder_content-5571 themify_builder tf_clear\">\n    \t\t\t<!-- module_row -->\n\t<div  data-css_id=\"8b6fcaf\" data-lazy=\"1\" class=\"module_row themify_builder_row fullwidth_row_container tb_8b6fcaf tb_first tf_w tf_clearfix wow\" data-tf-animation=\"fadeIn\">\n\t    \t\t\t<div class=\"row_inner col_align_top tb_col_count_1 tf_box tf_rel\">\n\t\t            <div  data-lazy=\"1\" class=\"module_column tb-column col-full tb_904fa2c first\">\n                                                <\/div>\n            \t    <\/div>\n\t    <!-- \/row_inner -->\n\t<\/div>\n\t<!-- \/module_row -->\n\t\t\t\t<!-- module_row -->\n\t<div  data-lazy=\"1\" class=\"module_row themify_builder_row tb_a1e1447 tf_w tf_clearfix\">\n\t    \t\t\t<div class=\"row_inner col_align_top tb_col_count_1 tf_box tf_rel\">\n\t\t            <div  data-lazy=\"1\" class=\"module_column tb-column col-full tb_4e403a1 first\">\n                                                        <div class=\"tb-column-inner tf_box tf_w\">\n                        <!-- module text -->\n<div  class=\"module module-text tb_2050406  repeat \" data-lazy=\"1\">\n        <div  class=\"tb_text_wrap\">\n    <h2>Lineartechnik<\/h2>\n    <\/div>\n<\/div>\n<!-- \/module text --><!-- module text -->\n<div  class=\"module module-text tb_c5de048  repeat \" data-lazy=\"1\">\n        <div  class=\"tb_text_wrap\">\n    <p style=\"text-align: justify;\">Bei JORDAN matcon Sp. z o.o. bieten wir Ihnen bis zu <b>acht Produktgruppen aus dem Bereich der Lineartechnik<\/b> sowie <b>individuelle Konstruktionsl\u00f6sungen<\/b> f\u00fcr den Einsatz im Maschinen- und Anlagenbau.<\/p>\n<p style=\"text-align: justify;\">Darunter bieten wir Ihnen F\u00fchrungsrollen (z.B. Cf53-F\u00fchrungsrollen), Linearf\u00fchrungen (u.a. HGH-Linearf\u00fchrungen), Schienenf\u00fchrungen (auch HGH-Schienenf\u00fchrungen), Kugelgewindetriebe (Kugelumlaufspindel) und Aluminium-Linearf\u00fchrungen.<\/p>\n<p style=\"text-align: justify;\">Dar\u00fcber hinaus bieten wir Hubgetriebe, Drehgelenke, F\u00f6rdersysteme sowie Trapez- oder Kugelgewindetriebe an.<\/p>\n<p style=\"text-align: justify;\">JORDAN matcon ber\u00e4t seine Kunden umfassend und fachkundig, damit die eingekauften Werkstoffe alle Erwartungen hinsichtlich ihrer mechanischen Eigenschaften und ihrer Best\u00e4ndigkeit gegen Chemikalien und Verschlei\u00df erf\u00fcllen.\u00a0<\/p>\n<p style=\"text-align: justify;\">Nachfolgend finden Sie detaillierte Produktinformationen.<\/p>    <\/div>\n<\/div>\n<!-- \/module text -->                    <\/div>\n                            <\/div>\n            \t    <\/div>\n\t    <!-- \/row_inner -->\n\t<\/div>\n\t<!-- \/module_row -->\n\t\t\t\t<!-- module_row -->\n\t<div  data-lazy=\"1\" class=\"module_row themify_builder_row tb_9a94ae6 tf_w tf_clearfix\">\n\t    \t\t\t<div class=\"row_inner col_align_top tb_col_count_4 tf_box tf_rel\">\n\t\t            <div  data-lazy=\"1\" class=\"module_column tb-column col4-1 tb_d6036c5 first\">\n                                                        <div class=\"tb-column-inner tf_box tf_w\">\n                        <!-- module text -->\n<div  class=\"module module-text tb_775fb35  repeat \" data-lazy=\"1\">\n        <div  class=\"tb_text_wrap\">\n    <h4 style=\"text-align: center;\">Rundf\u00fchrungen <\/h4>\n    <\/div>\n<\/div>\n<!-- \/module text --><!-- module buttons -->\n<div  class=\"module module-buttons tb_706ab88 buttons-horizontal solid  small squared\" data-lazy=\"1\">\n    \t<div class=\"module-buttons-item tf_inline_b\">\n\t\t\t\t\t\t\t<a href=\"\/de\/lineartechnik\/rundfuhrungen\/\" class=\"ui builder_button themify_lightbox tb_default_color\" data-zoom-config=\"1200px|800px\">\n\t\t\t\t\t\t\t\t\t\t\t<span class=\"tf_inline_b tf_vmiddle\">Informationen zum Produkt<\/span>\n\t\t\t\t\t\t\t\t\t\t\t<\/a>\n\t\t\t    \t<\/div>\n    <\/div>\n<!-- \/module buttons -->\n                    <\/div>\n                            <\/div>\n                        <div  data-lazy=\"1\" class=\"module_column tb-column col4-1 tb_267cb85\">\n                                                        <div class=\"tb-column-inner tf_box tf_w\">\n                        <!-- module text -->\n<div  class=\"module module-text tb_f478a14  repeat \" data-lazy=\"1\">\n        <div  class=\"tb_text_wrap\">\n    <h4 style=\"text-align: center;\">Kugelgewindetriebe<\/h4>    <\/div>\n<\/div>\n<!-- \/module text --><!-- module buttons -->\n<div  class=\"module module-buttons tb_bc8a7a5 buttons-horizontal solid  small squared\" data-lazy=\"1\">\n    \t<div class=\"module-buttons-item tf_inline_b\">\n\t\t\t\t\t\t\t<a href=\"\/de\/lineartechnik\/kugelgewindetriebe\/\" class=\"ui builder_button themify_lightbox tb_default_color\" data-zoom-config=\"1200px|800px\">\n\t\t\t\t\t\t\t\t\t\t\t<span class=\"tf_inline_b tf_vmiddle\">Informationen zum Produkt<\/span>\n\t\t\t\t\t\t\t\t\t\t\t<\/a>\n\t\t\t    \t<\/div>\n    <\/div>\n<!-- \/module buttons -->\n                    <\/div>\n                            <\/div>\n                        <div  data-lazy=\"1\" class=\"module_column tb-column col4-1 tb_1a8e29b\">\n                                                        <div class=\"tb-column-inner tf_box tf_w\">\n                        <!-- module text -->\n<div  class=\"module module-text tb_691edf2  repeat \" data-lazy=\"1\">\n        <div  class=\"tb_text_wrap\">\n    <h4 style=\"text-align: center;\">Trapezgewindetriebe<\/h4>    <\/div>\n<\/div>\n<!-- \/module text --><!-- module buttons -->\n<div  class=\"module module-buttons tb_6bc3e85 buttons-horizontal solid  small squared\" data-lazy=\"1\">\n    \t<div class=\"module-buttons-item tf_inline_b\">\n\t\t\t\t\t\t\t<a href=\"\/de\/lineartechnik\/trapezgewindetriebe\/\" class=\"ui builder_button themify_lightbox tb_default_color\" data-zoom-config=\"1200px|800px\">\n\t\t\t\t\t\t\t\t\t\t\t<span class=\"tf_inline_b tf_vmiddle\">Informationen zum Produkt<\/span>\n\t\t\t\t\t\t\t\t\t\t\t<\/a>\n\t\t\t    \t<\/div>\n    <\/div>\n<!-- \/module buttons -->\n                    <\/div>\n                            <\/div>\n                        <div  data-lazy=\"1\" class=\"module_column tb-column col4-1 tb_6652332 last\">\n                                                        <div class=\"tb-column-inner tf_box tf_w\">\n                        <!-- module text -->\n<div  class=\"module module-text tb_06e79f5  repeat \" data-lazy=\"1\">\n        <div  class=\"tb_text_wrap\">\n    <h4 style=\"text-align: center;\">Drehverbindungen <\/h4>\n    <\/div>\n<\/div>\n<!-- \/module text --><!-- module buttons -->\n<div  class=\"module module-buttons tb_1911d01 buttons-horizontal solid  small squared\" data-lazy=\"1\">\n    \t<div class=\"module-buttons-item tf_inline_b\">\n\t\t\t\t\t\t\t<a href=\"\/de\/lineartechnik\/drehverbindungen\/\" class=\"ui builder_button themify_lightbox tb_default_color\" data-zoom-config=\"1200px|700px\">\n\t\t\t\t\t\t\t\t\t\t\t<span class=\"tf_inline_b tf_vmiddle\">Informationen zum Produkt<\/span>\n\t\t\t\t\t\t\t\t\t\t\t<\/a>\n\t\t\t    \t<\/div>\n    <\/div>\n<!-- \/module buttons -->\n                    <\/div>\n                            <\/div>\n            \t    <\/div>\n\t    <!-- \/row_inner -->\n\t<\/div>\n\t<!-- \/module_row -->\n\t\t\t\t<!-- module_row -->\n\t<div  data-lazy=\"1\" class=\"module_row themify_builder_row tb_b86a49d tf_w tf_clearfix\">\n\t    \t\t\t<div class=\"row_inner col_align_top tb_col_count_4 tf_box tf_rel\">\n\t\t            <div  data-lazy=\"1\" class=\"module_column tb-column col4-1 tb_4253462 first\">\n                                                        <div class=\"tb-column-inner tf_box tf_w\">\n                        <!-- module text -->\n<div  class=\"module module-text tb_244041c  repeat \" data-lazy=\"1\">\n        <div  class=\"tb_text_wrap\">\n    <h4 style=\"text-align: center;\">Profilschienenf\u00fchrungen<\/h4>\n    <\/div>\n<\/div>\n<!-- \/module text --><!-- module buttons -->\n<div  class=\"module module-buttons tb_d5abee9 buttons-horizontal solid  small squared\" data-lazy=\"1\">\n    \t<div class=\"module-buttons-item tf_inline_b\">\n\t\t\t\t\t\t\t<a href=\"\/de\/lineartechnik\/profilschienenfuhrungen\/\" class=\"ui builder_button themify_lightbox tb_default_color\" data-zoom-config=\"1200px|800px\">\n\t\t\t\t\t\t\t\t\t\t\t<span class=\"tf_inline_b tf_vmiddle\">Informationen zum Produkt<\/span>\n\t\t\t\t\t\t\t\t\t\t\t<\/a>\n\t\t\t    \t<\/div>\n    <\/div>\n<!-- \/module buttons -->\n                    <\/div>\n                            <\/div>\n                        <div  data-lazy=\"1\" class=\"module_column tb-column col4-1 tb_92d44bb\">\n                                                        <div class=\"tb-column-inner tf_box tf_w\">\n                        <!-- module text -->\n<div  class=\"module module-text tb_1b286ed  repeat \" data-lazy=\"1\">\n        <div  class=\"tb_text_wrap\">\n    <h4 style=\"text-align: center;\">Aluminium-Schienenf\u00fchrungen<\/h4>\n    <\/div>\n<\/div>\n<!-- \/module text --><!-- module buttons -->\n<div  class=\"module module-buttons tb_6645b45 buttons-horizontal solid  small squared\" data-lazy=\"1\">\n    \t<div class=\"module-buttons-item tf_inline_b\">\n\t\t\t\t\t\t\t<a href=\"\/de\/lineartechnik\/aluminium-schienenfuhrungen\/\" class=\"ui builder_button themify_lightbox tb_default_color\" data-zoom-config=\"1200px|800px\">\n\t\t\t\t\t\t\t\t\t\t\t<span class=\"tf_inline_b tf_vmiddle\">Informationen zum Produkt<\/span>\n\t\t\t\t\t\t\t\t\t\t\t<\/a>\n\t\t\t    \t<\/div>\n    <\/div>\n<!-- \/module buttons -->\n                    <\/div>\n                            <\/div>\n                        <div  data-lazy=\"1\" class=\"module_column tb-column col4-1 tb_a691413\">\n                                                        <div class=\"tb-column-inner tf_box tf_w\">\n                        <!-- module text -->\n<div  class=\"module module-text tb_58a245c  repeat \" data-lazy=\"1\">\n        <div  class=\"tb_text_wrap\">\n    <h4 style=\"text-align: center;\">F\u00f6rdertechnik (F\u00f6rdersysteme)<\/h4>\n    <\/div>\n<\/div>\n<!-- \/module text --><!-- module buttons -->\n<div  class=\"module module-buttons tb_cc7bc6b buttons-horizontal solid  small squared\" data-lazy=\"1\">\n    \t<div class=\"module-buttons-item tf_inline_b\">\n\t\t\t\t\t\t\t<a href=\"\/de\/lineartechnik\/fordertechnik\/\" class=\"ui builder_button themify_lightbox tb_default_color\" data-zoom-config=\"1200px|700px\">\n\t\t\t\t\t\t\t\t\t\t\t<span class=\"tf_inline_b tf_vmiddle\">Informationen zum Produkt<\/span>\n\t\t\t\t\t\t\t\t\t\t\t<\/a>\n\t\t\t    \t<\/div>\n    <\/div>\n<!-- \/module buttons -->\n                    <\/div>\n                            <\/div>\n                        <div  data-lazy=\"1\" class=\"module_column tb-column col4-1 tb_594c5c7 last\">\n                                                        <div class=\"tb-column-inner tf_box tf_w\">\n                        <!-- module text -->\n<div  class=\"module module-text tb_ee51c9e  repeat \" data-lazy=\"1\">\n        <div  class=\"tb_text_wrap\">\n    <h4 style=\"text-align: center;\">Spindelhubgetriebe<\/h4>\n    <\/div>\n<\/div>\n<!-- \/module text --><!-- module buttons -->\n<div  class=\"module module-buttons tb_52c8abd buttons-horizontal solid  small squared\" data-lazy=\"1\">\n    \t<div class=\"module-buttons-item tf_inline_b\">\n\t\t\t\t\t\t\t<a href=\"\/de\/lineartechnik\/spindelhubgetriebe\/\" class=\"ui builder_button themify_lightbox tb_default_color\" data-zoom-config=\"1200px|700px\">\n\t\t\t\t\t\t\t\t\t\t\t<span class=\"tf_inline_b tf_vmiddle\">Informationen zum Produkt<\/span>\n\t\t\t\t\t\t\t\t\t\t\t<\/a>\n\t\t\t    \t<\/div>\n    <\/div>\n<!-- \/module buttons -->\n                    <\/div>\n                            <\/div>\n            \t    <\/div>\n\t    <!-- \/row_inner -->\n\t<\/div>\n\t<!-- \/module_row -->\n\t<\/div>\n<!--\/themify_builder_content-->","protected":false},"excerpt":{"rendered":"<p>Lineartechnik Bei JORDAN matcon Sp. z o.o. bieten wir Ihnen bis zu acht Produktgruppen aus dem Bereich der Lineartechnik sowie individuelle Konstruktionsl\u00f6sungen f\u00fcr den Einsatz im Maschinen- und Anlagenbau. Darunter bieten wir Ihnen F\u00fchrungsrollen (z.B. Cf53-F\u00fchrungsrollen), Linearf\u00fchrungen (u.a. HGH-Linearf\u00fchrungen), Schienenf\u00fchrungen (auch HGH-Schienenf\u00fchrungen), Kugelgewindetriebe (Kugelumlaufspindel) und Aluminium-Linearf\u00fchrungen. Dar\u00fcber hinaus bieten wir Hubgetriebe, Drehgelenke, F\u00f6rdersysteme sowie Trapez- [&hellip;]<\/p>\n","protected":false},"author":4,"featured_media":0,"parent":0,"menu_order":0,"comment_status":"closed","ping_status":"closed","template":"","meta":{"om_disable_all_campaigns":false},"builder_content":"<h2>Lineartechnik<\/h2>\n<p style=\"text-align: justify;\">Bei JORDAN matcon Sp. z o.o. bieten wir Ihnen bis zu <b>acht Produktgruppen aus dem Bereich der Lineartechnik<\/b> sowie <b>individuelle Konstruktionsl\u00f6sungen<\/b> f\u00fcr den Einsatz im Maschinen- und Anlagenbau.<\/p> <p style=\"text-align: justify;\">Darunter bieten wir Ihnen F\u00fchrungsrollen (z.B. Cf53-F\u00fchrungsrollen), Linearf\u00fchrungen (u.a. HGH-Linearf\u00fchrungen), Schienenf\u00fchrungen (auch HGH-Schienenf\u00fchrungen), Kugelgewindetriebe (Kugelumlaufspindel) und Aluminium-Linearf\u00fchrungen.<\/p> <p style=\"text-align: justify;\">Dar\u00fcber hinaus bieten wir Hubgetriebe, Drehgelenke, F\u00f6rdersysteme sowie Trapez- oder Kugelgewindetriebe an.<\/p> <p style=\"text-align: justify;\">JORDAN matcon ber\u00e4t seine Kunden umfassend und fachkundig, damit die eingekauften Werkstoffe alle Erwartungen hinsichtlich ihrer mechanischen Eigenschaften und ihrer Best\u00e4ndigkeit gegen Chemikalien und Verschlei\u00df erf\u00fcllen.\u00a0<\/p> <p style=\"text-align: justify;\">Nachfolgend finden Sie detaillierte Produktinformationen.<\/p>\n<h4 style=\"text-align: center;\">Rundf\u00fchrungen <\/h4>\n<a href=\"\/de\/lineartechnik\/rundfuhrungen\/\" data-zoom-config=\"1200px|800px\"> Informationen zum Produkt <\/a>\n<h4 style=\"text-align: center;\">Kugelgewindetriebe<\/h4>\n<a href=\"\/de\/lineartechnik\/kugelgewindetriebe\/\" data-zoom-config=\"1200px|800px\"> Informationen zum Produkt <\/a>\n<h4 style=\"text-align: center;\">Trapezgewindetriebe<\/h4>\n<a href=\"\/de\/lineartechnik\/trapezgewindetriebe\/\" data-zoom-config=\"1200px|800px\"> Informationen zum Produkt <\/a>\n<h4 style=\"text-align: center;\">Drehverbindungen <\/h4>\n<a href=\"\/de\/lineartechnik\/drehverbindungen\/\" data-zoom-config=\"1200px|700px\"> Informationen zum Produkt <\/a>\n<h4 style=\"text-align: center;\">Profilschienenf\u00fchrungen<\/h4>\n<a href=\"\/de\/lineartechnik\/profilschienenfuhrungen\/\" data-zoom-config=\"1200px|800px\"> Informationen zum Produkt <\/a>\n<h4 style=\"text-align: center;\">Aluminium-Schienenf\u00fchrungen<\/h4>\n<a href=\"\/de\/lineartechnik\/aluminium-schienenfuhrungen\/\" data-zoom-config=\"1200px|800px\"> Informationen zum Produkt <\/a>\n<h4 style=\"text-align: center;\">F\u00f6rdertechnik (F\u00f6rdersysteme)<\/h4>\n<a href=\"\/de\/lineartechnik\/fordertechnik\/\" data-zoom-config=\"1200px|700px\"> Informationen zum Produkt <\/a>\n<h4 style=\"text-align: center;\">Spindelhubgetriebe<\/h4>\n<a href=\"\/de\/lineartechnik\/spindelhubgetriebe\/\" data-zoom-config=\"1200px|700px\"> Informationen zum Produkt <\/a>","_links":{"self":[{"href":"https:\/\/jordan-matcon.pl\/de\/wp-json\/wp\/v2\/pages\/5571"}],"collection":[{"href":"https:\/\/jordan-matcon.pl\/de\/wp-json\/wp\/v2\/pages"}],"about":[{"href":"https:\/\/jordan-matcon.pl\/de\/wp-json\/wp\/v2\/types\/page"}],"author":[{"embeddable":true,"href":"https:\/\/jordan-matcon.pl\/de\/wp-json\/wp\/v2\/users\/4"}],"replies":[{"embeddable":true,"href":"https:\/\/jordan-matcon.pl\/de\/wp-json\/wp\/v2\/comments?post=5571"}],"version-history":[{"count":3,"href":"https:\/\/jordan-matcon.pl\/de\/wp-json\/wp\/v2\/pages\/5571\/revisions"}],"predecessor-version":[{"id":10359,"href":"https:\/\/jordan-matcon.pl\/de\/wp-json\/wp\/v2\/pages\/5571\/revisions\/10359"}],"wp:attachment":[{"href":"https:\/\/jordan-matcon.pl\/de\/wp-json\/wp\/v2\/media?parent=5571"}],"curies":[{"name":"wp","href":"https:\/\/api.w.org\/{rel}","templated":true}]}}