{"id":5460,"date":"2018-05-22T10:18:18","date_gmt":"2018-05-22T08:18:18","guid":{"rendered":"https:\/\/jordan-matcon.pl\/technische-walzen\/economic-roll\/economicroll-lozyskowanie-dl-w\/"},"modified":"2022-09-12T12:14:38","modified_gmt":"2022-09-12T10:14:38","slug":"economicroll-dl-w","status":"publish","type":"page","link":"https:\/\/jordan-matcon.pl\/de\/technische-walzen\/economic-roll\/economicroll-dl-w\/","title":{"rendered":"EconomicRoll\u00ae DL-W"},"content":{"rendered":"<!--themify_builder_content-->\n<div id=\"themify_builder_content-5460\" data-postid=\"5460\" class=\"themify_builder_content themify_builder_content-5460 themify_builder tf_clear\">\n    \t\t\t<!-- module_row -->\n\t<div  data-lazy=\"1\" class=\"module_row themify_builder_row tb_aca8304 tb_first tf_w tf_clearfix\">\n\t    \t\t\t<div class=\"row_inner col_align_top tb_col_count_1 tf_box tf_rel\">\n\t\t            <div  data-lazy=\"1\" class=\"module_column tb-column col-full tb_ad0fa07 first\">\n                                                        <div class=\"tb-column-inner tf_box tf_w\">\n                        <!-- module text -->\n<div  class=\"module module-text tb_1185790  repeat \" data-lazy=\"1\">\n        <div  class=\"tb_text_wrap\">\n    <h3>EconomicRoll\u00ae DL-W<\/h3>    <\/div>\n<\/div>\n<!-- \/module text -->\t<div  data-lazy=\"1\" class=\"module_subrow themify_builder_sub_row tb_047fef7 tf_w tf_clearfix\">\n\t    \t\t\t<div class=\"subrow_inner gutter-none col_align_middle tb_col_count_3 tf_box tf_w\">\n\t\t            <div  data-lazy=\"1\" class=\"module_column sub_column col4-2 tb_af386d7 first\">\n                                                        <div class=\"tb-column-inner tf_box tf_w\">\n                        <!-- module image -->\n<div  class=\"module module-image tb_e978e08   image-top tf_mw\" data-lazy=\"1\">\n        <div class=\"image-wrap tf_rel tf_mw\">\n\t\t    <img src=\"\/wp-content\/uploads\/2018\/05\/EconomicRoll\u00ae-\u0142o\u017cyskowanie-DL-W.jpg\" title=\"EconomicRoll\u00ae DL-W\" alt=\"EconomicRoll\u00ae DL-W\">\t\n\t\t<\/div>\n\t<!-- \/image-wrap -->\n    \n    \t<\/div>\n<!-- \/module image -->                    <\/div>\n                            <\/div>\n                        <div  data-lazy=\"1\" class=\"module_column sub_column col4-1 tb_3eeacef\">\n                                                        <div class=\"tb-column-inner tf_box tf_w\">\n                        <!-- module text -->\n<div  class=\"module module-text tb_1e4fa79  repeat \" data-lazy=\"1\">\n        <div  class=\"tb_text_wrap\">\n    <p>Gesamtl\u00e4nge L\u00a0<br \/>Rohrl\u00e4nge WOB\u00a0<br \/>Lagerung DL-W\u00a0<\/p>    <\/div>\n<\/div>\n<!-- \/module text -->                    <\/div>\n                            <\/div>\n                        <div  data-lazy=\"1\" class=\"module_column sub_column col4-1 tb_2727820 last\">\n                                                        <div class=\"tb-column-inner tf_box tf_w\">\n                        <!-- module image -->\n<div  class=\"module module-image tb_2823d82   image-top tf_mw\" data-lazy=\"1\">\n        <div class=\"image-wrap tf_rel tf_mw\">\n\t\t    <img src=\"\/wp-content\/uploads\/2018\/06\/Header-DLW.jpg\" title=\"EconomicRoll\u00ae DL-W\" alt=\"EconomicRoll\u00ae DL-W\">\t\n\t\t<\/div>\n\t<!-- \/image-wrap -->\n    \n    \t<\/div>\n<!-- \/module image -->                    <\/div>\n                            <\/div>\n            \t    <\/div>\n\t<\/div><!-- \/themify_builder_sub_row -->\n\t<!-- module text -->\n<div  class=\"module module-text tb_f4e995f  repeat \" data-lazy=\"1\">\n        <div  class=\"tb_text_wrap\">\n    <p><strong>EconomicRoll\u00ae DL-W &#8211; Produkt\u00fcbersicht<\/strong><\/p>\n\n<table id=\"tablepress-75\" class=\"tablepress tablepress-id-75\">\n<thead>\n<tr class=\"row-1 odd\">\n\t<th colspan=\"7\" class=\"column-1\">EconomicRoll\u00ae z przelotow\u0105 osi\u0105 \/ wa\u0142em<\/th>\n<\/tr>\n<\/thead>\n<tbody class=\"row-hover\">\n<tr class=\"row-2 even\">\n\t<td class=\"column-1\"><\/td><td class=\"column-2\">ER 60<\/td><td class=\"column-3\">ER 80<\/td><td class=\"column-4\">ER 100<\/td><td class=\"column-5\">ER 120<\/td><td class=\"column-6\">ER 160<\/td><td class=\"column-7\">ER 200<\/td>\n<\/tr>\n<tr class=\"row-3 odd\">\n\t<td class=\"column-1\">D [mm]<\/td><td class=\"column-2\">60<\/td><td class=\"column-3\">80<\/td><td class=\"column-4\">100<\/td><td class=\"column-5\">120<\/td><td class=\"column-6\">160<\/td><td class=\"column-7\">200<\/td>\n<\/tr>\n<tr class=\"row-4 even\">\n\t<td class=\"column-1\">d1 [mm]<\/td><td class=\"column-2\">31<\/td><td class=\"column-3\">40<\/td><td class=\"column-4\">53<\/td><td class=\"column-5\">60<\/td><td class=\"column-6\">60<\/td><td class=\"column-7\">77<\/td>\n<\/tr>\n<tr class=\"row-5 odd\">\n\t<td class=\"column-1\">Gniazdo \u0142o\u017cyska \u00d8 (mm)<\/td><td class=\"column-2\">32<\/td><td class=\"column-3\">42<\/td><td class=\"column-4\">55<\/td><td class=\"column-5\">62<\/td><td class=\"column-6\">62<\/td><td class=\"column-7\">80<\/td>\n<\/tr>\n<tr class=\"row-6 even\">\n\t<td class=\"column-1\">DW [mm]<\/td><td class=\"column-2\">12\/ 15\/ 20<\/td><td class=\"column-3\">15\/ 20\/ 25\/ 30<\/td><td class=\"column-4\">30\/ 35<\/td><td colspan=\"2\" class=\"column-5\">25\/ 30\/ 35\/ 40<\/td><td class=\"column-7\">35\/ 40\/ 50\/ 55<\/td>\n<\/tr>\n<tr class=\"row-7 odd\">\n\t<td class=\"column-1\">L, WOB, l, M<\/td><td colspan=\"6\" class=\"column-2\">Do wyboru<\/td>\n<\/tr>\n<\/tbody>\n<\/table>\n\n    <\/div>\n<\/div>\n<!-- \/module text -->                    <\/div>\n                            <\/div>\n            \t    <\/div>\n\t    <!-- \/row_inner -->\n\t<\/div>\n\t<!-- \/module_row -->\n\t<\/div>\n<!--\/themify_builder_content-->","protected":false},"excerpt":{"rendered":"<p>EconomicRoll\u00ae DL-W<\/p>\n","protected":false},"author":4,"featured_media":0,"parent":5423,"menu_order":2,"comment_status":"closed","ping_status":"closed","template":"","meta":{"om_disable_all_campaigns":false},"builder_content":"<h3>EconomicRoll\u00ae DL-W<\/h3>\n<img src=\"\/wp-content\/uploads\/2018\/05\/EconomicRoll\u00ae-\u0142o\u017cyskowanie-DL-W.jpg\" title=\"EconomicRoll\u00ae DL-W\" alt=\"EconomicRoll\u00ae DL-W\">\n<p>Gesamtl\u00e4nge L\u00a0<br \/>Rohrl\u00e4nge WOB\u00a0<br \/>Lagerung DL-W\u00a0<\/p>\n<img src=\"\/wp-content\/uploads\/2018\/06\/Header-DLW.jpg\" title=\"EconomicRoll\u00ae DL-W\" alt=\"EconomicRoll\u00ae DL-W\">\n<p><strong>EconomicRoll\u00ae DL-W - Produkt\u00fcbersicht<\/strong><\/p> <p>[table id=75 \/]<\/p>","_links":{"self":[{"href":"https:\/\/jordan-matcon.pl\/de\/wp-json\/wp\/v2\/pages\/5460"}],"collection":[{"href":"https:\/\/jordan-matcon.pl\/de\/wp-json\/wp\/v2\/pages"}],"about":[{"href":"https:\/\/jordan-matcon.pl\/de\/wp-json\/wp\/v2\/types\/page"}],"author":[{"embeddable":true,"href":"https:\/\/jordan-matcon.pl\/de\/wp-json\/wp\/v2\/users\/4"}],"replies":[{"embeddable":true,"href":"https:\/\/jordan-matcon.pl\/de\/wp-json\/wp\/v2\/comments?post=5460"}],"version-history":[{"count":1,"href":"https:\/\/jordan-matcon.pl\/de\/wp-json\/wp\/v2\/pages\/5460\/revisions"}],"predecessor-version":[{"id":8029,"href":"https:\/\/jordan-matcon.pl\/de\/wp-json\/wp\/v2\/pages\/5460\/revisions\/8029"}],"up":[{"embeddable":true,"href":"https:\/\/jordan-matcon.pl\/de\/wp-json\/wp\/v2\/pages\/5423"}],"wp:attachment":[{"href":"https:\/\/jordan-matcon.pl\/de\/wp-json\/wp\/v2\/media?parent=5460"}],"curies":[{"name":"wp","href":"https:\/\/api.w.org\/{rel}","templated":true}]}}