{"id":5416,"date":"2018-05-21T13:33:11","date_gmt":"2018-05-21T11:33:11","guid":{"rendered":"https:\/\/jordan-matcon.pl\/walki-techniczne\/"},"modified":"2023-08-30T14:28:27","modified_gmt":"2023-08-30T12:28:27","slug":"technische-walzen","status":"publish","type":"page","link":"https:\/\/jordan-matcon.pl\/de\/technische-walzen\/","title":{"rendered":"Technische Walzen"},"content":{"rendered":"<p><\/p>\n<!--themify_builder_content-->\n<div id=\"themify_builder_content-5416\" data-postid=\"5416\" class=\"themify_builder_content themify_builder_content-5416 themify_builder tf_clear\">\n    \t\t\t<!-- module_row -->\n\t<div  data-css_id=\"daabf64\" data-lazy=\"1\" class=\"module_row themify_builder_row fullwidth_row_container tb_daabf64 tb_first tf_w tf_clearfix wow\" data-tf-animation=\"fadeIn\">\n\t    \t\t\t<div class=\"row_inner col_align_top tb_col_count_1 tf_box tf_rel\">\n\t\t            <div  data-lazy=\"1\" class=\"module_column tb-column col-full tb_aeb7689 first\">\n                                                <\/div>\n            \t    <\/div>\n\t    <!-- \/row_inner -->\n\t<\/div>\n\t<!-- \/module_row -->\n\t\t\t\t<!-- module_row -->\n\t<div  data-lazy=\"1\" class=\"module_row themify_builder_row tb_62a36d5 tf_w tf_clearfix\">\n\t    \t\t\t<div class=\"row_inner col_align_top tb_col_count_1 tf_box tf_rel\">\n\t\t            <div  data-lazy=\"1\" class=\"module_column tb-column col-full tb_a9ba259 first\">\n                                                        <div class=\"tb-column-inner tf_box tf_w\">\n                        <!-- module text -->\n<div  class=\"module module-text tb_070f9c0  repeat \" data-lazy=\"1\">\n        <div  class=\"tb_text_wrap\">\n    <h2>Technische Walzen<\/h2>\n    <\/div>\n<\/div>\n<!-- \/module text --><!-- module text -->\n<div  class=\"module module-text tb_461809d  repeat \" data-lazy=\"1\">\n        <div  class=\"tb_text_wrap\">\n    <p style=\"text-align: justify;\">Die Walzen werden im Maschinenbau eingesetzt, um verschiedene im Coil vorhandene Materialien (Folie, Papier, Gewebe, Vlies usw.) bei der Weiterverarbeitung zu leiten. Durch die richtige Auswahl der Walzentypen und ihrer Beschichtungen wird zu viel Spannung und Dehnung der Materialbahn vermieden und ein reibungsloser Ablauf im Produktionsprozess gew\u00e4hrleistet. Um einen optimalen Betrieb der Walzen im Produktionsprozess zu gew\u00e4hrleisten, wird deren Drehbewegung an der Richtmaschine \u00fcberpr\u00fcft und eingestellt.<\/p>\n<p style=\"text-align: justify;\">Auf Kundenwunsch k\u00f6nnen die Rollen zus\u00e4tzlich dynamisch ausgewuchtet werden.<\/p>\n<h5><strong>Die Produktgruppen unserer technischen Walzen:<\/strong><\/h5>\n<ul>\n<li>ECONOMIC Roll &#8211; die bessere L\u00f6sung f\u00fcr die unterschiedlichsten Anwendungen<\/li>\n<li>Aluminiumwalzen &#8211; wenn Gewicht entscheidend ist<\/li>\n<li>Stahlwalzen &#8211; f\u00fcr den extremen Belastungsfall<\/li>\n<li>\n<p><span style=\"background-color: initial; font-size: 1em;\">Breitstreckwalzen &#8211; die EcoStretchRoll ist eine v\u00f6llig neue Art der Breitstreckwalze.<\/span><\/p>\n<\/li>\n<\/ul>    <\/div>\n<\/div>\n<!-- \/module text -->                    <\/div>\n                            <\/div>\n            \t    <\/div>\n\t    <!-- \/row_inner -->\n\t<\/div>\n\t<!-- \/module_row -->\n\t\t\t\t<!-- module_row -->\n\t<div  data-lazy=\"1\" class=\"module_row themify_builder_row tb_2b865b2 tf_w tf_clearfix\">\n\t    \t\t\t<div class=\"row_inner col_align_top tb_col_count_4 tf_box tf_rel\">\n\t\t            <div  data-lazy=\"1\" class=\"module_column tb-column col4-1 tb_c03e930 first\">\n                                                        <div class=\"tb-column-inner tf_box tf_w\">\n                        <!-- module text -->\n<div  class=\"module module-text tb_ea7b76d  repeat \" data-lazy=\"1\">\n        <div  class=\"tb_text_wrap\">\n    <h4 style=\"text-align: center;\">Economic Roll<\/h4>    <\/div>\n<\/div>\n<!-- \/module text --><!-- module buttons -->\n<div  class=\"module module-buttons tb_c7bce7d buttons-horizontal solid  small squared\" data-lazy=\"1\">\n    \t<div class=\"module-buttons-item tf_inline_b\">\n\t\t\t\t\t\t\t<a href=\"\/de\/technische-walzen\/economic-roll\/\" class=\"ui builder_button tb_default_color\" >\n\t\t\t\t\t\t\t\t\t\t\t<span class=\"tf_inline_b tf_vmiddle\">Informationen zum Produkt<\/span>\n\t\t\t\t\t\t\t\t\t\t\t<\/a>\n\t\t\t    \t<\/div>\n    <\/div>\n<!-- \/module buttons -->\n                    <\/div>\n                            <\/div>\n                        <div  data-lazy=\"1\" class=\"module_column tb-column col4-1 tb_8ca8574\">\n                                                        <div class=\"tb-column-inner tf_box tf_w\">\n                        <!-- module text -->\n<div  class=\"module module-text tb_6bdc544  repeat \" data-lazy=\"1\">\n        <div  class=\"tb_text_wrap\">\n    <h4 style=\"text-align: center;\">Aluminiumwalzen<\/h4>\n    <\/div>\n<\/div>\n<!-- \/module text --><!-- module buttons -->\n<div  class=\"module module-buttons tb_73b2432 buttons-horizontal solid  small squared\" data-lazy=\"1\">\n    \t<div class=\"module-buttons-item tf_inline_b\">\n\t\t\t\t\t\t\t<a href=\"\/de\/technische-walzen\/aluminiumwalzen\/\" class=\"ui builder_button tb_default_color\" >\n\t\t\t\t\t\t\t\t\t\t\t<span class=\"tf_inline_b tf_vmiddle\">Informationen zum Produkt<\/span>\n\t\t\t\t\t\t\t\t\t\t\t<\/a>\n\t\t\t    \t<\/div>\n    <\/div>\n<!-- \/module buttons -->\n                    <\/div>\n                            <\/div>\n                        <div  data-lazy=\"1\" class=\"module_column tb-column col4-1 tb_897af12\">\n                                                        <div class=\"tb-column-inner tf_box tf_w\">\n                        <!-- module text -->\n<div  class=\"module module-text tb_085d1be  repeat \" data-lazy=\"1\">\n        <div  class=\"tb_text_wrap\">\n    <h4 style=\"text-align: center;\">Stahlwalzen<\/h4>    <\/div>\n<\/div>\n<!-- \/module text --><!-- module buttons -->\n<div  class=\"module module-buttons tb_a8a6225 buttons-horizontal solid  small squared\" data-lazy=\"1\">\n    \t<div class=\"module-buttons-item tf_inline_b\">\n\t\t\t\t\t\t\t<a href=\"\/de\/technische-walzen\/stahlwalzen\/\" class=\"ui builder_button tb_default_color\" >\n\t\t\t\t\t\t\t\t\t\t\t<span class=\"tf_inline_b tf_vmiddle\">Informationen zum Produkt<\/span>\n\t\t\t\t\t\t\t\t\t\t\t<\/a>\n\t\t\t    \t<\/div>\n    <\/div>\n<!-- \/module buttons -->\n                    <\/div>\n                            <\/div>\n                        <div  data-lazy=\"1\" class=\"module_column tb-column col4-1 tb_1513896 last\">\n                                                        <div class=\"tb-column-inner tf_box tf_w\">\n                        <!-- module text -->\n<div  class=\"module module-text tb_72f5159  repeat \" data-lazy=\"1\">\n        <div  class=\"tb_text_wrap\">\n    <h4 style=\"text-align: center;\">Breitstreckwalzen<\/h4>\n    <\/div>\n<\/div>\n<!-- \/module text --><!-- module buttons -->\n<div  class=\"module module-buttons tb_9dce4bf buttons-horizontal solid  small squared\" data-lazy=\"1\">\n    \t<div class=\"module-buttons-item tf_inline_b\">\n\t\t\t\t\t\t\t<a href=\"\/de\/technische-walzen\/breitstreckwalzen\/\" class=\"ui builder_button tb_default_color\" >\n\t\t\t\t\t\t\t\t\t\t\t<span class=\"tf_inline_b tf_vmiddle\">Informationen zum Produkt<\/span>\n\t\t\t\t\t\t\t\t\t\t\t<\/a>\n\t\t\t    \t<\/div>\n    <\/div>\n<!-- \/module buttons -->\n                    <\/div>\n                            <\/div>\n            \t    <\/div>\n\t    <!-- \/row_inner -->\n\t<\/div>\n\t<!-- \/module_row -->\n\t<\/div>\n<!--\/themify_builder_content-->\n\n<p><\/p>","protected":false},"excerpt":{"rendered":"<p>Technische Walzen Die Walzen werden im Maschinenbau eingesetzt, um verschiedene im Coil vorhandene Materialien (Folie, Papier, Gewebe, Vlies usw.) bei der Weiterverarbeitung zu leiten. Durch die richtige Auswahl der Walzentypen und ihrer Beschichtungen wird zu viel Spannung und Dehnung der Materialbahn vermieden und ein reibungsloser Ablauf im Produktionsprozess gew\u00e4hrleistet. Um einen optimalen Betrieb der Walzen [&hellip;]<\/p>\n","protected":false},"author":4,"featured_media":0,"parent":0,"menu_order":0,"comment_status":"closed","ping_status":"closed","template":"","meta":{"om_disable_all_campaigns":false},"builder_content":"<h2>Technische Walzen<\/h2>\n<p style=\"text-align: justify;\">Die Walzen werden im Maschinenbau eingesetzt, um verschiedene im Coil vorhandene Materialien (Folie, Papier, Gewebe, Vlies usw.) bei der Weiterverarbeitung zu leiten. Durch die richtige Auswahl der Walzentypen und ihrer Beschichtungen wird zu viel Spannung und Dehnung der Materialbahn vermieden und ein reibungsloser Ablauf im Produktionsprozess gew\u00e4hrleistet. Um einen optimalen Betrieb der Walzen im Produktionsprozess zu gew\u00e4hrleisten, wird deren Drehbewegung an der Richtmaschine \u00fcberpr\u00fcft und eingestellt.<\/p> <p style=\"text-align: justify;\">Auf Kundenwunsch k\u00f6nnen die Rollen zus\u00e4tzlich dynamisch ausgewuchtet werden.<\/p> <h5><strong>Die Produktgruppen unserer technischen Walzen:<\/strong><\/h5> <ul> <li>ECONOMIC Roll - die bessere L\u00f6sung f\u00fcr die unterschiedlichsten Anwendungen<\/li> <li>Aluminiumwalzen - wenn Gewicht entscheidend ist<\/li> <li>Stahlwalzen - f\u00fcr den extremen Belastungsfall<\/li> <li> <p>Breitstreckwalzen - die EcoStretchRoll ist eine v\u00f6llig neue Art der Breitstreckwalze.<\/p> <\/li> <\/ul>\n<h4 style=\"text-align: center;\">Economic Roll<\/h4>\n<a href=\"\/de\/technische-walzen\/economic-roll\/\" > Informationen zum Produkt <\/a>\n<h4 style=\"text-align: center;\">Aluminiumwalzen<\/h4>\n<a href=\"\/de\/technische-walzen\/aluminiumwalzen\/\" > Informationen zum Produkt <\/a>\n<h4 style=\"text-align: center;\">Stahlwalzen<\/h4>\n<a href=\"\/de\/technische-walzen\/stahlwalzen\/\" > Informationen zum Produkt <\/a>\n<h4 style=\"text-align: center;\">Breitstreckwalzen<\/h4>\n<a href=\"\/de\/technische-walzen\/breitstreckwalzen\/\" > Informationen zum Produkt <\/a>","_links":{"self":[{"href":"https:\/\/jordan-matcon.pl\/de\/wp-json\/wp\/v2\/pages\/5416"}],"collection":[{"href":"https:\/\/jordan-matcon.pl\/de\/wp-json\/wp\/v2\/pages"}],"about":[{"href":"https:\/\/jordan-matcon.pl\/de\/wp-json\/wp\/v2\/types\/page"}],"author":[{"embeddable":true,"href":"https:\/\/jordan-matcon.pl\/de\/wp-json\/wp\/v2\/users\/4"}],"replies":[{"embeddable":true,"href":"https:\/\/jordan-matcon.pl\/de\/wp-json\/wp\/v2\/comments?post=5416"}],"version-history":[{"count":3,"href":"https:\/\/jordan-matcon.pl\/de\/wp-json\/wp\/v2\/pages\/5416\/revisions"}],"predecessor-version":[{"id":10360,"href":"https:\/\/jordan-matcon.pl\/de\/wp-json\/wp\/v2\/pages\/5416\/revisions\/10360"}],"wp:attachment":[{"href":"https:\/\/jordan-matcon.pl\/de\/wp-json\/wp\/v2\/media?parent=5416"}],"curies":[{"name":"wp","href":"https:\/\/api.w.org\/{rel}","templated":true}]}}