{"id":5282,"date":"2018-11-15T08:52:49","date_gmt":"2018-11-15T07:52:49","guid":{"rendered":"https:\/\/jordan-matcon.pl\/ogolne-warunki-dostaw\/"},"modified":"2023-04-24T12:34:24","modified_gmt":"2023-04-24T10:34:24","slug":"allgemeinen-geschaftsbedingungen","status":"publish","type":"page","link":"https:\/\/jordan-matcon.pl\/de\/allgemeinen-geschaftsbedingungen\/","title":{"rendered":"Allgemeine Gesch\u00e4ftsbedingungen"},"content":{"rendered":"<!--themify_builder_content-->\n<div id=\"themify_builder_content-5282\" data-postid=\"5282\" class=\"themify_builder_content themify_builder_content-5282 themify_builder tf_clear\">\n    \t\t\t<!-- module_row -->\n\t<div  data-css_id=\"35c9a2c\" data-lazy=\"1\" class=\"module_row themify_builder_row fullwidth_row_container tb_35c9a2c tb_first tf_w tf_clearfix wow\" data-tf-animation=\"fadeIn\">\n\t    \t\t\t<div class=\"row_inner col_align_top tb_col_count_1 tf_box tf_rel\">\n\t\t            <div  data-lazy=\"1\" class=\"module_column tb-column col-full tb_c377778 first\">\n                                                <\/div>\n            \t    <\/div>\n\t    <!-- \/row_inner -->\n\t<\/div>\n\t<!-- \/module_row -->\n\t\t\t\t<!-- module_row -->\n\t<div  data-lazy=\"1\" class=\"module_row themify_builder_row tb_42ef7ab tf_w tf_clearfix\">\n\t    \t\t\t<div class=\"row_inner col_align_top tb_col_count_1 tf_box tf_rel\">\n\t\t            <div  data-lazy=\"1\" class=\"module_column tb-column col-full tb_ca40de2 first\">\n                                                        <div class=\"tb-column-inner tf_box tf_w\">\n                        <!-- module text -->\n<div  class=\"module module-text tb_5ca4606  repeat \" data-lazy=\"1\">\n        <div  class=\"tb_text_wrap\">\n    <h2>Allgemeine Gesch\u00e4ftsbedingungen<\/h2>    <\/div>\n<\/div>\n<!-- \/module text --><!-- module text -->\n<div  class=\"module module-text tb_3450f7c  repeat \" data-lazy=\"1\">\n        <div  class=\"tb_text_wrap\">\n    <p style=\"text-align: justify;\">Unsere Allgemeine Gesch\u00e4ftsbedingungen halten wir f\u00fcr Sie als Download im PDF Format zur lokalen Speicherung oder Ausdruck bereit.<br><span style=\"background-color: initial; font-size: 1em;\">Wir empfehlen allen Kunden, das nachstehende Dokument zu lesen:<\/span><\/p>    <\/div>\n<\/div>\n<!-- \/module text -->                    <\/div>\n                            <\/div>\n            \t    <\/div>\n\t    <!-- \/row_inner -->\n\t<\/div>\n\t<!-- \/module_row -->\n\t\t\t\t<!-- module_row -->\n\t<div  data-lazy=\"1\" class=\"module_row themify_builder_row tb_wffv613 tf_w tf_clearfix wow\" data-tf-animation=\"fadeIn\">\n\t    \t\t\t<div class=\"row_inner col_align_top tb_col_count_2 tf_box tf_rel\">\n\t\t            <div  data-lazy=\"1\" class=\"module_column tb-column col3-2 tb_ty41613 first\">\n                                                        <div class=\"tb-column-inner tf_box tf_w\">\n                        \t<div  data-lazy=\"1\" class=\"module_subrow themify_builder_sub_row tb_23qb614 tf_w tf_clearfix\">\n\t    \t\t\t<div class=\"subrow_inner col_align_middle gutter-none tb_col_count_2 tf_box tf_w\">\n\t\t            <div  data-lazy=\"1\" class=\"module_column sub_column col3-1 tb_2tqb615 first\">\n                                                        <div class=\"tb-column-inner tf_box tf_w\">\n                        <!-- module image -->\n<div  class=\"module module-image tb_0fxh615   image-center tf_mw hide-tablet hide-mobile\" data-lazy=\"1\">\n        <div class=\"image-wrap tf_rel tf_mw\">\n\t\t    <a href=\"#\"\n\t        rel=\"noopener\" target=\"_blank\"\t       >\n\t\t   \t\t<img src=\"https:\/\/jordan-matcon.pl\/wp-content\/uploads\/2022\/11\/Ecertificate-PL-1.jpg\" class=\"wp-post-image wp-image-8759\" title=\"Ecertificate-PL-1\" alt=\"Ecertificate-PL-1\" srcset=\"https:\/\/jordan-matcon.pl\/wp-content\/uploads\/2022\/11\/Ecertificate-PL-1.jpg 413w, https:\/\/jordan-matcon.pl\/wp-content\/uploads\/2022\/11\/Ecertificate-PL-1-212x300.jpg 212w\" sizes=\"(max-width: 413px) 100vw, 413px\" \/>\t    <\/a>\n\t\n\t\t<\/div>\n\t<!-- \/image-wrap -->\n    \n    \t<\/div>\n<!-- \/module image --><!-- module image -->\n<div  class=\"module module-image tb_j6lm893   image-center tf_mw hide-desktop hide-tablet_landscape\" data-lazy=\"1\">\n        <div class=\"image-wrap tf_rel tf_mw\">\n\t\t    <a href=\"#\"\n\t        rel=\"noopener\" target=\"_blank\"\t       >\n\t\t   \t\t<img src=\"https:\/\/jordan-matcon.pl\/wp-content\/uploads\/2022\/11\/Ecertificate-PL-1-247x350.jpg\" height=\"350\" class=\"wp-post-image wp-image-8759\" title=\"Ecertificate-PL-1\" alt=\"Ecertificate-PL-1\">\t    <\/a>\n\t\n\t\t<\/div>\n\t<!-- \/image-wrap -->\n    \n    \t<\/div>\n<!-- \/module image -->                    <\/div>\n                            <\/div>\n                        <div  data-lazy=\"1\" class=\"module_column sub_column col3-2 tb_0yw2615 last\">\n                                                        <div class=\"tb-column-inner tf_box tf_w\">\n                        <!-- module text -->\n<div  class=\"module module-text tb_jjoi615   \" data-lazy=\"1\">\n        <div  class=\"tb_text_wrap\">\n    <h5><a href=\"#\" target=\"_blank\" rel=\"noopener\">Download: Herunterladen<\/a><\/h5>    <\/div>\n<\/div>\n<!-- \/module text -->                    <\/div>\n                            <\/div>\n            \t    <\/div>\n\t<\/div><!-- \/themify_builder_sub_row -->\n\t                    <\/div>\n                            <\/div>\n                        <div  data-lazy=\"1\" class=\"module_column tb-column col3-1 tb_hv38616 last\">\n                                                <\/div>\n            \t    <\/div>\n\t    <!-- \/row_inner -->\n\t<\/div>\n\t<!-- \/module_row -->\n\t<\/div>\n<!--\/themify_builder_content-->","protected":false},"excerpt":{"rendered":"<p>Allgemeine Gesch\u00e4ftsbedingungen Unsere Allgemeine Gesch\u00e4ftsbedingungen halten wir f\u00fcr Sie als Download im PDF Format zur lokalen Speicherung oder Ausdruck bereit.Wir empfehlen allen Kunden, das nachstehende Dokument zu lesen: Download: Herunterladen<\/p>\n","protected":false},"author":4,"featured_media":0,"parent":0,"menu_order":0,"comment_status":"closed","ping_status":"closed","template":"","meta":{"om_disable_all_campaigns":false},"builder_content":"<h2>Allgemeine Gesch\u00e4ftsbedingungen<\/h2>\n<p style=\"text-align: justify;\">Unsere Allgemeine Gesch\u00e4ftsbedingungen halten wir f\u00fcr Sie als Download im PDF Format zur lokalen Speicherung oder Ausdruck bereit.<br>Wir empfehlen allen Kunden, das nachstehende Dokument zu lesen:<\/p>\n<a href=\"#\" rel=\"noopener\" target=\"_blank\" > <img src=\"https:\/\/jordan-matcon.pl\/wp-content\/uploads\/2022\/11\/Ecertificate-PL-1.jpg\" title=\"Ecertificate-PL-1\" alt=\"Ecertificate-PL-1\" srcset=\"https:\/\/jordan-matcon.pl\/wp-content\/uploads\/2022\/11\/Ecertificate-PL-1.jpg 413w, https:\/\/jordan-matcon.pl\/wp-content\/uploads\/2022\/11\/Ecertificate-PL-1-212x300.jpg 212w\" sizes=\"(max-width: 413px) 100vw, 413px\" \/> <\/a>\n<a href=\"#\" rel=\"noopener\" target=\"_blank\" > <img src=\"https:\/\/jordan-matcon.pl\/wp-content\/uploads\/2022\/11\/Ecertificate-PL-1-247x350.jpg\" height=\"350\" title=\"Ecertificate-PL-1\" alt=\"Ecertificate-PL-1\"> <\/a>\n<h5><a href=\"#\" target=\"_blank\" rel=\"noopener\">Download: Herunterladen<\/a><\/h5>","_links":{"self":[{"href":"https:\/\/jordan-matcon.pl\/de\/wp-json\/wp\/v2\/pages\/5282"}],"collection":[{"href":"https:\/\/jordan-matcon.pl\/de\/wp-json\/wp\/v2\/pages"}],"about":[{"href":"https:\/\/jordan-matcon.pl\/de\/wp-json\/wp\/v2\/types\/page"}],"author":[{"embeddable":true,"href":"https:\/\/jordan-matcon.pl\/de\/wp-json\/wp\/v2\/users\/4"}],"replies":[{"embeddable":true,"href":"https:\/\/jordan-matcon.pl\/de\/wp-json\/wp\/v2\/comments?post=5282"}],"version-history":[{"count":3,"href":"https:\/\/jordan-matcon.pl\/de\/wp-json\/wp\/v2\/pages\/5282\/revisions"}],"predecessor-version":[{"id":9883,"href":"https:\/\/jordan-matcon.pl\/de\/wp-json\/wp\/v2\/pages\/5282\/revisions\/9883"}],"wp:attachment":[{"href":"https:\/\/jordan-matcon.pl\/de\/wp-json\/wp\/v2\/media?parent=5282"}],"curies":[{"name":"wp","href":"https:\/\/api.w.org\/{rel}","templated":true}]}}