{"id":5275,"date":"2018-11-15T08:44:57","date_gmt":"2018-11-15T07:44:57","guid":{"rendered":"https:\/\/jordan-matcon.pl\/historia\/"},"modified":"2023-04-24T12:29:43","modified_gmt":"2023-04-24T10:29:43","slug":"unsere-geschichte","status":"publish","type":"page","link":"https:\/\/jordan-matcon.pl\/de\/unsere-geschichte\/","title":{"rendered":"Unsere Geschichte"},"content":{"rendered":"<!--themify_builder_content-->\n<div id=\"themify_builder_content-5275\" data-postid=\"5275\" class=\"themify_builder_content themify_builder_content-5275 themify_builder tf_clear\">\n    \t\t\t<!-- module_row -->\n\t<div  data-css_id=\"35c9a2c\" data-lazy=\"1\" class=\"module_row themify_builder_row fullwidth_row_container tb_35c9a2c tb_first tf_w tf_clearfix wow\" data-tf-animation=\"fadeIn\">\n\t    \t\t\t<div class=\"row_inner col_align_top tb_col_count_1 tf_box tf_rel\">\n\t\t            <div  data-lazy=\"1\" class=\"module_column tb-column col-full tb_c377778 first\">\n                                                <\/div>\n            \t    <\/div>\n\t    <!-- \/row_inner -->\n\t<\/div>\n\t<!-- \/module_row -->\n\t\t\t\t<!-- module_row -->\n\t<div  data-lazy=\"1\" class=\"module_row themify_builder_row tb_753eb23 tf_w tf_clearfix\">\n\t    \t\t\t<div class=\"row_inner col_align_top tb_col_count_1 tf_box tf_rel\">\n\t\t            <div  data-lazy=\"1\" class=\"module_column tb-column col-full tb_5726762 first\">\n                                                        <div class=\"tb-column-inner tf_box tf_w\">\n                        <!-- module text -->\n<div  class=\"module module-text tb_3586ae6  repeat \" data-lazy=\"1\">\n        <div  class=\"tb_text_wrap\">\n    <h2 style=\"text-align: left;\">Unsere Geschichte<\/h2>\n    <\/div>\n<\/div>\n<!-- \/module text --><!-- module timeline -->\n<div  id=\"tb_51a935f\" class=\"module tf_hidden tf_lazy module-timeline tb_51a935f layout-list  wow\" data-tf-animation=\"fadeInUp\" data-lazy=\"1\">\n    <ul class=\"tf_rel\">\n\t\t\t<li id=\"timeline-0\" class=\"timeline-post with-icon \">\n\t\t\t<span class=\"module-timeline-date tf_box tf_textr\">\n\t\t\t\tJuli 2016 \t\t\t<\/span>\n\t\t\t    \t\t\t\t    <i class=\"module-timeline-icon\" style=\"background-color:#002f5b;\"><svg  class=\"tf_fa tf-fas-sitemap\" aria-hidden=\"true\"><use href=\"#tf-fas-sitemap\"><\/use><\/svg><\/i>\n\t\n\t\t\t\t\t\t<div class=\"module-timeline-content-wrap tf_box tf_right\">\n\t\t\t\t<div class=\"module-timeline-content\">\n\t\t\t\t    \t\t\t\t    \t\t\t\t    \t\t\t\t\t\t<div class=\"entry-content\" itemprop=\"articleBody\">\n\t\t\t\t\t\t\t<p>Erweiterung des Sortiments um technische Walzen (Maschinenbau)<\/p>\t\t\t\t\t\t<\/div><!-- \/.entry-content -->\n\t\t\t\t    \t\t\t\t<\/div><!-- \/.timeline-content -->\n\t\t\t<\/div><!-- \/.timeline-content-wrap -->\n\t\t<\/li>\n\t\t\t<li id=\"timeline-1\" class=\"timeline-post with-icon \">\n\t\t\t<span class=\"module-timeline-date tf_box tf_textr\">\n\t\t\t\tJuni 2015\t\t\t<\/span>\n\t\t\t    \t\t\t\t    <i class=\"module-timeline-icon\" style=\"background-color:#002f5b;\"><svg  class=\"tf_fa tf-fas-expand-alt\" aria-hidden=\"true\"><use href=\"#tf-fas-expand-alt\"><\/use><\/svg><\/i>\n\t\n\t\t\t\t\t\t<div class=\"module-timeline-content-wrap tf_box tf_right\">\n\t\t\t\t<div class=\"module-timeline-content\">\n\t\t\t\t    \t\t\t\t    \t\t\t\t    \t\t\t\t\t\t<div class=\"entry-content\" itemprop=\"articleBody\">\n\t\t\t\t\t\t\t<p>Ausbau des Lagers und Inbetriebnahme eines \u00fcberbr\u00fcckenden <b>automatischen Hochregallagers<\/b> mit einer Kapazit\u00e4t von ca. 850 Tonnen<\/p>\t\t\t\t\t\t<\/div><!-- \/.entry-content -->\n\t\t\t\t    \t\t\t\t<\/div><!-- \/.timeline-content -->\n\t\t\t<\/div><!-- \/.timeline-content-wrap -->\n\t\t<\/li>\n\t\t\t<li id=\"timeline-2\" class=\"timeline-post with-icon \">\n\t\t\t<span class=\"module-timeline-date tf_box tf_textr\">\n\t\t\t\tMai 2014\t\t\t<\/span>\n\t\t\t    \t\t\t\t    <i class=\"module-timeline-icon\" style=\"background-color:#002f5b;\"><svg  class=\"tf_fa tf-fas-sitemap\" aria-hidden=\"true\"><use href=\"#tf-fas-sitemap\"><\/use><\/svg><\/i>\n\t\n\t\t\t\t\t\t<div class=\"module-timeline-content-wrap tf_box tf_right\">\n\t\t\t\t<div class=\"module-timeline-content\">\n\t\t\t\t    \t\t\t\t    \t\t\t\t    \t\t\t\t\t\t<div class=\"entry-content\" itemprop=\"articleBody\">\n\t\t\t\t\t\t\t<p>Erweiterung des Sortiments um Aluminium-Modulprofile (Maschinenbau)<\/p>\t\t\t\t\t\t<\/div><!-- \/.entry-content -->\n\t\t\t\t    \t\t\t\t<\/div><!-- \/.timeline-content -->\n\t\t\t<\/div><!-- \/.timeline-content-wrap -->\n\t\t<\/li>\n\t\t\t<li id=\"timeline-3\" class=\"timeline-post with-icon \">\n\t\t\t<span class=\"module-timeline-date tf_box tf_textr\">\n\t\t\t\tApril 2010 \t\t\t<\/span>\n\t\t\t    \t\t\t\t    <i class=\"module-timeline-icon\" style=\"background-color:#002f5b;\"><svg  class=\"tf_fa tf-fas-sitemap\" aria-hidden=\"true\"><use href=\"#tf-fas-sitemap\"><\/use><\/svg><\/i>\n\t\n\t\t\t\t\t\t<div class=\"module-timeline-content-wrap tf_box tf_right\">\n\t\t\t\t<div class=\"module-timeline-content\">\n\t\t\t\t    \t\t\t\t    \t\t\t\t    \t\t\t\t\t\t<div class=\"entry-content\" itemprop=\"articleBody\">\n\t\t\t\t\t\t\t<p>Sortimentserweiterung mit Kunststoffplatten und Walzen (Maschinenbau)<\/p>\t\t\t\t\t\t<\/div><!-- \/.entry-content -->\n\t\t\t\t    \t\t\t\t<\/div><!-- \/.timeline-content -->\n\t\t\t<\/div><!-- \/.timeline-content-wrap -->\n\t\t<\/li>\n\t\t\t<li id=\"timeline-4\" class=\"timeline-post with-icon \">\n\t\t\t<span class=\"module-timeline-date tf_box tf_textr\">\n\t\t\t\tOktober 2007\t\t\t<\/span>\n\t\t\t    \t\t\t\t    <i class=\"module-timeline-icon\" style=\"background-color:#002f5b;\"><svg  class=\"tf_fa tf-ti-medall\" aria-hidden=\"true\"><use href=\"#tf-ti-medall\"><\/use><\/svg><\/i>\n\t\n\t\t\t\t\t\t<div class=\"module-timeline-content-wrap tf_box tf_right\">\n\t\t\t\t<div class=\"module-timeline-content\">\n\t\t\t\t    \t\t\t\t    \t\t\t\t    \t\t\t\t\t\t<div class=\"entry-content\" itemprop=\"articleBody\">\n\t\t\t\t\t\t\t<p>Einf\u00fchrung des <b>Qualit\u00e4tsmanagementsystems <\/b>DIN EN ISO 9001: 2000<\/p>\t\t\t\t\t\t<\/div><!-- \/.entry-content -->\n\t\t\t\t    \t\t\t\t<\/div><!-- \/.timeline-content -->\n\t\t\t<\/div><!-- \/.timeline-content-wrap -->\n\t\t<\/li>\n\t\t\t<li id=\"timeline-5\" class=\"timeline-post with-icon \">\n\t\t\t<span class=\"module-timeline-date tf_box tf_textr\">\n\t\t\t\tM\u00e4rz 2006\t\t\t<\/span>\n\t\t\t    \t\t\t\t    <i class=\"module-timeline-icon\" style=\"background-color:#002f5b;\"><svg  class=\"tf_fa tf-fas-sitemap\" aria-hidden=\"true\"><use href=\"#tf-fas-sitemap\"><\/use><\/svg><\/i>\n\t\n\t\t\t\t\t\t<div class=\"module-timeline-content-wrap tf_box tf_right\">\n\t\t\t\t<div class=\"module-timeline-content\">\n\t\t\t\t    \t\t\t\t    \t\t\t\t    \t\t\t\t\t\t<div class=\"entry-content\" itemprop=\"articleBody\">\n\t\t\t\t\t\t\t<p>Erweiterung des Sortiments um Produkte im Bereich der Lineartechnik (Maschinenbau)<\/p>\t\t\t\t\t\t<\/div><!-- \/.entry-content -->\n\t\t\t\t    \t\t\t\t<\/div><!-- \/.timeline-content -->\n\t\t\t<\/div><!-- \/.timeline-content-wrap -->\n\t\t<\/li>\n\t\t\t<li id=\"timeline-6\" class=\"timeline-post with-icon \">\n\t\t\t<span class=\"module-timeline-date tf_box tf_textr\">\n\t\t\t\tJuli 2006 \t\t\t<\/span>\n\t\t\t    \t\t\t\t    <i class=\"module-timeline-icon\" style=\"background-color:#002f5b;\"><svg  class=\"tf_fa tf-ti-map-alt\" aria-hidden=\"true\"><use href=\"#tf-ti-map-alt\"><\/use><\/svg><\/i>\n\t\n\t\t\t\t\t\t<div class=\"module-timeline-content-wrap tf_box tf_right\">\n\t\t\t\t<div class=\"module-timeline-content\">\n\t\t\t\t    \t\t\t\t    \t\t\t\t    \t\t\t\t\t\t<div class=\"entry-content\" itemprop=\"articleBody\">\n\t\t\t\t\t\t\t<p>Umzug in den <b>neu errichteten Firmensitz<\/b> in \u015aroda Wlkp., Kijewo 50 (B\u00fcro 600 m\u00b2 + Lager 1600 m\u00b2)<\/p>\t\t\t\t\t\t<\/div><!-- \/.entry-content -->\n\t\t\t\t    \t\t\t\t<\/div><!-- \/.timeline-content -->\n\t\t\t<\/div><!-- \/.timeline-content-wrap -->\n\t\t<\/li>\n\t\t\t<li id=\"timeline-7\" class=\"timeline-post with-icon \">\n\t\t\t<span class=\"module-timeline-date tf_box tf_textr\">\n\t\t\t\tJuli 2005\t\t\t<\/span>\n\t\t\t    \t\t\t\t    <i class=\"module-timeline-icon\" style=\"background-color:#002f5b;\"><svg  class=\"tf_fa tf-ti-package\" aria-hidden=\"true\"><use href=\"#tf-ti-package\"><\/use><\/svg><\/i>\n\t\n\t\t\t\t\t\t<div class=\"module-timeline-content-wrap tf_box tf_right\">\n\t\t\t\t<div class=\"module-timeline-content\">\n\t\t\t\t    \t\t\t\t    \t\t\t\t    \t\t\t\t\t\t<div class=\"entry-content\" itemprop=\"articleBody\">\n\t\t\t\t\t\t\t<p>Inbetriebsetzung anderer Lagerfl\u00e4chen am aktuellen Standort<\/p>\t\t\t\t\t\t<\/div><!-- \/.entry-content -->\n\t\t\t\t    \t\t\t\t<\/div><!-- \/.timeline-content -->\n\t\t\t<\/div><!-- \/.timeline-content-wrap -->\n\t\t<\/li>\n\t\t\t<li id=\"timeline-8\" class=\"timeline-post with-icon \">\n\t\t\t<span class=\"module-timeline-date tf_box tf_textr\">\n\t\t\t\tNovember 2005\t\t\t<\/span>\n\t\t\t    \t\t\t\t    <i class=\"module-timeline-icon\" style=\"background-color:#002f5b;\"><svg  class=\"tf_fa tf-ti-hummer\" aria-hidden=\"true\"><use href=\"#tf-ti-hummer\"><\/use><\/svg><\/i>\n\t\n\t\t\t\t\t\t<div class=\"module-timeline-content-wrap tf_box tf_right\">\n\t\t\t\t<div class=\"module-timeline-content\">\n\t\t\t\t    \t\t\t\t    \t\t\t\t    \t\t\t\t\t\t<div class=\"entry-content\" itemprop=\"articleBody\">\n\t\t\t\t\t\t\t<p>Entscheidung \u00fcber den Bau eines neuen Firmensitzes<\/p>\t\t\t\t\t\t<\/div><!-- \/.entry-content -->\n\t\t\t\t    \t\t\t\t<\/div><!-- \/.timeline-content -->\n\t\t\t<\/div><!-- \/.timeline-content-wrap -->\n\t\t<\/li>\n\t\t\t<li id=\"timeline-9\" class=\"timeline-post with-icon \">\n\t\t\t<span class=\"module-timeline-date tf_box tf_textr\">\n\t\t\t\tJanuar 2004\t\t\t<\/span>\n\t\t\t    \t\t\t\t    <i class=\"module-timeline-icon\" style=\"background-color:#002f5b;\"><svg  class=\"tf_fa tf-ti-package\" aria-hidden=\"true\"><use href=\"#tf-ti-package\"><\/use><\/svg><\/i>\n\t\n\t\t\t\t\t\t<div class=\"module-timeline-content-wrap tf_box tf_right\">\n\t\t\t\t<div class=\"module-timeline-content\">\n\t\t\t\t    \t\t\t\t    \t\t\t\t    \t\t\t\t\t\t<div class=\"entry-content\" itemprop=\"articleBody\">\n\t\t\t\t\t\t\t<p>Inbetriebsetzung zus\u00e4tzlicher Lagerfl\u00e4chen im Firmensitz<\/p>\t\t\t\t\t\t<\/div><!-- \/.entry-content -->\n\t\t\t\t    \t\t\t\t<\/div><!-- \/.timeline-content -->\n\t\t\t<\/div><!-- \/.timeline-content-wrap -->\n\t\t<\/li>\n\t\t\t<li id=\"timeline-10\" class=\"timeline-post with-icon \">\n\t\t\t<span class=\"module-timeline-date tf_box tf_textr\">\n\t\t\t\tFebruar 2002\t\t\t<\/span>\n\t\t\t    \t\t\t\t    <i class=\"module-timeline-icon\" style=\"background-color:#002f5b;\"><svg  class=\"tf_fa tf-ti-crown\" aria-hidden=\"true\"><use href=\"#tf-ti-crown\"><\/use><\/svg><\/i>\n\t\n\t\t\t\t\t\t<div class=\"module-timeline-content-wrap tf_box tf_right\">\n\t\t\t\t<div class=\"module-timeline-content\">\n\t\t\t\t    \t\t\t\t    \t\t\t\t    \t\t\t\t\t\t<div class=\"entry-content\" itemprop=\"articleBody\">\n\t\t\t\t\t\t\t<p>Inbetriebnahme <b>des ersten Lagers mit gezogenem Stahl in Polen<\/b> (Maschinenbau)<\/p>\t\t\t\t\t\t<\/div><!-- \/.entry-content -->\n\t\t\t\t    \t\t\t\t<\/div><!-- \/.timeline-content -->\n\t\t\t<\/div><!-- \/.timeline-content-wrap -->\n\t\t<\/li>\n\t\t\t<li id=\"timeline-11\" class=\"timeline-post with-icon \">\n\t\t\t<span class=\"module-timeline-date tf_box tf_textr\">\n\t\t\t\tDezember 2001\t\t\t<\/span>\n\t\t\t    \t\t\t\t    <i class=\"module-timeline-icon\" style=\"background-color:#002f5b;\"><svg  class=\"tf_fa tf-ti-home\" aria-hidden=\"true\"><use href=\"#tf-ti-home\"><\/use><\/svg><\/i>\n\t\n\t\t\t\t\t\t<div class=\"module-timeline-content-wrap tf_box tf_right\">\n\t\t\t\t<div class=\"module-timeline-content\">\n\t\t\t\t    \t\t\t\t    \t\t\t\t    \t\t\t\t\t\t<div class=\"entry-content\" itemprop=\"articleBody\">\n\t\t\t\t\t\t\t<p>Gr\u00fcndung eines Handelsb\u00fcros JORDAN matcon Sp. z o.o. in Sroda Wlkp.<\/p>\t\t\t\t\t\t<\/div><!-- \/.entry-content -->\n\t\t\t\t    \t\t\t\t<\/div><!-- \/.timeline-content -->\n\t\t\t<\/div><!-- \/.timeline-content-wrap -->\n\t\t<\/li>\n\t\t\t<li id=\"timeline-12\" class=\"timeline-post with-icon \">\n\t\t\t<span class=\"module-timeline-date tf_box tf_textr\">\n\t\t\t\tDezember 2000\t\t\t<\/span>\n\t\t\t    \t\t\t\t    <i class=\"module-timeline-icon\" style=\"background-color:#002f5b;\"><svg  class=\"tf_fa tf-ti-shine\" aria-hidden=\"true\"><use href=\"#tf-ti-shine\"><\/use><\/svg><\/i>\n\t\n\t\t\t\t\t\t<div class=\"module-timeline-content-wrap tf_box tf_right\">\n\t\t\t\t<div class=\"module-timeline-content\">\n\t\t\t\t    \t\t\t\t    \t\t\t\t    \t\t\t\t\t\t<div class=\"entry-content\" itemprop=\"articleBody\">\n\t\t\t\t\t\t\t<p>Gr\u00fcndung der Gesellschaft JORDAN matcon Sp. z o.o.<\/p>\t\t\t\t\t\t<\/div><!-- \/.entry-content -->\n\t\t\t\t    \t\t\t\t<\/div><!-- \/.timeline-content -->\n\t\t\t<\/div><!-- \/.timeline-content-wrap -->\n\t\t<\/li>\n\t<\/ul><\/div>\n<!-- \/module timeline -->                    <\/div>\n                            <\/div>\n            \t    <\/div>\n\t    <!-- \/row_inner -->\n\t<\/div>\n\t<!-- \/module_row -->\n\t<\/div>\n<!--\/themify_builder_content-->","protected":false},"excerpt":{"rendered":"<p>Unsere Geschichte Juli 2016 Erweiterung des Sortiments um technische Walzen (Maschinenbau) Juni 2015 Ausbau des Lagers und Inbetriebnahme eines \u00fcberbr\u00fcckenden automatischen Hochregallagers mit einer Kapazit\u00e4t von ca. 850 Tonnen Mai 2014 Erweiterung des Sortiments um Aluminium-Modulprofile (Maschinenbau) April 2010 Sortimentserweiterung mit Kunststoffplatten und Walzen (Maschinenbau) Oktober 2007 Einf\u00fchrung des Qualit\u00e4tsmanagementsystems DIN EN ISO 9001: 2000 [&hellip;]<\/p>\n","protected":false},"author":4,"featured_media":0,"parent":0,"menu_order":0,"comment_status":"closed","ping_status":"closed","template":"","meta":{"om_disable_all_campaigns":false},"builder_content":"<h2 style=\"text-align: left;\">Unsere Geschichte<\/h2>\n<ul> <li id=\"timeline-0\"> Juli 2016 <i style=\"background-color:#002f5b;\"><svg aria-hidden=\"true\"><use href=\"#tf-fas-sitemap\"><\/use><\/svg><\/i> <p>Erweiterung des Sortiments um technische Walzen (Maschinenbau)<\/p> <\/li> <li id=\"timeline-1\"> Juni 2015 <i style=\"background-color:#002f5b;\"><svg aria-hidden=\"true\"><use href=\"#tf-fas-expand-alt\"><\/use><\/svg><\/i> <p>Ausbau des Lagers und Inbetriebnahme eines \u00fcberbr\u00fcckenden <b>automatischen Hochregallagers<\/b> mit einer Kapazit\u00e4t von ca. 850 Tonnen<\/p> <\/li> <li id=\"timeline-2\"> Mai 2014 <i style=\"background-color:#002f5b;\"><svg aria-hidden=\"true\"><use href=\"#tf-fas-sitemap\"><\/use><\/svg><\/i> <p>Erweiterung des Sortiments um Aluminium-Modulprofile (Maschinenbau)<\/p> <\/li> <li id=\"timeline-3\"> April 2010 <i style=\"background-color:#002f5b;\"><svg aria-hidden=\"true\"><use href=\"#tf-fas-sitemap\"><\/use><\/svg><\/i> <p>Sortimentserweiterung mit Kunststoffplatten und Walzen (Maschinenbau)<\/p> <\/li> <li id=\"timeline-4\"> Oktober 2007 <i style=\"background-color:#002f5b;\"><svg aria-hidden=\"true\"><use href=\"#tf-ti-medall\"><\/use><\/svg><\/i> <p>Einf\u00fchrung des <b>Qualit\u00e4tsmanagementsystems <\/b>DIN EN ISO 9001: 2000<\/p> <\/li> <li id=\"timeline-5\"> M\u00e4rz 2006 <i style=\"background-color:#002f5b;\"><svg aria-hidden=\"true\"><use href=\"#tf-fas-sitemap\"><\/use><\/svg><\/i> <p>Erweiterung des Sortiments um Produkte im Bereich der Lineartechnik (Maschinenbau)<\/p> <\/li> <li id=\"timeline-6\"> Juli 2006 <i style=\"background-color:#002f5b;\"><svg aria-hidden=\"true\"><use href=\"#tf-ti-map-alt\"><\/use><\/svg><\/i> <p>Umzug in den <b>neu errichteten Firmensitz<\/b> in \u015aroda Wlkp., Kijewo 50 (B\u00fcro 600 m\u00b2 + Lager 1600 m\u00b2)<\/p> <\/li> <li id=\"timeline-7\"> Juli 2005 <i style=\"background-color:#002f5b;\"><svg aria-hidden=\"true\"><use href=\"#tf-ti-package\"><\/use><\/svg><\/i> <p>Inbetriebsetzung anderer Lagerfl\u00e4chen am aktuellen Standort<\/p> <\/li> <li id=\"timeline-8\"> November 2005 <i style=\"background-color:#002f5b;\"><svg aria-hidden=\"true\"><use href=\"#tf-ti-hummer\"><\/use><\/svg><\/i> <p>Entscheidung \u00fcber den Bau eines neuen Firmensitzes<\/p> <\/li> <li id=\"timeline-9\"> Januar 2004 <i style=\"background-color:#002f5b;\"><svg aria-hidden=\"true\"><use href=\"#tf-ti-package\"><\/use><\/svg><\/i> <p>Inbetriebsetzung zus\u00e4tzlicher Lagerfl\u00e4chen im Firmensitz<\/p> <\/li> <li id=\"timeline-10\"> Februar 2002 <i style=\"background-color:#002f5b;\"><svg aria-hidden=\"true\"><use href=\"#tf-ti-crown\"><\/use><\/svg><\/i> <p>Inbetriebnahme <b>des ersten Lagers mit gezogenem Stahl in Polen<\/b> (Maschinenbau)<\/p> <\/li> <li id=\"timeline-11\"> Dezember 2001 <i style=\"background-color:#002f5b;\"><svg aria-hidden=\"true\"><use href=\"#tf-ti-home\"><\/use><\/svg><\/i> <p>Gr\u00fcndung eines Handelsb\u00fcros JORDAN matcon Sp. z o.o. in Sroda Wlkp.<\/p> <\/li> <li id=\"timeline-12\"> Dezember 2000 <i style=\"background-color:#002f5b;\"><svg aria-hidden=\"true\"><use href=\"#tf-ti-shine\"><\/use><\/svg><\/i> <p>Gr\u00fcndung der Gesellschaft JORDAN matcon Sp. z o.o.<\/p> <\/li> <\/ul>","_links":{"self":[{"href":"https:\/\/jordan-matcon.pl\/de\/wp-json\/wp\/v2\/pages\/5275"}],"collection":[{"href":"https:\/\/jordan-matcon.pl\/de\/wp-json\/wp\/v2\/pages"}],"about":[{"href":"https:\/\/jordan-matcon.pl\/de\/wp-json\/wp\/v2\/types\/page"}],"author":[{"embeddable":true,"href":"https:\/\/jordan-matcon.pl\/de\/wp-json\/wp\/v2\/users\/4"}],"replies":[{"embeddable":true,"href":"https:\/\/jordan-matcon.pl\/de\/wp-json\/wp\/v2\/comments?post=5275"}],"version-history":[{"count":2,"href":"https:\/\/jordan-matcon.pl\/de\/wp-json\/wp\/v2\/pages\/5275\/revisions"}],"predecessor-version":[{"id":9881,"href":"https:\/\/jordan-matcon.pl\/de\/wp-json\/wp\/v2\/pages\/5275\/revisions\/9881"}],"wp:attachment":[{"href":"https:\/\/jordan-matcon.pl\/de\/wp-json\/wp\/v2\/media?parent=5275"}],"curies":[{"name":"wp","href":"https:\/\/api.w.org\/{rel}","templated":true}]}}