{"id":11417,"date":"2025-02-13T09:14:24","date_gmt":"2025-02-13T08:14:24","guid":{"rendered":"https:\/\/jordan-matcon.pl\/?page_id=11417"},"modified":"2026-04-01T09:24:04","modified_gmt":"2026-04-01T07:24:04","slug":"videogalerie","status":"publish","type":"page","link":"https:\/\/jordan-matcon.pl\/de\/videogalerie\/","title":{"rendered":"Videogalerie"},"content":{"rendered":"<!--themify_builder_content-->\n<div id=\"themify_builder_content-11417\" data-postid=\"11417\" class=\"themify_builder_content themify_builder_content-11417 themify_builder tf_clear\">\n    \t\t\t<!-- module_row -->\n\t<div  data-css_id=\"39to411\" data-lazy=\"1\" class=\"module_row themify_builder_row fullwidth_row_container tb_39to411 tb_first tf_w tf_clearfix wow\" data-tf-animation=\"fadeIn\">\n\t    \t\t\t<div class=\"row_inner col_align_top tb_col_count_1 tf_box tf_rel\">\n\t\t            <div  data-lazy=\"1\" class=\"module_column tb-column col-full tb_jk8l411 first\">\n                                                        <div class=\"tb-column-inner tf_box tf_w\">\n                        <!-- module text -->\n<div  class=\"module module-text tb_afer411  repeat \" data-lazy=\"1\">\n        <div  class=\"tb_text_wrap\">\n    <h3>Videogalerie<\/h3>    <\/div>\n<\/div>\n<!-- \/module text -->                    <\/div>\n                            <\/div>\n            \t    <\/div>\n\t    <!-- \/row_inner -->\n\t<\/div>\n\t<!-- \/module_row -->\n\t\t\t\t<!-- module_row -->\n\t<div  data-lazy=\"1\" class=\"module_row themify_builder_row tb_g3tq178 tf_w tf_clearfix\">\n\t    \t\t\t<div class=\"row_inner col_align_top tb_col_count_1 tf_box tf_rel\">\n\t\t            <div  data-lazy=\"1\" class=\"module_column tb-column col-full tb_l88s178 first\">\n                                                        <div class=\"tb-column-inner tf_box tf_w\">\n                        \t<div  data-lazy=\"1\" class=\"module_subrow themify_builder_sub_row tb_8y99178 tf_w tf_clearfix\">\n\t    \t\t\t<div class=\"subrow_inner col_align_top tb_col_count_1 tf_box tf_w\">\n\t\t            <div  data-lazy=\"1\" class=\"module_column sub_column col-full tb_5n72178 first\">\n                                                        <div class=\"tb-column-inner tf_box tf_w\">\n                        <!-- module text -->\n<div  class=\"module module-text tb_ewvn178   \" data-lazy=\"1\">\n        <div  class=\"tb_text_wrap\">\n        <\/div>\n<\/div>\n<!-- \/module text --><!-- module text -->\n<div  class=\"module module-text tb_3mox178   \" data-lazy=\"1\">\n        <div  class=\"tb_text_wrap\">\n    <p><b>Verfolgen Sie unsere YouTube-Videos<\/b>, um einen besseren Eindruck von unseren Dienstleistungen, Produkten und neuesten Projekten zu bekommen!<\/p>\n<div>\u00a0<\/div>    <\/div>\n<\/div>\n<!-- \/module text --><!-- module text -->\n<div  class=\"module module-text tb_pwra178   \" data-lazy=\"1\">\n        <div  class=\"tb_text_wrap\">\n    <h6 style=\"text-align: center;\"><span style=\"color: #002f5b;\"><span style=\"font-size: 17.6px;\"><b>W\u00c4HLEN SIE EINE KATEGORIE <\/b>ODER SEHEN SIE SICH ALLE VIDEOS AN<\/span><\/span><\/h6>    <\/div>\n<\/div>\n<!-- \/module text -->                    <\/div>\n                            <\/div>\n            \t    <\/div>\n\t<\/div><!-- \/themify_builder_sub_row -->\n\t                    <\/div>\n                            <\/div>\n            \t    <\/div>\n\t    <!-- \/row_inner -->\n\t<\/div>\n\t<!-- \/module_row -->\n\t\t\t\t<!-- module_row -->\n\t<div  data-lazy=\"1\" class=\"module_row themify_builder_row tb_ptcv812 tf_w tf_clearfix\">\n\t    \t\t\t<div class=\"row_inner col_align_top tb_col_count_5 tf_box tf_rel\">\n\t\t            <div  data-lazy=\"1\" class=\"module_column tb-column col5-1 tb_ztle209 first\">\n                                                <\/div>\n                        <div  data-lazy=\"1\" class=\"module_column tb-column col5-1 tb_kiil812\">\n                                                        <div class=\"tb-column-inner tf_box tf_w\">\n                        <!-- module buttons -->\n<div  class=\"module module-buttons tb_nfmj812 buttons-horizontal solid  large squared\" data-lazy=\"1\">\n    \t<div class=\"module-buttons-item tf_inline_b\">\n\t\t\t\t\t\t\t<a href=\"\/de\/lernen-sie-uns-kennen\/\" class=\"ui builder_button tb_default_color\" >\n\t\t\t\t\t\t\t\t\t\t\t<span class=\"tf_inline_b tf_vmiddle\">\u00fcber uns<\/span>\n\t\t\t\t\t\t\t\t\t\t\t<\/a>\n\t\t\t    \t<\/div>\n    <\/div>\n<!-- \/module buttons -->\n                    <\/div>\n                            <\/div>\n                        <div  data-lazy=\"1\" class=\"module_column tb-column col5-1 tb_dcyz812\">\n                                                        <div class=\"tb-column-inner tf_box tf_w\">\n                        <!-- module buttons -->\n<div  class=\"module module-buttons tb_9t11812 buttons-horizontal solid  large squared\" data-lazy=\"1\">\n    \t<div class=\"module-buttons-item tf_inline_b\">\n\t\t\t\t\t\t\t<a href=\"\/de\/dienstleistungen\/\" class=\"ui builder_button tb_default_color\" >\n\t\t\t\t\t\t\t\t\t\t\t<span class=\"tf_inline_b tf_vmiddle\">DIENSTLEISTUNGEN<\/span>\n\t\t\t\t\t\t\t\t\t\t\t<\/a>\n\t\t\t    \t<\/div>\n    <\/div>\n<!-- \/module buttons -->\n                    <\/div>\n                            <\/div>\n                        <div  data-lazy=\"1\" class=\"module_column tb-column col5-1 tb_739v812\">\n                                                        <div class=\"tb-column-inner tf_box tf_w\">\n                        <!-- module buttons -->\n<div  class=\"module module-buttons tb_u6f2812 buttons-horizontal solid  large squared\" data-lazy=\"1\">\n    \t<div class=\"module-buttons-item tf_inline_b\">\n\t\t\t\t\t\t\t<a href=\"\/de\/produkte\/\" class=\"ui builder_button tb_default_color\" >\n\t\t\t\t\t\t\t\t\t\t\t<span class=\"tf_inline_b tf_vmiddle\">PRODUKTE<\/span>\n\t\t\t\t\t\t\t\t\t\t\t<\/a>\n\t\t\t    \t<\/div>\n    <\/div>\n<!-- \/module buttons -->\n                    <\/div>\n                            <\/div>\n                        <div  data-lazy=\"1\" class=\"module_column tb-column col5-1 tb_rj0b812 last\">\n                                                <\/div>\n            \t    <\/div>\n\t    <!-- \/row_inner -->\n\t<\/div>\n\t<!-- \/module_row -->\n\t\t\t\t<!-- module_row -->\n\t<div  data-lazy=\"1\" class=\"module_row themify_builder_row tb_mxs6338 tf_w tf_clearfix\">\n\t    \t\t\t<div class=\"row_inner col_align_top tb_col_count_1 tf_box tf_rel\">\n\t\t            <div  data-lazy=\"1\" class=\"module_column tb-column col-full tb_fxjq338 first\">\n                                                        <div class=\"tb-column-inner tf_box tf_w\">\n                        \t<div  data-lazy=\"1\" class=\"module_subrow themify_builder_sub_row tb_01nr338 tf_w tf_clearfix\">\n\t    \t\t\t<div class=\"subrow_inner col_align_top gutter-none tb_col_count_2 tf_box tf_w\">\n\t\t            <div  data-lazy=\"1\" class=\"module_column sub_column col4-2 tb_lawn339 first\">\n                                                        <div class=\"tb-column-inner tf_box tf_w\">\n                        <!-- module text -->\n<div  class=\"module module-text tb_5pd4339  repeat \" data-lazy=\"1\">\n        <div  class=\"tb_text_wrap\">\n    <p><iframe loading=\"lazy\" src=\"https:\/\/www.youtube.com\/embed\/T97vrLFcbC0?rel=0&amp;modestbranding=1\" width=\"560\" height=\"315\" frameborder=\"0\" allowfullscreen=\"allowfullscreen\"><\/iframe><\/p>\n    <\/div>\n<\/div>\n<!-- \/module text -->                    <\/div>\n                            <\/div>\n                        <div  data-lazy=\"1\" class=\"module_column sub_column col4-2 tb_g3aq339 last\">\n                                                        <div class=\"tb-column-inner tf_box tf_w\">\n                        <!-- module text -->\n<div  class=\"module module-text tb_bzf5339  repeat \" data-lazy=\"1\">\n        <div  class=\"tb_text_wrap\">\n    <p><br>CNC-Drehen und CNC-Fr\u00e4sen<\/p>    <\/div>\n<\/div>\n<!-- \/module text --><!-- module text -->\n<div  class=\"module module-text tb_haim339  repeat \" data-lazy=\"1\">\n        <div  class=\"tb_text_wrap\">\n    <h6 style=\"text-align: left;\"><span style=\"font-size: 19.36px;\">Entdecken Sie unsere Neuheit im Angebot &#8211; CNC!<\/span><\/h6>    <\/div>\n<\/div>\n<!-- \/module text -->                    <\/div>\n                            <\/div>\n            \t    <\/div>\n\t<\/div><!-- \/themify_builder_sub_row -->\n\t\t<div  data-lazy=\"1\" class=\"module_subrow themify_builder_sub_row tb_zdcl826 tf_w tf_clearfix\">\n\t    \t\t\t<div class=\"subrow_inner col_align_top gutter-none tb_col_count_2 tf_box tf_w\">\n\t\t            <div  data-lazy=\"1\" class=\"module_column sub_column col4-2 tb_v9hb826 first\">\n                                                        <div class=\"tb-column-inner tf_box tf_w\">\n                        <!-- module text -->\n<div  class=\"module module-text tb_ygh8826  repeat \" data-lazy=\"1\">\n        <div  class=\"tb_text_wrap\">\n    <p><iframe loading=\"lazy\" src=\"https:\/\/www.youtube.com\/embed\/PLfwRtQAacw?rel=0&amp;modestbranding=1\" width=\"560\" height=\"315\" frameborder=\"0\" allowfullscreen=\"allowfullscreen\"><\/iframe><\/p>\n    <\/div>\n<\/div>\n<!-- \/module text -->                    <\/div>\n                            <\/div>\n                        <div  data-lazy=\"1\" class=\"module_column sub_column col4-2 tb_yfcf826 last\">\n                                                        <div class=\"tb-column-inner tf_box tf_w\">\n                        <!-- module text -->\n<div  class=\"module module-text tb_npb0826  repeat \" data-lazy=\"1\">\n        <div  class=\"tb_text_wrap\">\n    <p><br>Kunststoff schneiden<\/p>    <\/div>\n<\/div>\n<!-- \/module text --><!-- module text -->\n<div  class=\"module module-text tb_pp0d827  repeat \" data-lazy=\"1\">\n        <div  class=\"tb_text_wrap\">\n    <h6 style=\"text-align: left;\"><br><span style=\"font-size: 19.36px;\">Sehen Sie, wie wir Ihre Polyethylen-Bestellung bearbeiten.<\/span><\/h6>    <\/div>\n<\/div>\n<!-- \/module text -->                    <\/div>\n                            <\/div>\n            \t    <\/div>\n\t<\/div><!-- \/themify_builder_sub_row -->\n\t\t<div  data-lazy=\"1\" class=\"module_subrow themify_builder_sub_row tb_00mh767 tf_w tf_clearfix\">\n\t    \t\t\t<div class=\"subrow_inner col_align_top gutter-none tb_col_count_2 tf_box tf_w\">\n\t\t            <div  data-lazy=\"1\" class=\"module_column sub_column col4-2 tb_p2r5767 first\">\n                                                        <div class=\"tb-column-inner tf_box tf_w\">\n                        <!-- module text -->\n<div  class=\"module module-text tb_2nda767  repeat \" data-lazy=\"1\">\n        <div  class=\"tb_text_wrap\">\n    <p><iframe loading=\"lazy\" src=\"https:\/\/www.youtube.com\/embed\/DzyHLGFA8rg?rel=0&amp;modestbranding=1\" width=\"560\" height=\"315\" frameborder=\"0\" allowfullscreen=\"allowfullscreen\"><\/iframe><\/p>\n    <\/div>\n<\/div>\n<!-- \/module text -->                    <\/div>\n                            <\/div>\n                        <div  data-lazy=\"1\" class=\"module_column sub_column col4-2 tb_eh1u767 last\">\n                                                        <div class=\"tb-column-inner tf_box tf_w\">\n                        <!-- module text -->\n<div  class=\"module module-text tb_trm3767  repeat \" data-lazy=\"1\">\n        <div  class=\"tb_text_wrap\">\n    <p><br>EcoStretchRoll<\/p>    <\/div>\n<\/div>\n<!-- \/module text --><!-- module text -->\n<div  class=\"module module-text tb_9obp767  repeat \" data-lazy=\"1\">\n        <div  class=\"tb_text_wrap\">\n    <h6 style=\"text-align: left;\"><br><span style=\"font-size: 19.36px;\">\u00dcberpr\u00fcfen Sie die Funktion der Streuwalze.<\/span><\/h6>    <\/div>\n<\/div>\n<!-- \/module text -->                    <\/div>\n                            <\/div>\n            \t    <\/div>\n\t<\/div><!-- \/themify_builder_sub_row -->\n\t\t<div  data-lazy=\"1\" class=\"module_subrow themify_builder_sub_row tb_ops6342 tf_w tf_clearfix\">\n\t    \t\t\t<div class=\"subrow_inner col_align_top gutter-none tb_col_count_2 tf_box tf_w\">\n\t\t            <div  data-lazy=\"1\" class=\"module_column sub_column col4-2 tb_46wj342 first\">\n                                                        <div class=\"tb-column-inner tf_box tf_w\">\n                        <!-- module text -->\n<div  class=\"module module-text tb_rcrf342  repeat \" data-lazy=\"1\">\n        <div  class=\"tb_text_wrap\">\n    <p><iframe loading=\"lazy\" src=\"https:\/\/www.youtube.com\/embed\/FHoqoutFBA4?rel=0&amp;modestbranding=1\" width=\"560\" height=\"315\" frameborder=\"0\" allowfullscreen=\"allowfullscreen\"><\/iframe><\/p>\n    <\/div>\n<\/div>\n<!-- \/module text -->                    <\/div>\n                            <\/div>\n                        <div  data-lazy=\"1\" class=\"module_column sub_column col4-2 tb_bwgw342 last\">\n                                                        <div class=\"tb-column-inner tf_box tf_w\">\n                        <!-- module text -->\n<div  class=\"module module-text tb_eihr342  repeat \" data-lazy=\"1\">\n        <div  class=\"tb_text_wrap\">\n    <p><br>Hochregallager<\/p>    <\/div>\n<\/div>\n<!-- \/module text --><!-- module text -->\n<div  class=\"module module-text tb_lstv342  repeat \" data-lazy=\"1\">\n        <div  class=\"tb_text_wrap\">\n    <h6 style=\"text-align: left;\"><br>Verfolgen Sie die \u201eReise\u201c des Stahls durch das automatische Lager mit den Augen einer 360\u00b0-Kamera!<\/h6>    <\/div>\n<\/div>\n<!-- \/module text -->                    <\/div>\n                            <\/div>\n            \t    <\/div>\n\t<\/div><!-- \/themify_builder_sub_row -->\n\t\t<div  data-lazy=\"1\" class=\"module_subrow themify_builder_sub_row tb_njhp343 tf_w tf_clearfix\">\n\t    \t\t\t<div class=\"subrow_inner col_align_top gutter-none tb_col_count_2 tf_box tf_w\">\n\t\t            <div  data-lazy=\"1\" class=\"module_column sub_column col4-2 tb_skbc343 first\">\n                                                        <div class=\"tb-column-inner tf_box tf_w\">\n                        <!-- module text -->\n<div  class=\"module module-text tb_3ziq343  repeat \" data-lazy=\"1\">\n        <div  class=\"tb_text_wrap\">\n    <p><iframe loading=\"lazy\" src=\"https:\/\/www.youtube.com\/embed\/0oQeUWYjDh8?rel=0&amp;modestbranding=1\" width=\"560\" height=\"315\" frameborder=\"0\" allowfullscreen=\"allowfullscreen\"><\/iframe><\/p>\n    <\/div>\n<\/div>\n<!-- \/module text -->                    <\/div>\n                            <\/div>\n                        <div  data-lazy=\"1\" class=\"module_column sub_column col4-2 tb_eq3i343 last\">\n                                                        <div class=\"tb-column-inner tf_box tf_w\">\n                        <!-- module text -->\n<div  class=\"module module-text tb_hwca343  repeat \" data-lazy=\"1\">\n        <div  class=\"tb_text_wrap\">\n    <p><br>Profil-Durchlaufregal KANYA<\/p>    <\/div>\n<\/div>\n<!-- \/module text --><!-- module text -->\n<div  class=\"module module-text tb_gegd343  repeat \" data-lazy=\"1\">\n        <div  class=\"tb_text_wrap\">\n    <h6><br>Sehen Sie, wie eine Aluminiumprofilstruktur Schritt f\u00fcr Schritt entsteht.<\/h6>    <\/div>\n<\/div>\n<!-- \/module text -->                    <\/div>\n                            <\/div>\n            \t    <\/div>\n\t<\/div><!-- \/themify_builder_sub_row -->\n\t                    <\/div>\n                            <\/div>\n            \t    <\/div>\n\t    <!-- \/row_inner -->\n\t<\/div>\n\t<!-- \/module_row -->\n\t<\/div>\n<!--\/themify_builder_content-->","protected":false},"excerpt":{"rendered":"<p>Videogalerie Verfolgen Sie unsere YouTube-Videos, um einen besseren Eindruck von unseren Dienstleistungen, Produkten und neuesten Projekten zu bekommen! \u00a0 W\u00c4HLEN SIE EINE KATEGORIE ODER SEHEN SIE SICH ALLE VIDEOS AN \u00fcber uns DIENSTLEISTUNGEN PRODUKTE CNC-Drehen und CNC-Fr\u00e4sen Entdecken Sie unsere Neuheit im Angebot &#8211; CNC! Kunststoff schneiden Sehen Sie, wie wir Ihre Polyethylen-Bestellung bearbeiten. EcoStretchRoll [&hellip;]<\/p>\n","protected":false},"author":5,"featured_media":0,"parent":0,"menu_order":0,"comment_status":"closed","ping_status":"closed","template":"","meta":{"om_disable_all_campaigns":false},"builder_content":"<h3>Videogalerie<\/h3>\n\n<p><b>Verfolgen Sie unsere YouTube-Videos<\/b>, um einen besseren Eindruck von unseren Dienstleistungen, Produkten und neuesten Projekten zu bekommen!<\/p> \u00a0\n<h6 style=\"text-align: center;\"><b>W\u00c4HLEN SIE EINE KATEGORIE <\/b>ODER SEHEN SIE SICH ALLE VIDEOS AN<\/h6>\n<a href=\"\/de\/lernen-sie-uns-kennen\/\" > \u00fcber uns <\/a>\n<a href=\"\/de\/dienstleistungen\/\" > DIENSTLEISTUNGEN <\/a>\n<a href=\"\/de\/produkte\/\" > PRODUKTE <\/a>\n<p><iframe loading=\"lazy\" src=\"https:\/\/www.youtube.com\/embed\/T97vrLFcbC0?rel=0&amp;modestbranding=1\" width=\"560\" height=\"315\" frameborder=\"0\" allowfullscreen=\"allowfullscreen\"><\/iframe><\/p>\n<p><br>CNC-Drehen und CNC-Fr\u00e4sen<\/p>\n<h6 style=\"text-align: left;\">Entdecken Sie unsere Neuheit im Angebot - CNC!<\/h6>\n<p><iframe loading=\"lazy\" src=\"https:\/\/www.youtube.com\/embed\/PLfwRtQAacw?rel=0&amp;modestbranding=1\" width=\"560\" height=\"315\" frameborder=\"0\" allowfullscreen=\"allowfullscreen\"><\/iframe><\/p>\n<p><br>Kunststoff schneiden<\/p>\n<h6 style=\"text-align: left;\"><br>Sehen Sie, wie wir Ihre Polyethylen-Bestellung bearbeiten.<\/h6>\n<p><iframe loading=\"lazy\" src=\"https:\/\/www.youtube.com\/embed\/DzyHLGFA8rg?rel=0&amp;modestbranding=1\" width=\"560\" height=\"315\" frameborder=\"0\" allowfullscreen=\"allowfullscreen\"><\/iframe><\/p>\n<p><br>EcoStretchRoll<\/p>\n<h6 style=\"text-align: left;\"><br>\u00dcberpr\u00fcfen Sie die Funktion der Streuwalze.<\/h6>\n<p><iframe loading=\"lazy\" src=\"https:\/\/www.youtube.com\/embed\/FHoqoutFBA4?rel=0&amp;modestbranding=1\" width=\"560\" height=\"315\" frameborder=\"0\" allowfullscreen=\"allowfullscreen\"><\/iframe><\/p>\n<p><br>Hochregallager<\/p>\n<h6 style=\"text-align: left;\"><br>Verfolgen Sie die \u201eReise\u201c des Stahls durch das automatische Lager mit den Augen einer 360\u00b0-Kamera!<\/h6>\n<p><iframe loading=\"lazy\" src=\"https:\/\/www.youtube.com\/embed\/0oQeUWYjDh8?rel=0&amp;modestbranding=1\" width=\"560\" height=\"315\" frameborder=\"0\" allowfullscreen=\"allowfullscreen\"><\/iframe><\/p>\n<p><br>Profil-Durchlaufregal KANYA<\/p>\n<h6><br>Sehen Sie, wie eine Aluminiumprofilstruktur Schritt f\u00fcr Schritt entsteht.<\/h6>","_links":{"self":[{"href":"https:\/\/jordan-matcon.pl\/de\/wp-json\/wp\/v2\/pages\/11417"}],"collection":[{"href":"https:\/\/jordan-matcon.pl\/de\/wp-json\/wp\/v2\/pages"}],"about":[{"href":"https:\/\/jordan-matcon.pl\/de\/wp-json\/wp\/v2\/types\/page"}],"author":[{"embeddable":true,"href":"https:\/\/jordan-matcon.pl\/de\/wp-json\/wp\/v2\/users\/5"}],"replies":[{"embeddable":true,"href":"https:\/\/jordan-matcon.pl\/de\/wp-json\/wp\/v2\/comments?post=11417"}],"version-history":[{"count":19,"href":"https:\/\/jordan-matcon.pl\/de\/wp-json\/wp\/v2\/pages\/11417\/revisions"}],"predecessor-version":[{"id":12545,"href":"https:\/\/jordan-matcon.pl\/de\/wp-json\/wp\/v2\/pages\/11417\/revisions\/12545"}],"wp:attachment":[{"href":"https:\/\/jordan-matcon.pl\/de\/wp-json\/wp\/v2\/media?parent=11417"}],"curies":[{"name":"wp","href":"https:\/\/api.w.org\/{rel}","templated":true}]}}